{"id":87287,"date":"2026-01-14T13:03:16","date_gmt":"2026-01-14T10:03:16","guid":{"rendered":"https:\/\/vbd.dev.sumena.ee\/?post_type=product&#038;p=87287"},"modified":"2026-02-12T15:56:38","modified_gmt":"2026-02-12T12:56:38","slug":"wasabi-pasta-japanese-choice-43g","status":"publish","type":"product","link":"https:\/\/vbd.dev.sumena.ee\/lv\/products-2\/wasabi-pasta-japanese-choice-43g\/","title":{"rendered":"Wasabi pasta, JAPANESE CHOICE, 43g"},"content":{"rendered":"<p><strong>Sast\u0101vda\u013cas:<\/strong> R\u012bv\u0113tais red\u012bss, saldin\u0101t\u0101js: sorbitols (E420), wasabi 15%, s\u0101ls, SOJA e\u013c\u013ca, kukur\u016bzas ciete, MUST\u0100SINEPA pulveris, kurkuma, dab\u012bga wasabi aromatviela, kr\u0101sviela: hlorofils (E141)<\/p>\n<h3 class=\"b-product-info--info-3-title\">Uzturv\u0113rt\u012bba (100 g\/ml)<\/h3>\n<div class=\"row\">\n<div class=\"col-md-4\">\n<table class=\"table table-striped table-condensed\">\n<tbody>\n<tr>\n<td>Ener\u0123ija<\/td>\n<td class=\"b-text-right\">1082,00 kJ \/ 258,00 Kcal<\/td>\n<\/tr>\n<tr>\n<td>Tauki<\/td>\n<td class=\"b-text-right\">9,20 g<\/td>\n<\/tr>\n<tr>\n<td>no k\u0101 pies\u0101tin\u0101t\u0101s tauksk\u0101bes<\/td>\n<td class=\"b-text-right\">2,90 g<\/td>\n<\/tr>\n<tr>\n<td>Og\u013chidr\u0101ti<\/td>\n<td class=\"b-text-right\">39,00 g<\/td>\n<\/tr>\n<tr>\n<td>no k\u0101 cukuriem<\/td>\n<td class=\"b-text-right\">8,20 g<\/td>\n<\/tr>\n<tr>\n<td>Olbaltumvielas<\/td>\n<td class=\"b-text-right\">3,80 g<\/td>\n<\/tr>\n<tr>\n<td>S\u0101ls<\/td>\n<td class=\"b-text-right\">5,80 g<\/td>\n<\/tr>\n<\/tbody>\n<\/table>\n<\/div>\n<\/div>","protected":false},"excerpt":{"rendered":"<p>Koostisosad: M\u00e4dar\u00f5igas, magusaine: sorbitool (E420), wasabi 15%, sool, SOJA\u00f5li, maisit\u00e4rklis, SINEPIpulber, kurkum, naturaalne wasabi maitseaine, v\u00e4rvaine: klorof\u00fcll (E141) Toitev\u00e4\u00e4rtus (100 g\/ml) Energiat 1082,00 kJ \/ 258,00 Kcal Rasvad 9,20 g millest k\u00fcllastunud rasvhappeid 2,90 g S\u00fcsivesikud 39,00 g millest suhkruid 8,20 g Valgud 3,80 g Sool 5,80 g<\/p>","protected":false},"featured_media":87288,"comment_status":"open","ping_status":"closed","template":"","meta":{"_acf_changed":false},"product_brand":[],"product_cat":[83],"product_tag":[],"class_list":{"0":"post-87287","1":"product","2":"type-product","3":"status-publish","4":"has-post-thumbnail","6":"product_cat-kastmed-olid","8":"first","9":"instock","10":"sale","11":"taxable","12":"shipping-taxable","13":"purchasable","14":"product-type-simple"},"supplier_id":null,"supplier_sku":"","barcode":null,"atum_controlled":true,"out_stock_date":null,"out_stock_threshold":null,"inheritable":false,"inbound_stock":0,"stock_on_hold":15,"sold_today":14,"sales_last_days":54,"reserved_stock":0,"customer_returns":0,"warehouse_damage":0,"lost_in_post":0,"other_logs":0,"out_stock_days":0,"lost_sales":0,"has_location":false,"update_date":"2026-02-12T12:59:19","atum_locations":[],"atum_stock_status":"instock","restock_status":false,"low_stock_amount":"","sales_update_date":"2026-02-12T12:59:09","calc_backorders":null,"acf":[],"_links":{"self":[{"href":"https:\/\/vbd.dev.sumena.ee\/lv\/wp-json\/wp\/v2\/product\/87287","targetHints":{"allow":["GET"]}}],"collection":[{"href":"https:\/\/vbd.dev.sumena.ee\/lv\/wp-json\/wp\/v2\/product"}],"about":[{"href":"https:\/\/vbd.dev.sumena.ee\/lv\/wp-json\/wp\/v2\/types\/product"}],"replies":[{"embeddable":true,"href":"https:\/\/vbd.dev.sumena.ee\/lv\/wp-json\/wp\/v2\/comments?post=87287"}],"wp:featuredmedia":[{"embeddable":true,"href":"https:\/\/vbd.dev.sumena.ee\/lv\/wp-json\/wp\/v2\/media\/87288"}],"wp:attachment":[{"href":"https:\/\/vbd.dev.sumena.ee\/lv\/wp-json\/wp\/v2\/media?parent=87287"}],"wp:term":[{"taxonomy":"product_brand","embeddable":true,"href":"https:\/\/vbd.dev.sumena.ee\/lv\/wp-json\/wp\/v2\/product_brand?post=87287"},{"taxonomy":"product_cat","embeddable":true,"href":"https:\/\/vbd.dev.sumena.ee\/lv\/wp-json\/wp\/v2\/product_cat?post=87287"},{"taxonomy":"product_tag","embeddable":true,"href":"https:\/\/vbd.dev.sumena.ee\/lv\/wp-json\/wp\/v2\/product_tag?post=87287"}],"curies":[{"name":"wp","href":"https:\/\/api.w.org\/{rel}","templated":true}]}}