{"id":86141,"date":"2026-01-15T18:21:39","date_gmt":"2026-01-15T15:21:39","guid":{"rendered":"https:\/\/vbd.dev.sumena.ee\/?post_type=product&#038;p=86141"},"modified":"2026-02-12T10:41:59","modified_gmt":"2026-02-12T07:41:59","slug":"piimasokolaadikommid-daimiga-marabou-67g","status":"publish","type":"product","link":"https:\/\/vbd.dev.sumena.ee\/lv\/products-2\/piimasokolaadikommid-daimiga-marabou-67g\/","title":{"rendered":"Piens\u030cokol\u0101des konfekte ar Daim Marabou 67g"},"content":{"rendered":"<p>Sast\u0101vda\u013cas:<\/p>\n<ul class=\"list\">\n<li class=\"item\">cukurs, kakao sviests, kakao masa, VADAKUpulber (PIENS), L\u0100\u010cIpulber, palmu e\u013c\u013ca, PIENA tauki, VADAKU perme\u0101ts (PIENS), MAND\u012aLES (1%), emulgators (SOJAS lecit\u012bns), saldin\u0101ts kondens\u0113ts L\u0100\u010cI, s\u0101ls, aromatiz\u0113t\u0101js un gar\u0161viela<\/li>\n<li>\n<div class=\"product__list-wrapper\">\n<p class=\"heading\">Uztura v\u0113rt\u012bba<\/p>\n<ul class=\"list\">\n<li class=\"item\">Daudzums uz 100g\/ml<\/li>\n<\/ul>\n<\/div>\n<div class=\"product__table\">\n<div>\n<table>\n<thead>\n<tr>\n<th>Baro\u0161ana<\/th>\n<th>Daudzums uz 100g\/ml<\/th>\n<\/tr>\n<\/thead>\n<tbody>\n<tr>\n<td>ener\u0123ija<\/td>\n<td>2265 kJ\/ 540 kcal<\/td>\n<\/tr>\n<tr>\n<td>tauki<\/td>\n<td>31,5 g<\/td>\n<\/tr>\n<tr>\n<td class=\"indent\">no kuriem pies\u0101tin\u0101t\u0101s tauksk\u0101bes<\/td>\n<td>18,5 g<\/td>\n<\/tr>\n<tr>\n<td>og\u013chidr\u0101ts<\/td>\n<td>59 g<\/td>\n<\/tr>\n<tr>\n<td class=\"indent\">no kuriem cukuri<\/td>\n<td>58,5 g<\/td>\n<\/tr>\n<tr>\n<td>prote\u012bns<\/td>\n<td>4.1 g<\/td>\n<\/tr>\n<tr>\n<td>s\u0101ls<\/td>\n<td>0,5 g<\/td>\n<\/tr>\n<\/tbody>\n<\/table>\n<\/div>\n<\/div>\n<\/li>\n<\/ul>","protected":false},"excerpt":{"rendered":"<p>Sast\u0101vda\u013cas: cukurs, kakao sviests, kakao masa, VADAKUpulber (PIENA), LOPUPIENA pulveris, palmu e\u013c\u013ca, PIENA tauki, VADAKU perme\u0101ts (PIENA), MAND\u0112LES (1%), emulgators (SOJA lecit\u012bns), saldin\u0101ts kondens\u0113tais LOPUPIENS, s\u0101ls, aromatiz\u0113t\u0101js un gar\u0161viela Nutrition Facts Amount per 100g\/ml Nutrition Amount per 100g\/ml energy 2265 kJ\/ 540 kcal fat 31.5 g of which saturates 18.5 g carbohydrate 59 g of which sugars 58.5 g protein 4.1 g [&hellip;]<\/p>","protected":false},"featured_media":86142,"comment_status":"open","ping_status":"closed","template":"","meta":{"_acf_changed":false},"product_brand":[],"product_cat":[77,78],"product_tag":[],"class_list":{"0":"post-86141","1":"product","2":"type-product","3":"status-publish","4":"has-post-thumbnail","6":"product_cat-maiustused","7":"product_cat-kommid","9":"first","10":"instock","11":"sale","12":"taxable","13":"shipping-taxable","14":"purchasable","15":"product-type-simple"},"supplier_id":22780,"supplier_sku":"","barcode":null,"atum_controlled":true,"out_stock_date":null,"out_stock_threshold":null,"inheritable":false,"inbound_stock":0,"stock_on_hold":6,"sold_today":2,"sales_last_days":434,"reserved_stock":0,"customer_returns":0,"warehouse_damage":0,"lost_in_post":0,"other_logs":0,"out_stock_days":0,"lost_sales":0,"has_location":false,"update_date":"2026-02-12T14:20:10","atum_locations":[],"atum_stock_status":"instock","restock_status":true,"low_stock_amount":"","sales_update_date":"2026-02-12T14:20:02","calc_backorders":null,"acf":[],"_links":{"self":[{"href":"https:\/\/vbd.dev.sumena.ee\/lv\/wp-json\/wp\/v2\/product\/86141","targetHints":{"allow":["GET"]}}],"collection":[{"href":"https:\/\/vbd.dev.sumena.ee\/lv\/wp-json\/wp\/v2\/product"}],"about":[{"href":"https:\/\/vbd.dev.sumena.ee\/lv\/wp-json\/wp\/v2\/types\/product"}],"replies":[{"embeddable":true,"href":"https:\/\/vbd.dev.sumena.ee\/lv\/wp-json\/wp\/v2\/comments?post=86141"}],"wp:featuredmedia":[{"embeddable":true,"href":"https:\/\/vbd.dev.sumena.ee\/lv\/wp-json\/wp\/v2\/media\/86142"}],"wp:attachment":[{"href":"https:\/\/vbd.dev.sumena.ee\/lv\/wp-json\/wp\/v2\/media?parent=86141"}],"wp:term":[{"taxonomy":"product_brand","embeddable":true,"href":"https:\/\/vbd.dev.sumena.ee\/lv\/wp-json\/wp\/v2\/product_brand?post=86141"},{"taxonomy":"product_cat","embeddable":true,"href":"https:\/\/vbd.dev.sumena.ee\/lv\/wp-json\/wp\/v2\/product_cat?post=86141"},{"taxonomy":"product_tag","embeddable":true,"href":"https:\/\/vbd.dev.sumena.ee\/lv\/wp-json\/wp\/v2\/product_tag?post=86141"}],"curies":[{"name":"wp","href":"https:\/\/api.w.org\/{rel}","templated":true}]}}