{"id":86139,"date":"2026-01-15T18:20:20","date_gmt":"2026-01-15T15:20:20","guid":{"rendered":"https:\/\/vbd.dev.sumena.ee\/?post_type=product&#038;p=86139"},"modified":"2026-02-12T10:41:59","modified_gmt":"2026-02-12T07:41:59","slug":"piimasokolaadikommid-marabou-74g","status":"publish","type":"product","link":"https:\/\/vbd.dev.sumena.ee\/lv\/products-2\/piimasokolaadikommid-marabou-74g\/","title":{"rendered":"Piena \u0161okol\u0101des konfektes, Marabou, 74g"},"content":{"rendered":"<div class=\"product__list-wrapper\">\n<p class=\"heading\">Sast\u0101vs<\/p>\n<ul class=\"list\">\n<li class=\"item\">cukurs, kakao sviests, kakao masa, VADAKUpulber (NO PIENA), L\u0112TPIENA pulveris, PIENA tauki, VADAKU perme\u0101ts (NO PIENA), emulgators (SOJAS lecit\u012bns), aromatiz\u0113t\u0101ji un gar\u0161as vielas<\/li>\n<\/ul>\n<\/div>\n<div class=\"product__list-wrapper -simple\">\n<p class=\"heading\">Papildus inform\u0101cija<\/p>\n<ul class=\"list\">\n<li class=\"item\">piens\u030cokol\u0101d\u0113 kakao sausviela vismaz 30%<\/li>\n<li class=\"item\">Minim\u0101l\u0101 uzglab\u0101\u0161anas temperat\u016bra: 5\u00b0 C<\/li>\n<li class=\"item\">Maksim\u0101l\u0101 uzglab\u0101\u0161anas temperat\u016bra: 25\u00b0 C<\/li>\n<\/ul>\n<\/div>\n<div class=\"product__list-wrapper\">\n<p class=\"heading\">Uzturv\u0113rt\u012bba<\/p>\n<ul class=\"list\">\n<li class=\"item\">Daudzums uz 100 g\/ml<\/li>\n<\/ul>\n<\/div>\n<div class=\"product__table\">\n<div>\n<table>\n<thead>\n<tr>\n<th>Uzturv\u0113rt\u012bba<\/th>\n<th>Daudzums uz 100 g\/ml<\/th>\n<\/tr>\n<\/thead>\n<tbody>\n<tr>\n<td>ener\u0123ijas saturs<\/td>\n<td>2290 kJ\/ 550 kcal<\/td>\n<\/tr>\n<tr>\n<td>tauki<\/td>\n<td>32 g<\/td>\n<\/tr>\n<tr>\n<td class=\"indent\">no kurienes pies\u0101tin\u0101t\u0101s tauksk\u0101bes<\/td>\n<td>19,5 g<\/td>\n<\/tr>\n<tr>\n<td>og\u013chidr\u0101ti<\/td>\n<td>59 g<\/td>\n<\/tr>\n<tr>\n<td class=\"indent\">no k\u0101 cukuriem<\/td>\n<td>58,5 g<\/td>\n<\/tr>\n<tr>\n<td>olbaltumvielas<\/td>\n<td>4.6 g<\/td>\n<\/tr>\n<tr>\n<td>s\u0101ls<\/td>\n<td>0,3 g<\/td>\n<\/tr>\n<\/tbody>\n<\/table>\n<\/div>\n<\/div>\n<div class=\"price-wrapper\">\n<div class=\"price\"><\/div>\n<\/div>","protected":false},"excerpt":{"rendered":"<p>Sast\u0101vda\u013cas cukurs, kakao sviests, kakao masa, VADAKUpulber (PIENA), L\u00d5SSIpulber, PIENA tauki, VADAKU perme\u0101ts (NO PIENA), emulgators (SOJAslecit\u012bns), aromatiz\u0113t\u0101ji un gar\u0161as vielas Papildinform\u0101cija piena \u0161okol\u0101d\u0113 kakao sausviela vismaz 30% Min uzglab\u0101\u0161anas temperat\u016bra: 5\u00b0 C Max uzglab\u0101\u0161anas temperat\u016bra: 25\u00b0 C Uzturv\u0113rt\u012bbas inform\u0101cija Uz 100 g\/ml Ener\u0123\u0113tisk\u0101 v\u0113rt\u012bba Uz 100 g\/ml ener\u0123\u0113tisk\u0101 v\u0113rt\u012bba 2290 kJ\/ 550 kcal tauki 32 g no kuriem pies\u0101tin\u0101t\u0101s tauksk\u0101bes 19.5 g [&hellip;]<\/p>","protected":false},"featured_media":86140,"comment_status":"closed","ping_status":"closed","template":"","meta":{"_acf_changed":false},"product_brand":[],"product_cat":[77,78],"product_tag":[],"class_list":{"0":"post-86139","1":"product","2":"type-product","3":"status-publish","4":"has-post-thumbnail","6":"product_cat-maiustused","7":"product_cat-kommid","9":"first","10":"instock","11":"sale","12":"taxable","13":"shipping-taxable","14":"purchasable","15":"product-type-simple"},"supplier_id":22780,"supplier_sku":"","barcode":null,"atum_controlled":true,"out_stock_date":null,"out_stock_threshold":null,"inheritable":false,"inbound_stock":0,"stock_on_hold":9,"sold_today":3,"sales_last_days":444,"reserved_stock":0,"customer_returns":0,"warehouse_damage":0,"lost_in_post":0,"other_logs":0,"out_stock_days":0,"lost_sales":0,"has_location":false,"update_date":"2026-02-12T14:58:10","atum_locations":[],"atum_stock_status":"instock","restock_status":false,"low_stock_amount":"","sales_update_date":"2026-02-12T14:58:01","calc_backorders":null,"acf":[],"_links":{"self":[{"href":"https:\/\/vbd.dev.sumena.ee\/lv\/wp-json\/wp\/v2\/product\/86139","targetHints":{"allow":["GET"]}}],"collection":[{"href":"https:\/\/vbd.dev.sumena.ee\/lv\/wp-json\/wp\/v2\/product"}],"about":[{"href":"https:\/\/vbd.dev.sumena.ee\/lv\/wp-json\/wp\/v2\/types\/product"}],"replies":[{"embeddable":true,"href":"https:\/\/vbd.dev.sumena.ee\/lv\/wp-json\/wp\/v2\/comments?post=86139"}],"wp:featuredmedia":[{"embeddable":true,"href":"https:\/\/vbd.dev.sumena.ee\/lv\/wp-json\/wp\/v2\/media\/86140"}],"wp:attachment":[{"href":"https:\/\/vbd.dev.sumena.ee\/lv\/wp-json\/wp\/v2\/media?parent=86139"}],"wp:term":[{"taxonomy":"product_brand","embeddable":true,"href":"https:\/\/vbd.dev.sumena.ee\/lv\/wp-json\/wp\/v2\/product_brand?post=86139"},{"taxonomy":"product_cat","embeddable":true,"href":"https:\/\/vbd.dev.sumena.ee\/lv\/wp-json\/wp\/v2\/product_cat?post=86139"},{"taxonomy":"product_tag","embeddable":true,"href":"https:\/\/vbd.dev.sumena.ee\/lv\/wp-json\/wp\/v2\/product_tag?post=86139"}],"curies":[{"name":"wp","href":"https:\/\/api.w.org\/{rel}","templated":true}]}}