{"id":84674,"date":"2025-09-23T08:39:34","date_gmt":"2025-09-23T05:39:34","guid":{"rendered":"https:\/\/vbd.dev.sumena.ee\/?post_type=product&#038;p=84674"},"modified":"2026-02-10T21:17:37","modified_gmt":"2026-02-10T18:17:37","slug":"energiajook-pandy-power-330ml","status":"publish","type":"product","link":"https:\/\/vbd.dev.sumena.ee\/lv\/products-2\/energiajook-pandy-power-330ml\/","title":{"rendered":"Ener\u0123ijas dz\u0113riens P\u00e4ndy Power 330ml"},"content":{"rendered":"<p><strong>Sast\u0101vs<\/strong>: G\u0101z\u0113ts \u016bdens, sk\u0101buma regulators (citronsk\u0101be, n\u0101trija citr\u0101ti), antioksidants (askorb\u012bnsk\u0101be), kofe\u012bns (0,03%), saldin\u0101t\u0101ji (sukraloze, ciklam\u0101ti), p\u0101rtikas kr\u0101sas (karot\u012bni), smar\u017eas un aromatiz\u0113t\u0101js, konservanti (\u0101frik\u0101\u0146u baltais sve\u0137is, Kampoli glicer\u012blestri).<\/p>\n<p>Ieteicam\u0101 maksim\u0101l\u0101 diennakts deva 2\u20133 bund\u017eas. Produkts nav ieteicams b\u0113rniem, gr\u016btniec\u0113m un sieviet\u0113m, kas baro ar kr\u016bti. Augsts kofe\u012bna saturs (30 mg\/100 ml)<\/p>","protected":false},"excerpt":{"rendered":"<p>Lab\u0101kais l\u012bdz: 09.08.2026 Daudzumiepakojums: 24<\/p>","protected":false},"featured_media":84676,"comment_status":"open","ping_status":"closed","template":"","meta":{"_acf_changed":false},"product_brand":[],"product_cat":[177,90,79],"product_tag":[],"class_list":{"0":"post-84674","1":"product","2":"type-product","3":"status-publish","4":"has-post-thumbnail","6":"product_cat-karastus-ja-energiajoogid-toonikud-muu","7":"product_cat-pant","8":"product_cat-joogid","10":"first","11":"instock","12":"sale","13":"taxable","14":"shipping-taxable","15":"purchasable","16":"product-type-simple"},"supplier_id":null,"supplier_sku":"","barcode":null,"atum_controlled":true,"out_stock_date":null,"out_stock_threshold":null,"inheritable":false,"inbound_stock":0,"stock_on_hold":0,"sold_today":0,"sales_last_days":26,"reserved_stock":0,"customer_returns":0,"warehouse_damage":0,"lost_in_post":0,"other_logs":0,"out_stock_days":0,"lost_sales":0,"has_location":false,"update_date":"2026-02-12T09:58:49","atum_locations":[],"atum_stock_status":"instock","restock_status":true,"low_stock_amount":"","sales_update_date":"2026-02-12T09:58:41","calc_backorders":null,"acf":[],"_links":{"self":[{"href":"https:\/\/vbd.dev.sumena.ee\/lv\/wp-json\/wp\/v2\/product\/84674","targetHints":{"allow":["GET"]}}],"collection":[{"href":"https:\/\/vbd.dev.sumena.ee\/lv\/wp-json\/wp\/v2\/product"}],"about":[{"href":"https:\/\/vbd.dev.sumena.ee\/lv\/wp-json\/wp\/v2\/types\/product"}],"replies":[{"embeddable":true,"href":"https:\/\/vbd.dev.sumena.ee\/lv\/wp-json\/wp\/v2\/comments?post=84674"}],"wp:featuredmedia":[{"embeddable":true,"href":"https:\/\/vbd.dev.sumena.ee\/lv\/wp-json\/wp\/v2\/media\/84676"}],"wp:attachment":[{"href":"https:\/\/vbd.dev.sumena.ee\/lv\/wp-json\/wp\/v2\/media?parent=84674"}],"wp:term":[{"taxonomy":"product_brand","embeddable":true,"href":"https:\/\/vbd.dev.sumena.ee\/lv\/wp-json\/wp\/v2\/product_brand?post=84674"},{"taxonomy":"product_cat","embeddable":true,"href":"https:\/\/vbd.dev.sumena.ee\/lv\/wp-json\/wp\/v2\/product_cat?post=84674"},{"taxonomy":"product_tag","embeddable":true,"href":"https:\/\/vbd.dev.sumena.ee\/lv\/wp-json\/wp\/v2\/product_tag?post=84674"}],"curies":[{"name":"wp","href":"https:\/\/api.w.org\/{rel}","templated":true}]}}