{"id":79829,"date":"2026-01-28T15:10:51","date_gmt":"2026-01-28T12:10:51","guid":{"rendered":"https:\/\/vbd.dev.sumena.ee\/?post_type=product&#038;p=79829"},"modified":"2026-02-12T18:23:21","modified_gmt":"2026-02-12T15:23:21","slug":"suitsune-tsillikaste-felix-270-g","status":"publish","type":"product","link":"https:\/\/vbd.dev.sumena.ee\/lv\/products-2\/suitsune-tsillikaste-felix-270-g\/","title":{"rendered":"Smoked \u010dili m\u0113rce, FELIX, 270 g"},"content":{"rendered":"<div class=\"Accordion AttributeAccordion\" data-v-28ef612e=\"\">\n<div class=\"Accordion__content\">\n<div class=\"AttributeAccordion__content\" data-v-28ef612e=\"\">Felixi k\u016bpin\u0101t\u0101 \u010dili m\u0113rce ir lielisks papildin\u0101jums daudzveid\u012bgiem \u0113dieniem, piem\u0113ram, gril\u0113tiem \u0113dieniem, ga\u013cai, d\u0101rze\u0146iem, sendvi\u010diem, burgeriem, wrapiem un olu \u0113dieniem. M\u0113rcei pikantumu pie\u0161\u0137ir \u010dili un Kaj\u0113nas pipari, bet kr\u0101su un gar\u0161u \u2013 ar\u012b tom\u0101tu pasta. K\u016bpin\u0101t\u0101 \u010dili m\u0113rce ir piem\u0113rota veg\u0101niem un ir labs Omega-3 tauksk\u0101bju avots.<\/div>\n<\/div>\n<\/div>\n<div class=\"Accordion AttributeAccordion\" data-v-28ef612e=\"\"><\/div>\n<div class=\"Accordion AttributeAccordion\" data-v-28ef612e=\"\">\n<div class=\"Accordion__content\">\n<div class=\"AttributeAccordion__content\" data-v-28ef612e=\"\">\n<p>Sast\u0101vda\u013cas: rap\u0161u e\u013c\u013ca, dzeram\u0101 \u016bdens, brendija eti\u0137is, cukurs, tom\u0101tu pasta, sinepes (dzeram\u0101 \u016bdens, sinepju s\u0113klas, cukurs, eti\u0137is, s\u0101ls, gar\u0161vielas), spirta eti\u0137is, jod\u0113ta s\u0101ls, stabilizators (modific\u0113ts kartupe\u013cu un kukur\u016bzas ciete, dekstroze), \u010dili pipars (0,6\u202f%), \u017e\u0101v\u0113ts \u0137iploks, Kaj\u0113nas pipars, k\u016bpin\u0101juma aromatiz\u0113t\u0101ji un gar\u0161vielas, s\u012bpolu pulveris, \u0137iploku aromatiz\u0113t\u0101js, konservants (E202), biezin\u0101t\u0101ji (E415, E412), antioksidants (E385).\nVar satur\u0113t nelielu daudzumu zemesriekstu.<\/p>\n<p>* Produkta sast\u0101vs var main\u012bties. Pirms produkta lieto\u0161anas p\u0101rbaudiet uz iepakojuma nor\u0101d\u012bt\u0101s sast\u0101vda\u013cas.<\/p>\n<\/div>\n<\/div>\n<\/div>\n<div class=\"Accordion AttributeAccordion\" data-v-28ef612e=\"\"><\/div>\n<div class=\"Accordion AttributeAccordion\" data-v-28ef612e=\"\">\n<div class=\"Accordion__content\">\n<div class=\"AttributeAccordion__content\" data-v-28ef612e=\"\">\n<div data-v-33cd2938=\"\">\n<table class=\"ProductNutrition\" data-v-33cd2938=\"\">\n<tbody data-v-33cd2938=\"\">\n<tr data-v-33cd2938=\"\">\n<th class=\"ProductNutrition__title\" colspan=\"2\" data-v-33cd2938=\"\">uz 100 gramiem<\/th>\n<\/tr>\n<tr data-v-33cd2938=\"\">\n<th class=\"ProductNutrition__label\" data-v-33cd2938=\"\">Ener\u0123ijas saturs (kJ\/kcal)<\/th>\n<td class=\"ProductNutrition__value\" data-v-33cd2938=\"\">2506,2kJ\/599kcal<\/td>\n<\/tr>\n<tr data-v-33cd2938=\"\">\n<th class=\"ProductNutrition__label\" data-v-33cd2938=\"\">Tauki (g)<\/th>\n<td class=\"ProductNutrition__value\" data-v-33cd2938=\"\">64<\/td>\n<\/tr>\n<tr data-v-33cd2938=\"\">\n<th class=\"ProductNutrition__label\" data-v-33cd2938=\"\">No\u0101trin\u0101t\u0101s tauksk\u0101bes (g)<\/th>\n<td class=\"ProductNutrition__value\" data-v-33cd2938=\"\">4,50<\/td>\n<\/tr>\n<tr data-v-33cd2938=\"\">\n<th class=\"ProductNutrition__label\" data-v-33cd2938=\"\">Og\u013chidr\u0101ti (g)<\/th>\n<td class=\"ProductNutrition__value\" data-v-33cd2938=\"\">4,90<\/td>\n<\/tr>\n<tr data-v-33cd2938=\"\">\n<th class=\"ProductNutrition__label\" data-v-33cd2938=\"\">No k\u0101diem cukuriem (g)<\/th>\n<td class=\"ProductNutrition__value\" data-v-33cd2938=\"\">3,50<\/td>\n<\/tr>\n<tr data-v-33cd2938=\"\">\n<th class=\"ProductNutrition__label\" data-v-33cd2938=\"\">Olbaltumvielas (g)<\/th>\n<td class=\"ProductNutrition__value\" data-v-33cd2938=\"\">0,40<\/td>\n<\/tr>\n<tr data-v-33cd2938=\"\">\n<th class=\"ProductNutrition__label\" data-v-33cd2938=\"\">S\u0101ls (g)<\/th>\n<td class=\"ProductNutrition__value\" data-v-33cd2938=\"\">0,84<\/td>\n<\/tr>\n<\/tbody>\n<\/table>\n<\/div>\n<\/div>\n<\/div>\n<\/div>\n<div class=\"Accordion AttributeAccordion\" data-v-28ef612e=\"\"><\/div>\n<div class=\"Accordion__content\">\n<div class=\"AttributeAccordion__content\" data-v-28ef612e=\"\">Uzglab\u0101t temperat\u016br\u0101 +2&#8230;+20 \u00b0C, atv\u0113rtu iepakojumu tur\u0113t temperat\u016br\u0101 +2&#8230;+6 \u00b0C<\/div>\n<\/div>","protected":false},"excerpt":{"rendered":"<p>Felixi k\u016bpin\u0101t\u0101 \u010dili m\u0113rce labi papildina \u013coti daudzus \u0113dienus (piem., gril\u0113ti \u0113dieni, ga\u013ca, d\u0101rze\u0146i, sviestmaizes, burgeri, wrapi, olu \u0113dieni). M\u0113rcei asumu pie\u0161\u0137ir \u010dilli un Kaj\u0113nas pipari, bet kr\u0101su un gar\u0161u papildina, cita starp\u0101, tom\u0101tu pasta. K\u016bpin\u0101t\u0101 \u010dili m\u0113rce ir piem\u0113rota ar\u012b veg\u0101niem un ir labs Omega-3 tauksk\u0101bju avots. rap\u0161u e\u013c\u013ca, dzeramais \u016bdens, brendija eti\u0137is, cukurs, tom\u0101tu pasta, DIJONAS MUSTARD (dzeramais \u016bdens, DIJONAS SINEP\u016a S\u0112KLAS, cukurs, eti\u0137is, [&hellip;]<\/p>","protected":false},"featured_media":79830,"comment_status":"open","ping_status":"closed","template":"","meta":{"_acf_changed":false},"product_brand":[],"product_cat":[83],"product_tag":[],"class_list":{"0":"post-79829","1":"product","2":"type-product","3":"status-publish","4":"has-post-thumbnail","6":"product_cat-kastmed-olid","8":"first","9":"instock","10":"sale","11":"taxable","12":"shipping-taxable","13":"purchasable","14":"product-type-simple"},"supplier_id":22786,"supplier_sku":"","barcode":null,"atum_controlled":true,"out_stock_date":null,"out_stock_threshold":null,"inheritable":false,"inbound_stock":0,"stock_on_hold":37,"sold_today":24,"sales_last_days":328,"reserved_stock":0,"customer_returns":0,"warehouse_damage":0,"lost_in_post":0,"other_logs":0,"out_stock_days":0,"lost_sales":0,"has_location":true,"update_date":"2026-02-12T15:50:11","atum_locations":[{"id":99,"name":"I","slug":"i"}],"atum_stock_status":"instock","restock_status":false,"low_stock_amount":"","sales_update_date":"2026-02-12T15:50:02","calc_backorders":null,"acf":[],"_links":{"self":[{"href":"https:\/\/vbd.dev.sumena.ee\/lv\/wp-json\/wp\/v2\/product\/79829","targetHints":{"allow":["GET"]}}],"collection":[{"href":"https:\/\/vbd.dev.sumena.ee\/lv\/wp-json\/wp\/v2\/product"}],"about":[{"href":"https:\/\/vbd.dev.sumena.ee\/lv\/wp-json\/wp\/v2\/types\/product"}],"replies":[{"embeddable":true,"href":"https:\/\/vbd.dev.sumena.ee\/lv\/wp-json\/wp\/v2\/comments?post=79829"}],"wp:featuredmedia":[{"embeddable":true,"href":"https:\/\/vbd.dev.sumena.ee\/lv\/wp-json\/wp\/v2\/media\/79830"}],"wp:attachment":[{"href":"https:\/\/vbd.dev.sumena.ee\/lv\/wp-json\/wp\/v2\/media?parent=79829"}],"wp:term":[{"taxonomy":"product_brand","embeddable":true,"href":"https:\/\/vbd.dev.sumena.ee\/lv\/wp-json\/wp\/v2\/product_brand?post=79829"},{"taxonomy":"product_cat","embeddable":true,"href":"https:\/\/vbd.dev.sumena.ee\/lv\/wp-json\/wp\/v2\/product_cat?post=79829"},{"taxonomy":"product_tag","embeddable":true,"href":"https:\/\/vbd.dev.sumena.ee\/lv\/wp-json\/wp\/v2\/product_tag?post=79829"}],"curies":[{"name":"wp","href":"https:\/\/api.w.org\/{rel}","templated":true}]}}