{"id":62787,"date":"2026-01-28T15:47:13","date_gmt":"2026-01-28T12:47:13","guid":{"rendered":"https:\/\/vbd.dev.sumena.ee\/?post_type=product&#038;p=62787"},"modified":"2026-02-12T18:40:37","modified_gmt":"2026-02-12T15:40:37","slug":"taffel-soola-ja-karamelliseeritud-voi-maitselised-siledad-kartulilaastud-180g","status":"publish","type":"product","link":"https:\/\/vbd.dev.sumena.ee\/lv\/products-2\/taffel-soola-ja-karamelliseeritud-voi-maitselised-siledad-kartulilaastud-180g\/","title":{"rendered":"Taffel s\u0101ls un karameliz\u0113ta sviesta gar\u0161as gludie kartupe\u013cu \u010dipsi 180\u202fg"},"content":{"rendered":"<div id=\"info\" class=\"tab-pane active entry-info\">\n<h3>Produkta apraksts<\/h3>\n<p>Taffel gludie un pl\u0101n\u012bgie s\u0101ls un karameliz\u0113t\u0101 sviesta gar\u0161as kartupe\u013cu \u010dipsi. Bez gar\u0161as pastiprin\u0101t\u0101jiem! Glab\u0101t saus\u0101 un v\u0113s\u0101 viet\u0101<\/p>\n<h3 id=\"product-ingredients-title\">Sast\u0101vs<\/h3>\n<p id=\"product-ingredients\">kartupe\u013ci (61\u202f%), augu e\u013c\u013cas (saulespu\u0137u e\u013c\u013ca (S) vai palmu e\u013c\u013ca (P) vai rap\u0161u e\u013c\u013ca (R)*), gar\u0161vielu mais\u012bjums (7\u202f%) (**<b>s\u016bkalas pulveris<\/b> (<b>no piena<\/b>), dekstroze, s\u0101ls (14%), <b>kr\u0113juma pulveris<\/b>*, cukurs, j\u016bras s\u0101ls (7\u202f%), rauga ekstrakts, s\u012bpola pulveris, grauzd\u0113ta \u0137iploka pulveris, aromatiz\u0113t\u0101ji, sk\u0101buma regulators (piensk\u0101be), karameliz\u0113ts cukurs (0,5\u202f%), gar\u0161vielu ekstrakts (kurkuma)). Izmantot\u0101s e\u013c\u013cas veidu skat\u012bt \u201clab\u0101k izmantot l\u012bdz\u201d datuma nor\u0101d\u012bjum\u0101.<\/p>\n<h3 class=\"m-top02\">Izcelsmes valsts<\/h3>\n<p>Latvija<\/p>\n<\/div>","protected":false},"excerpt":{"rendered":"<p>Produkta apraksts Taffel gludi un pl\u0101ni kartupe\u013cu \u010dipsi ar s\u0101li un karameliz\u0113tu vai aromatiz\u0113tu gar\u0161u. Bez gar\u0161as pastiprin\u0101t\u0101jiem! Uzglab\u0101t saus\u0101 un v\u0113s\u0101 Vietas sast\u0101vda\u013cas kartupe\u013ci (61%), augu e\u013c\u013cas (saulespu\u0137u e\u013c\u013ca (S)* vai palmas e\u013c\u013ca (P)* vai rap\u0161u e\u013c\u013ca (R)*), gar\u0161vielu mais\u012bjums (7%) (biezpiena pulveris (no piena), dekstroze, s\u0101ls (14%), kr\u0113juma pulveris, cukurs, j\u016bras s\u0101ls (7%), rauga ekstrakts, s\u012bpolu pulveris, grauzd\u0113ta \u0137iploku pulveris, aromatiz\u0113t\u0101ji un gar\u0161as, sk\u0101bumu regul\u0113t\u0101js (piensk\u0101be),<\/p>","protected":false},"featured_media":62788,"comment_status":"open","ping_status":"closed","template":"","meta":{"_acf_changed":false},"product_brand":[],"product_cat":[87,81],"product_tag":[],"class_list":{"0":"post-62787","1":"product","2":"type-product","3":"status-publish","4":"has-post-thumbnail","6":"product_cat-meie-lemmikud","7":"product_cat-kropsud","9":"first","10":"instock","11":"sale","12":"taxable","13":"shipping-taxable","14":"purchasable","15":"product-type-simple"},"supplier_id":22786,"supplier_sku":"","barcode":null,"atum_controlled":true,"out_stock_date":null,"out_stock_threshold":null,"inheritable":false,"inbound_stock":0,"stock_on_hold":98,"sold_today":90,"sales_last_days":1547,"reserved_stock":0,"customer_returns":0,"warehouse_damage":0,"lost_in_post":0,"other_logs":0,"out_stock_days":0,"lost_sales":0,"has_location":true,"update_date":"2026-02-12T15:48:17","atum_locations":[{"id":148,"name":"F2","slug":"f2"}],"atum_stock_status":"instock","restock_status":true,"low_stock_amount":"","sales_update_date":"2026-02-12T15:48:08","calc_backorders":null,"acf":[],"_links":{"self":[{"href":"https:\/\/vbd.dev.sumena.ee\/lv\/wp-json\/wp\/v2\/product\/62787","targetHints":{"allow":["GET"]}}],"collection":[{"href":"https:\/\/vbd.dev.sumena.ee\/lv\/wp-json\/wp\/v2\/product"}],"about":[{"href":"https:\/\/vbd.dev.sumena.ee\/lv\/wp-json\/wp\/v2\/types\/product"}],"replies":[{"embeddable":true,"href":"https:\/\/vbd.dev.sumena.ee\/lv\/wp-json\/wp\/v2\/comments?post=62787"}],"wp:featuredmedia":[{"embeddable":true,"href":"https:\/\/vbd.dev.sumena.ee\/lv\/wp-json\/wp\/v2\/media\/62788"}],"wp:attachment":[{"href":"https:\/\/vbd.dev.sumena.ee\/lv\/wp-json\/wp\/v2\/media?parent=62787"}],"wp:term":[{"taxonomy":"product_brand","embeddable":true,"href":"https:\/\/vbd.dev.sumena.ee\/lv\/wp-json\/wp\/v2\/product_brand?post=62787"},{"taxonomy":"product_cat","embeddable":true,"href":"https:\/\/vbd.dev.sumena.ee\/lv\/wp-json\/wp\/v2\/product_cat?post=62787"},{"taxonomy":"product_tag","embeddable":true,"href":"https:\/\/vbd.dev.sumena.ee\/lv\/wp-json\/wp\/v2\/product_tag?post=62787"}],"curies":[{"name":"wp","href":"https:\/\/api.w.org\/{rel}","templated":true}]}}