{"id":58875,"date":"2026-01-13T21:20:44","date_gmt":"2026-01-13T18:20:44","guid":{"rendered":"https:\/\/vbd.dev.sumena.ee\/?post_type=product&#038;p=58875"},"modified":"2026-02-12T18:23:18","modified_gmt":"2026-02-12T15:23:18","slug":"ramen-kiirnuudlid-kuum-kana-stew-type-samyang-145g","status":"publish","type":"product","link":"https:\/\/vbd.dev.sumena.ee\/lv\/products-2\/ramen-kiirnuudlid-kuum-kana-stew-type-samyang-145g\/","title":{"rendered":"Ramen \u0101tri pagatavojam\u0101s n\u016bdeles ar karstu vistas saut\u0113jumu, Buldaka tips, SAMYANG, 145g"},"content":{"rendered":"<p>Popul\u0101r\u0101k\u0101s korejie\u0161u pikant\u0101s n\u016bdeles saut\u0113t\u0101 versij\u0101. \u0160is produkts ir Samyang Hot Chicken Ramen saut\u0113juma veids 145 g iepakojum\u0101. \u0160\u012bs pikant\u0101s n\u016bdeles ir tik asas, ka Samyang karsto n\u016bde\u013cu izaicin\u0101jumi tiek r\u012bkoti vis\u0101 pasaul\u0113.<\/p>\n<table>\n<tbody>\n<tr>\n<td><strong>Ener\u0123ija<\/strong><\/td>\n<td><strong>1557kJ \/ 372kcal<\/strong><\/td>\n<\/tr>\n<tr>\n<td><strong>Tauki<\/strong><\/td>\n<td>11g<\/td>\n<\/tr>\n<tr>\n<td>pies\u0101tin\u0101ts<\/td>\n<td>5.5g<\/td>\n<\/tr>\n<tr>\n<td><strong>Og\u013chidr\u0101ti<\/strong><\/td>\n<td>61.4g<\/td>\n<\/tr>\n<tr>\n<td>no k\u0101 cukuriem<\/td>\n<td>5.5g<\/td>\n<\/tr>\n<tr>\n<td><strong>Olbaltumvielas<\/strong><\/td>\n<td>6.9g<\/td>\n<\/tr>\n<tr>\n<td><strong>S\u0101ls<\/strong><\/td>\n<td>2.5g<\/td>\n<\/tr>\n<\/tbody>\n<\/table>","protected":false},"excerpt":{"rendered":"<p>K\u00f5ige populaarsemad Korea v\u00fcrtsikad nuudlid hautatud versioonis. See toode on Samyang\u2019s Hot Chicken maitsega Ramen Stew t\u00fc\u00fcp 145g pakis. Need v\u00fcrtsikad nuudlid on lausa nii tulised, et \u00fcle maailma korraldatakse nende nuudlite s\u00f6\u00f6mises m\u00f5\u00f5duv\u00f5tmisi ehk\u00a0Samyang hot noodle challenge\u2018eid. Energia 1557kJ \/ 372kcal Rasvad 11g millest k\u00fcllastunud 5.5g S\u00fcsivesikud 61.4g millest suhkrud 5.5g Valgud 6.9g Sool [&hellip;]<\/p>","protected":false},"featured_media":58877,"comment_status":"open","ping_status":"closed","template":"","meta":{"_acf_changed":false},"product_brand":[],"product_cat":[87,89],"product_tag":[],"class_list":{"0":"post-58875","1":"product","2":"type-product","3":"status-publish","4":"has-post-thumbnail","6":"product_cat-meie-lemmikud","7":"product_cat-valmistoit","9":"first","10":"instock","11":"sale","12":"taxable","13":"shipping-taxable","14":"purchasable","15":"product-type-simple"},"supplier_id":null,"supplier_sku":"","barcode":null,"atum_controlled":true,"out_stock_date":null,"out_stock_threshold":null,"inheritable":false,"inbound_stock":0,"stock_on_hold":236,"sold_today":351,"sales_last_days":3712,"reserved_stock":0,"customer_returns":0,"warehouse_damage":0,"lost_in_post":0,"other_logs":0,"out_stock_days":0,"lost_sales":0,"has_location":true,"update_date":"2026-02-12T15:51:00","atum_locations":[{"id":94,"name":"D","slug":"d"}],"atum_stock_status":"instock","restock_status":false,"low_stock_amount":"","sales_update_date":"2026-02-12T15:50:50","calc_backorders":null,"acf":[],"_links":{"self":[{"href":"https:\/\/vbd.dev.sumena.ee\/lv\/wp-json\/wp\/v2\/product\/58875","targetHints":{"allow":["GET"]}}],"collection":[{"href":"https:\/\/vbd.dev.sumena.ee\/lv\/wp-json\/wp\/v2\/product"}],"about":[{"href":"https:\/\/vbd.dev.sumena.ee\/lv\/wp-json\/wp\/v2\/types\/product"}],"replies":[{"embeddable":true,"href":"https:\/\/vbd.dev.sumena.ee\/lv\/wp-json\/wp\/v2\/comments?post=58875"}],"wp:featuredmedia":[{"embeddable":true,"href":"https:\/\/vbd.dev.sumena.ee\/lv\/wp-json\/wp\/v2\/media\/58877"}],"wp:attachment":[{"href":"https:\/\/vbd.dev.sumena.ee\/lv\/wp-json\/wp\/v2\/media?parent=58875"}],"wp:term":[{"taxonomy":"product_brand","embeddable":true,"href":"https:\/\/vbd.dev.sumena.ee\/lv\/wp-json\/wp\/v2\/product_brand?post=58875"},{"taxonomy":"product_cat","embeddable":true,"href":"https:\/\/vbd.dev.sumena.ee\/lv\/wp-json\/wp\/v2\/product_cat?post=58875"},{"taxonomy":"product_tag","embeddable":true,"href":"https:\/\/vbd.dev.sumena.ee\/lv\/wp-json\/wp\/v2\/product_tag?post=58875"}],"curies":[{"name":"wp","href":"https:\/\/api.w.org\/{rel}","templated":true}]}}