{"id":58626,"date":"2026-01-19T19:00:19","date_gmt":"2026-01-19T16:00:19","guid":{"rendered":"https:\/\/vbd.dev.sumena.ee\/?post_type=product&#038;p=58626"},"modified":"2026-02-12T18:23:18","modified_gmt":"2026-02-12T15:23:18","slug":"ramen-kiirnuudlid-kuum-kana-2x-spicy-samyang-140g","status":"publish","type":"product","link":"https:\/\/vbd.dev.sumena.ee\/lv\/products-2\/ramen-kiirnuudlid-kuum-kana-2x-spicy-samyang-140g\/","title":{"rendered":"Ramen kiirnuudlid kuum kana 2x Spicy, SAMYANG, 140g"},"content":{"rendered":"<p>Samyang Foods Co on \u00fcks Korea juhtivaid toiduettev\u00f5tteid, mis pakub kvaliteetset ja tipptasemel toitu koos traditsiooniliste Korea maitsete levikuga. Kuuma kana maitsega ramen on buldaki variant, v\u00fcrtsikas Korea kanaroog, mis on populaarne Korea nooremate p\u00f5lvkondade seas. See toode sobib suurep\u00e4raselt v\u00fcrtsikatele austajatele, sest see on \u00fcks v\u00fcrtsikamaid kuuma kana maitsega rameneid turul.<\/p>\n<table style=\"height: 346px;\" width=\"295\">\n<tbody>\n<tr>\n<td><strong>Ener\u0123ija<\/strong><\/td>\n<td><strong>1644kJ \/ 392kcal<\/strong><\/td>\n<\/tr>\n<tr>\n<td><strong>Tauki<\/strong><\/td>\n<td>12.1g<\/td>\n<\/tr>\n<tr>\n<td>pies\u0101tin\u0101ts<\/td>\n<td>5.7g<\/td>\n<\/tr>\n<tr>\n<td><strong>Og\u013chidr\u0101ti<\/strong><\/td>\n<td>60.7g<\/td>\n<\/tr>\n<tr>\n<td>no k\u0101 cukuriem<\/td>\n<td>5g<\/td>\n<\/tr>\n<tr>\n<td><strong>Olbaltumvielas<\/strong><\/td>\n<td>9.3g<\/td>\n<\/tr>\n<tr>\n<td><strong>S\u0101ls<\/strong><\/td>\n<td>2.5g<\/td>\n<\/tr>\n<\/tbody>\n<\/table>","protected":false},"excerpt":{"rendered":"<p>Samyang Foods Co on \u00fcks Korea juhtivaid toiduettev\u00f5tteid, mis pakub kvaliteetset ja tipptasemel toitu koos traditsiooniliste Korea maitsete levikuga. Kuuma kana maitsega ramen on buldaki variant, v\u00fcrtsikas Korea kanaroog, mis on populaarne Korea nooremate p\u00f5lvkondade seas. See toode sobib suurep\u00e4raselt v\u00fcrtsikatele austajatele, sest see on \u00fcks v\u00fcrtsikamaid kuuma kana maitsega rameneid turul. Energia 1644kJ \/ [&hellip;]<\/p>","protected":false},"featured_media":58627,"comment_status":"open","ping_status":"closed","template":"","meta":{"_acf_changed":false},"product_brand":[],"product_cat":[87,89],"product_tag":[],"class_list":{"0":"post-58626","1":"product","2":"type-product","3":"status-publish","4":"has-post-thumbnail","6":"product_cat-meie-lemmikud","7":"product_cat-valmistoit","9":"first","10":"instock","11":"sale","12":"taxable","13":"shipping-taxable","14":"purchasable","15":"product-type-simple"},"supplier_id":null,"supplier_sku":"","barcode":null,"atum_controlled":true,"out_stock_date":null,"out_stock_threshold":null,"inheritable":false,"inbound_stock":0,"stock_on_hold":78,"sold_today":113,"sales_last_days":2068,"reserved_stock":0,"customer_returns":0,"warehouse_damage":0,"lost_in_post":0,"other_logs":0,"out_stock_days":0,"lost_sales":0,"has_location":true,"update_date":"2026-02-12T15:50:31","atum_locations":[{"id":95,"name":"E","slug":"e"}],"atum_stock_status":"instock","restock_status":false,"low_stock_amount":"","sales_update_date":"2026-02-12T15:50:21","calc_backorders":null,"acf":[],"_links":{"self":[{"href":"https:\/\/vbd.dev.sumena.ee\/lv\/wp-json\/wp\/v2\/product\/58626","targetHints":{"allow":["GET"]}}],"collection":[{"href":"https:\/\/vbd.dev.sumena.ee\/lv\/wp-json\/wp\/v2\/product"}],"about":[{"href":"https:\/\/vbd.dev.sumena.ee\/lv\/wp-json\/wp\/v2\/types\/product"}],"replies":[{"embeddable":true,"href":"https:\/\/vbd.dev.sumena.ee\/lv\/wp-json\/wp\/v2\/comments?post=58626"}],"wp:featuredmedia":[{"embeddable":true,"href":"https:\/\/vbd.dev.sumena.ee\/lv\/wp-json\/wp\/v2\/media\/58627"}],"wp:attachment":[{"href":"https:\/\/vbd.dev.sumena.ee\/lv\/wp-json\/wp\/v2\/media?parent=58626"}],"wp:term":[{"taxonomy":"product_brand","embeddable":true,"href":"https:\/\/vbd.dev.sumena.ee\/lv\/wp-json\/wp\/v2\/product_brand?post=58626"},{"taxonomy":"product_cat","embeddable":true,"href":"https:\/\/vbd.dev.sumena.ee\/lv\/wp-json\/wp\/v2\/product_cat?post=58626"},{"taxonomy":"product_tag","embeddable":true,"href":"https:\/\/vbd.dev.sumena.ee\/lv\/wp-json\/wp\/v2\/product_tag?post=58626"}],"curies":[{"name":"wp","href":"https:\/\/api.w.org\/{rel}","templated":true}]}}