{"id":57211,"date":"2025-11-19T10:06:36","date_gmt":"2025-11-19T07:06:36","guid":{"rendered":"https:\/\/vbd.dev.sumena.ee\/?post_type=product&#038;p=57211"},"modified":"2026-02-12T16:34:41","modified_gmt":"2026-02-12T13:34:41","slug":"bbque-tsilli-ja-madaroika-bbq-kaste-400ml","status":"publish","type":"product","link":"https:\/\/vbd.dev.sumena.ee\/lv\/products-2\/bbque-tsilli-ja-madaroika-bbq-kaste-400ml\/","title":{"rendered":"BBQUE \u010cili un red\u012bsu BBQ m\u0113rce 400ml"},"content":{"rendered":"<div id=\"tab-19\" class=\"tab-content tab-19\">\n<p>\u010cili un red\u012bsu BBQ m\u0113rce \u2014 pikanta m\u0113rce visiem grila faniem, kuri m\u012bl aso piedz\u012bvojumu. Ide\u0101li piem\u0113rota vistas sp\u0101rni\u0146iem, burgeriem un visam, kam nepiecie\u0161ama papildus pikant\u012bba.<\/p>\n<p><strong>Sast\u0101vda\u013cas:<\/strong>\u00a0cukurs, tom\u0101ti, \u016bdens, dz\u0113rve\u0146u prepar\u0101ts (dz\u0113rvenes, cukurs, \u016bdens, ciete, sk\u0101be (citronsk\u0101be)), dekstroze, spiritveida eti\u0137is, sambal oelek 6,0% (\u010dilli, tom\u0101tu biezenis, \u016bdens, s\u0101ls, paprika, spiritveida eti\u0137is), \u0101bolu biezenis (\u0101bolu biezenis, cukurs), medus, alus 2,5% (\u016bdens, ODRAlinnased, api\u0146i, api\u0146u ekstrakti), karame\u013cu cukura s\u012brups, ciete, s\u0101ls, melase, m\u0101rrutki 1,0% (satur SULFITU), citrona sulas koncentr\u0101ts, ODRAlinnaseekstrakt, \u0137iploks, rap\u0161u e\u013c\u013ca, k\u016bpin\u0101t\u0101 gar\u0161viela, gar<\/p>\n<p><strong>Uzturv\u0113rt\u012bbas inform\u0101cija uz 100 ml produkta:<\/strong>\u00a0ener\u0123ijas daudzums 224 kcal\/950 kJ, tauki 1,4 g, no kuriem pies\u0101tin\u0101t\u0101s tauksk\u0101bes 0,1 g; og\u013chidr\u0101ti 50,3 g, no kuriem cukuri 46,7 g; olbaltumvielas 1,0 g; s\u0101ls 4,4 g.<\/p>\n<\/div>","protected":false},"excerpt":{"rendered":"<p>Glab\u0101\u0161anas termi\u0146\u0161 l\u012bdz: 05.10.2025<\/p>","protected":false},"featured_media":57212,"comment_status":"open","ping_status":"closed","template":"","meta":{"_acf_changed":false},"product_brand":[],"product_cat":[83],"product_tag":[],"class_list":{"0":"post-57211","1":"product","2":"type-product","3":"status-publish","4":"has-post-thumbnail","6":"product_cat-kastmed-olid","8":"first","9":"instock","10":"sale","11":"taxable","12":"shipping-taxable","13":"purchasable","14":"product-type-simple"},"supplier_id":22782,"supplier_sku":"","barcode":null,"atum_controlled":true,"out_stock_date":null,"out_stock_threshold":null,"inheritable":false,"inbound_stock":0,"stock_on_hold":5,"sold_today":3,"sales_last_days":94,"reserved_stock":0,"customer_returns":0,"warehouse_damage":0,"lost_in_post":0,"other_logs":0,"out_stock_days":0,"lost_sales":0,"has_location":true,"update_date":"2026-02-12T13:37:45","atum_locations":[{"id":93,"name":"C","slug":"c"}],"atum_stock_status":"instock","restock_status":true,"low_stock_amount":"","sales_update_date":"2026-02-12T13:37:35","calc_backorders":null,"acf":[],"_links":{"self":[{"href":"https:\/\/vbd.dev.sumena.ee\/lv\/wp-json\/wp\/v2\/product\/57211","targetHints":{"allow":["GET"]}}],"collection":[{"href":"https:\/\/vbd.dev.sumena.ee\/lv\/wp-json\/wp\/v2\/product"}],"about":[{"href":"https:\/\/vbd.dev.sumena.ee\/lv\/wp-json\/wp\/v2\/types\/product"}],"replies":[{"embeddable":true,"href":"https:\/\/vbd.dev.sumena.ee\/lv\/wp-json\/wp\/v2\/comments?post=57211"}],"wp:featuredmedia":[{"embeddable":true,"href":"https:\/\/vbd.dev.sumena.ee\/lv\/wp-json\/wp\/v2\/media\/57212"}],"wp:attachment":[{"href":"https:\/\/vbd.dev.sumena.ee\/lv\/wp-json\/wp\/v2\/media?parent=57211"}],"wp:term":[{"taxonomy":"product_brand","embeddable":true,"href":"https:\/\/vbd.dev.sumena.ee\/lv\/wp-json\/wp\/v2\/product_brand?post=57211"},{"taxonomy":"product_cat","embeddable":true,"href":"https:\/\/vbd.dev.sumena.ee\/lv\/wp-json\/wp\/v2\/product_cat?post=57211"},{"taxonomy":"product_tag","embeddable":true,"href":"https:\/\/vbd.dev.sumena.ee\/lv\/wp-json\/wp\/v2\/product_tag?post=57211"}],"curies":[{"name":"wp","href":"https:\/\/api.w.org\/{rel}","templated":true}]}}