{"id":51573,"date":"2026-02-02T20:59:59","date_gmt":"2026-02-02T17:59:59","guid":{"rendered":"https:\/\/vbd.dev.sumena.ee\/?post_type=product&#038;p=51573"},"modified":"2026-02-12T17:32:15","modified_gmt":"2026-02-12T14:32:15","slug":"pasta-spinati-ja-juustu-kastmega-knorr-160g","status":"publish","type":"product","link":"https:\/\/vbd.dev.sumena.ee\/lv\/products-2\/pasta-spinati-ja-juustu-kastmega-knorr-160g\/","title":{"rendered":"Pasta ar spin\u0101tu un siera m\u0113rci, KNORR, 160 g"},"content":{"rendered":"<p>Sast\u0101vda\u013cas: makaroni (78%) (KVIE\u0160U MANNA), kaus\u0113ts SIERS (4,7%), [SIERS, S\u016aKALU prepar\u0101ts (PIENS)], SALDAIS KR\u0112JUMS (4,4%), palmu tauki, r\u012bsu milti, spin\u0101ti (1,8%), jod\u0113ts s\u0101ls, cukurs, glikozes s\u012brups, rauga ekstrakts, gar\u0161vielas (t. sk. PIENS), miner\u0101lais k\u0101lija s\u0101ls, \u0137iploks (0,4%), kurkuma, PIENA prote\u012bns, citronsk\u0101be.<\/p>","protected":false},"excerpt":{"rendered":"<p>Sast\u0101vda\u013cas: makaroni (78%) (KVIE\u0160U MANNA), kaus\u0113ts SIERS (4,7%), [SIERS, S\u016aKALU prepar\u0101ts (PIENS)], SALDAIS KR\u0112JUMS (4,4%), palmu tauki, r\u012bsu milti, spin\u0101ti (1,8%), jod\u0113ts s\u0101ls, cukurs, glikozes s\u012brups, rauga ekstrakts, gar\u0161vielas (t. sk. PIENS), miner\u0101lais k\u0101lija s\u0101ls, \u0137iploks (0,4%), kurkuma, PIENA prote\u012bns, citronsk\u0101be.<\/p>","protected":false},"featured_media":51574,"comment_status":"open","ping_status":"closed","template":"","meta":{"_acf_changed":false},"product_brand":[],"product_cat":[89],"product_tag":[],"class_list":{"0":"post-51573","1":"product","2":"type-product","3":"status-publish","4":"has-post-thumbnail","6":"product_cat-valmistoit","8":"first","9":"instock","10":"sale","11":"taxable","12":"shipping-taxable","13":"purchasable","14":"product-type-simple"},"supplier_id":null,"supplier_sku":"","barcode":null,"atum_controlled":true,"out_stock_date":null,"out_stock_threshold":null,"inheritable":false,"inbound_stock":0,"stock_on_hold":112,"sold_today":66,"sales_last_days":795,"reserved_stock":0,"customer_returns":0,"warehouse_damage":0,"lost_in_post":0,"other_logs":0,"out_stock_days":0,"lost_sales":0,"has_location":true,"update_date":"2026-02-12T15:17:07","atum_locations":[{"id":147,"name":"J2","slug":"j2"}],"atum_stock_status":"instock","restock_status":false,"low_stock_amount":"","sales_update_date":"2026-02-12T15:16:57","calc_backorders":null,"acf":[],"_links":{"self":[{"href":"https:\/\/vbd.dev.sumena.ee\/lv\/wp-json\/wp\/v2\/product\/51573","targetHints":{"allow":["GET"]}}],"collection":[{"href":"https:\/\/vbd.dev.sumena.ee\/lv\/wp-json\/wp\/v2\/product"}],"about":[{"href":"https:\/\/vbd.dev.sumena.ee\/lv\/wp-json\/wp\/v2\/types\/product"}],"replies":[{"embeddable":true,"href":"https:\/\/vbd.dev.sumena.ee\/lv\/wp-json\/wp\/v2\/comments?post=51573"}],"wp:featuredmedia":[{"embeddable":true,"href":"https:\/\/vbd.dev.sumena.ee\/lv\/wp-json\/wp\/v2\/media\/51574"}],"wp:attachment":[{"href":"https:\/\/vbd.dev.sumena.ee\/lv\/wp-json\/wp\/v2\/media?parent=51573"}],"wp:term":[{"taxonomy":"product_brand","embeddable":true,"href":"https:\/\/vbd.dev.sumena.ee\/lv\/wp-json\/wp\/v2\/product_brand?post=51573"},{"taxonomy":"product_cat","embeddable":true,"href":"https:\/\/vbd.dev.sumena.ee\/lv\/wp-json\/wp\/v2\/product_cat?post=51573"},{"taxonomy":"product_tag","embeddable":true,"href":"https:\/\/vbd.dev.sumena.ee\/lv\/wp-json\/wp\/v2\/product_tag?post=51573"}],"curies":[{"name":"wp","href":"https:\/\/api.w.org\/{rel}","templated":true}]}}