{"id":49478,"date":"2026-01-19T19:30:01","date_gmt":"2026-01-19T16:30:01","guid":{"rendered":"https:\/\/vbd.dev.sumena.ee\/?post_type=product&#038;p=49478"},"modified":"2026-02-12T13:25:14","modified_gmt":"2026-02-12T10:25:14","slug":"catfest-veiseliha-pulgad-kassidele-45g","status":"publish","type":"product","link":"https:\/\/vbd.dev.sumena.ee\/lv\/products-2\/catfest-veiseliha-pulgad-kassidele-45g\/","title":{"rendered":"CatFest liellopa ga\u013cas n\u016bji\u0146as ka\u0137iem, 45 g"},"content":{"rendered":"<p>\u012asta saimniec\u012bbas liellopa ga\u013ca ar klasisko, bag\u0101t\u012bgo gar\u0161u un augstu uzturv\u0113rt\u012bbu \u2014 kas gan var b\u016bt lab\u0101ks m\u012b\u013cotajam ka\u0137im?<br \/>\n<b>Sast\u0101vs<\/b>: saimniec\u012bbas liellopa ga\u013ca 59,2%, augu blakusprodukti, miner\u0101lvielas.<br \/>\n<b>Anal\u012btisk\u0101s vielas<\/b>: rupjprote\u012bns 26%, tauki 9%, rupj\u0101 \u0161\u0137iedra 0,1%, mitrums 25%, ener\u0123\u0113tisk\u0101 v\u0113rt\u012bba \u2013 193 kcal.<br \/>\n<b>Lieto\u0161ana<\/b>: Pasniedziet k\u0101 k\u0101rumu dienas laik\u0101. Daudzumu piel\u0101gojiet atbilsto\u0161i m\u0101jdz\u012bvnieka vajadz\u012bb\u0101m un vesel\u012bbas st\u0101voklim, nep\u0101rsniedzot ieteicamo devu. Glab\u0101jiet v\u0113s\u0101 un saus\u0101 viet\u0101.<\/p>\n<p><strong>Daudzums vairumtirdzniec\u012bb\u0101: 10(gab.)<\/strong><\/p>","protected":false},"excerpt":{"rendered":"<p>T\u00f5elise talu veiseliha klassikaline k\u00fcllastatud maitse, k\u00f5rged toiteomadused \u2013 mis v\u00f5iks armastatud kassile veelgi parem olla. Koostis: talu veiseliha 59.2%,taimsed k\u00f5rvalsaadused, mineraalained. Anal\u00fc\u00fctilised koostisosad: toorvalk 26 %, rasvad 9%, toorkiud 0,1 %, niiskus 25 %, energeetiline v\u00e4\u00e4rtus \u2013 193 kcal Kasutamine: Serveerige p\u00e4eva jooksul maiuspalana. Reguleerige kogust vastavalt lemmiklooma vajadustele ja seisundile. \u00c4rge andke liiga [&hellip;]<\/p>","protected":false},"featured_media":49479,"comment_status":"open","ping_status":"closed","template":"","meta":{"_acf_changed":false},"product_brand":[],"product_cat":[91],"product_tag":[],"class_list":{"0":"post-49478","1":"product","2":"type-product","3":"status-publish","4":"has-post-thumbnail","6":"product_cat-loomatoit","8":"first","9":"instock","10":"sale","11":"taxable","12":"shipping-taxable","13":"purchasable","14":"product-type-simple"},"supplier_id":null,"supplier_sku":"","barcode":null,"atum_controlled":true,"out_stock_date":null,"out_stock_threshold":null,"inheritable":false,"inbound_stock":0,"stock_on_hold":5,"sold_today":6,"sales_last_days":72,"reserved_stock":0,"customer_returns":0,"warehouse_damage":0,"lost_in_post":0,"other_logs":0,"out_stock_days":0,"lost_sales":0,"has_location":true,"update_date":"2026-02-12T11:40:29","atum_locations":[{"id":145,"name":"H2","slug":"h2"}],"atum_stock_status":"instock","restock_status":false,"low_stock_amount":"","sales_update_date":"2026-02-12T11:40:20","calc_backorders":null,"acf":[],"_links":{"self":[{"href":"https:\/\/vbd.dev.sumena.ee\/lv\/wp-json\/wp\/v2\/product\/49478","targetHints":{"allow":["GET"]}}],"collection":[{"href":"https:\/\/vbd.dev.sumena.ee\/lv\/wp-json\/wp\/v2\/product"}],"about":[{"href":"https:\/\/vbd.dev.sumena.ee\/lv\/wp-json\/wp\/v2\/types\/product"}],"replies":[{"embeddable":true,"href":"https:\/\/vbd.dev.sumena.ee\/lv\/wp-json\/wp\/v2\/comments?post=49478"}],"wp:featuredmedia":[{"embeddable":true,"href":"https:\/\/vbd.dev.sumena.ee\/lv\/wp-json\/wp\/v2\/media\/49479"}],"wp:attachment":[{"href":"https:\/\/vbd.dev.sumena.ee\/lv\/wp-json\/wp\/v2\/media?parent=49478"}],"wp:term":[{"taxonomy":"product_brand","embeddable":true,"href":"https:\/\/vbd.dev.sumena.ee\/lv\/wp-json\/wp\/v2\/product_brand?post=49478"},{"taxonomy":"product_cat","embeddable":true,"href":"https:\/\/vbd.dev.sumena.ee\/lv\/wp-json\/wp\/v2\/product_cat?post=49478"},{"taxonomy":"product_tag","embeddable":true,"href":"https:\/\/vbd.dev.sumena.ee\/lv\/wp-json\/wp\/v2\/product_tag?post=49478"}],"curies":[{"name":"wp","href":"https:\/\/api.w.org\/{rel}","templated":true}]}}