{"id":49471,"date":"2026-01-19T19:24:32","date_gmt":"2026-01-19T16:24:32","guid":{"rendered":"https:\/\/vbd.dev.sumena.ee\/?post_type=product&#038;p=49471"},"modified":"2026-02-12T12:07:27","modified_gmt":"2026-02-12T09:07:27","slug":"dogfest-pardiliha-loigud-vaikest-tougu-koertele-55g","status":"publish","type":"product","link":"https:\/\/vbd.dev.sumena.ee\/lv\/products-2\/dogfest-pardiliha-loigud-vaikest-tougu-koertele-55g\/","title":{"rendered":"DogFest p\u012bles ga\u013cas gabali\u0146i, mazu \u0161\u0137ir\u0146u su\u0146iem, 55 g"},"content":{"rendered":"<p>M\u0113s izmantojam p\u012bles filejas lab\u0101k\u0101s da\u013cas, lai pagatavotu \u0161os p\u012bles ga\u013cas gabali\u0146us. J\u016bsu suns var\u0113s izbaud\u012bt \u012bstu p\u012bles ga\u013cas gar\u0161u. Labai uzved\u012bbai pien\u0101kas balva \u2014 neaizmirstiet to!<br \/>\n<b>Sast\u0101vs<\/b>: p\u012bles ga\u013ca 86,1%, augu blakusprodukti, miner\u0101lvielas.<br \/>\n<b>Anal\u012btiskais sast\u0101vs<\/b>: rupjprote\u012bns 41%, rupj\u0101 taukviela 3,5%, rupj\u0101 \u0161\u0137iedra 0,2%, rupj\u0101 pelni 4%, mitrums 23%.<br \/>\n<b>Lieto\u0161ana<\/b>: Pasniedziet k\u0101 k\u0101rumu dienas laik\u0101. Daudzumu piel\u0101gojiet atbilsto\u0161i m\u0101jdz\u012bvnieka vajadz\u012bb\u0101m un vesel\u012bbas st\u0101voklim, nep\u0101rsniedzot ieteicamo devu. Glab\u0101jiet v\u0113s\u0101 un saus\u0101 viet\u0101.<\/p>\n<p><strong>Daudzums vairumtirdzniec\u012bb\u0101: 10(gab.)<\/strong><\/p>","protected":false},"excerpt":{"rendered":"<p>Kasutame nende pardifilee l\u00f5ikude valmistamiseks pardi parimaid osi, et teie koer v\u00f5iks nautida p\u00e4ris pardiliha ehtsat maitset. Hea k\u00e4itumine v\u00e4\u00e4rib preemiat! \u00c4rge seda unustage. Koostis: pardiliha 86.1%, taimsed k\u00f5rvalsaadused, mineraalained. Anal\u00fc\u00fctiline koostis: toorvalk 41%, toorrasv 3,5%, toorkiud 0,2%, toortuhk 4%, niiskus 23%. Kasutamine: Serveerige p\u00e4eva jooksul maiuspalana. Reguleerige kogust vastavalt lemmiklooma vajadustele ja seisundile. \u00c4rge [&hellip;]<\/p>","protected":false},"featured_media":49472,"comment_status":"open","ping_status":"closed","template":"","meta":{"_acf_changed":false},"product_brand":[],"product_cat":[91],"product_tag":[],"class_list":{"0":"post-49471","1":"product","2":"type-product","3":"status-publish","4":"has-post-thumbnail","6":"product_cat-loomatoit","8":"first","9":"instock","10":"sale","11":"taxable","12":"shipping-taxable","13":"purchasable","14":"product-type-simple"},"supplier_id":null,"supplier_sku":"","barcode":null,"atum_controlled":true,"out_stock_date":null,"out_stock_threshold":null,"inheritable":false,"inbound_stock":0,"stock_on_hold":7,"sold_today":1,"sales_last_days":87,"reserved_stock":0,"customer_returns":0,"warehouse_damage":0,"lost_in_post":0,"other_logs":0,"out_stock_days":0,"lost_sales":0,"has_location":true,"update_date":"2026-02-12T09:13:27","atum_locations":[{"id":146,"name":"I2","slug":"i2"}],"atum_stock_status":"instock","restock_status":false,"low_stock_amount":"","sales_update_date":"2026-02-12T09:13:17","calc_backorders":null,"acf":[],"_links":{"self":[{"href":"https:\/\/vbd.dev.sumena.ee\/lv\/wp-json\/wp\/v2\/product\/49471","targetHints":{"allow":["GET"]}}],"collection":[{"href":"https:\/\/vbd.dev.sumena.ee\/lv\/wp-json\/wp\/v2\/product"}],"about":[{"href":"https:\/\/vbd.dev.sumena.ee\/lv\/wp-json\/wp\/v2\/types\/product"}],"replies":[{"embeddable":true,"href":"https:\/\/vbd.dev.sumena.ee\/lv\/wp-json\/wp\/v2\/comments?post=49471"}],"wp:featuredmedia":[{"embeddable":true,"href":"https:\/\/vbd.dev.sumena.ee\/lv\/wp-json\/wp\/v2\/media\/49472"}],"wp:attachment":[{"href":"https:\/\/vbd.dev.sumena.ee\/lv\/wp-json\/wp\/v2\/media?parent=49471"}],"wp:term":[{"taxonomy":"product_brand","embeddable":true,"href":"https:\/\/vbd.dev.sumena.ee\/lv\/wp-json\/wp\/v2\/product_brand?post=49471"},{"taxonomy":"product_cat","embeddable":true,"href":"https:\/\/vbd.dev.sumena.ee\/lv\/wp-json\/wp\/v2\/product_cat?post=49471"},{"taxonomy":"product_tag","embeddable":true,"href":"https:\/\/vbd.dev.sumena.ee\/lv\/wp-json\/wp\/v2\/product_tag?post=49471"}],"curies":[{"name":"wp","href":"https:\/\/api.w.org\/{rel}","templated":true}]}}