{"id":46720,"date":"2025-11-19T11:35:54","date_gmt":"2025-11-19T08:35:54","guid":{"rendered":"https:\/\/vbd.dev.sumena.ee\/?post_type=product&#038;p=46720"},"modified":"2026-02-12T11:27:06","modified_gmt":"2026-02-12T08:27:06","slug":"thai-choice-vurtsikas-kaste-mereandidele-200ml","status":"publish","type":"product","link":"https:\/\/vbd.dev.sumena.ee\/lv\/products-2\/thai-choice-vurtsikas-kaste-mereandidele-200ml\/","title":{"rendered":"THAI CHOICE Pikanta m\u0113rce j\u016bras velt\u0113m 200ml"},"content":{"rendered":"<div id=\"tab-19\" class=\"tab-content tab-19\">\n<p>Kaste izce\u013c j\u016bras vel\u0161u un zivju lab\u0101k\u0101s gar\u0161as \u012bpa\u0161\u012bbas, pie\u0161\u0137ir tai svaigumu. Lietot k\u0101 gatavo \u0113dienu papildin\u0101jumu, sal\u0101tu gar\u0161as uzlabo\u0161anai vai dipp\u0113\u0161anai.<\/p>\n<p><strong>Sast\u0101vda\u013cas:<\/strong> \u016bdens, cukurs, svaigs \u010dili 12%, laima sula, svaigs \u0137iploks, s\u0101ls, sk\u0101buma regul\u0113t\u0101js: citronsk\u0101be (E330), biezin\u0101t\u0101js: ksant\u0101na gumija (E415), gar\u0161as pastiprin\u0101t\u0101ji: din\u0101trija-5-inoz\u012bn\u0101ts (E631) un din\u0101trija-5-guanil\u0101ts (E627). Produkts nesatur m\u0101ksl\u012bg\u0101s kr\u0101svielas.<\/p>\n<p><strong>Uzturv\u0113rt\u012bbas inform\u0101cija uz 100 ml produkta:<\/strong> ener\u0123ijas saturs 186 kcal\/786 kJ, tauki 0,3 g, no kuriem pies\u0101tin\u0101t\u0101s tauksk\u0101bes 0 g; og\u013chidr\u0101ti 32 g, no kuriem cukuri 28 g; \u0161\u0137iedrvielas 6 g; olbaltumvielas 0,8 g; s\u0101ls 6 g.<\/p>\n<\/div>\n<p><strong> Daudzums kast\u0113: 12gab. <\/strong><\/p>","protected":false},"excerpt":{"rendered":"<p>Lab\u0101k pat\u0113r\u0113t l\u012bdz: 03.05.2025<\/p>","protected":false},"featured_media":46721,"comment_status":"open","ping_status":"closed","template":"","meta":{"_acf_changed":false},"product_brand":[],"product_cat":[83],"product_tag":[],"class_list":{"0":"post-46720","1":"product","2":"type-product","3":"status-publish","4":"has-post-thumbnail","6":"product_cat-kastmed-olid","8":"first","9":"instock","10":"sale","11":"taxable","12":"shipping-taxable","13":"purchasable","14":"product-type-simple"},"supplier_id":null,"supplier_sku":"","barcode":null,"atum_controlled":true,"out_stock_date":null,"out_stock_threshold":null,"inheritable":false,"inbound_stock":0,"stock_on_hold":56,"sold_today":24,"sales_last_days":109,"reserved_stock":0,"customer_returns":0,"warehouse_damage":0,"lost_in_post":0,"other_logs":0,"out_stock_days":0,"lost_sales":0,"has_location":true,"update_date":"2026-02-12T08:34:24","atum_locations":[{"id":145,"name":"H2","slug":"h2"}],"atum_stock_status":"instock","restock_status":true,"low_stock_amount":"","sales_update_date":"2026-02-12T08:34:15","calc_backorders":null,"acf":[],"_links":{"self":[{"href":"https:\/\/vbd.dev.sumena.ee\/lv\/wp-json\/wp\/v2\/product\/46720","targetHints":{"allow":["GET"]}}],"collection":[{"href":"https:\/\/vbd.dev.sumena.ee\/lv\/wp-json\/wp\/v2\/product"}],"about":[{"href":"https:\/\/vbd.dev.sumena.ee\/lv\/wp-json\/wp\/v2\/types\/product"}],"replies":[{"embeddable":true,"href":"https:\/\/vbd.dev.sumena.ee\/lv\/wp-json\/wp\/v2\/comments?post=46720"}],"wp:featuredmedia":[{"embeddable":true,"href":"https:\/\/vbd.dev.sumena.ee\/lv\/wp-json\/wp\/v2\/media\/46721"}],"wp:attachment":[{"href":"https:\/\/vbd.dev.sumena.ee\/lv\/wp-json\/wp\/v2\/media?parent=46720"}],"wp:term":[{"taxonomy":"product_brand","embeddable":true,"href":"https:\/\/vbd.dev.sumena.ee\/lv\/wp-json\/wp\/v2\/product_brand?post=46720"},{"taxonomy":"product_cat","embeddable":true,"href":"https:\/\/vbd.dev.sumena.ee\/lv\/wp-json\/wp\/v2\/product_cat?post=46720"},{"taxonomy":"product_tag","embeddable":true,"href":"https:\/\/vbd.dev.sumena.ee\/lv\/wp-json\/wp\/v2\/product_tag?post=46720"}],"curies":[{"name":"wp","href":"https:\/\/api.w.org\/{rel}","templated":true}]}}