{"id":46287,"date":"2026-02-03T09:20:00","date_gmt":"2026-02-03T06:20:00","guid":{"rendered":"https:\/\/vbd.dev.sumena.ee\/?post_type=product&#038;p=46287"},"modified":"2026-02-12T18:41:51","modified_gmt":"2026-02-12T15:41:51","slug":"tsilli-ja-peekonimaitseline-leib-80g","status":"publish","type":"product","link":"https:\/\/vbd.dev.sumena.ee\/lv\/products-2\/tsilli-ja-peekonimaitseline-leib-80g\/","title":{"rendered":"Maizes sausi\u0146i ar \u010cili un bekona gar\u0161u, Balsnack 80 g"},"content":{"rendered":"<div id=\"info\" class=\"tab-pane entry-info active\">\n<h3>Produkta apraksts<\/h3>\n<p>\u010cili un bekona gar\u0161as maiz\u012btes<\/p>\n<h3 id=\"product-ingredients-title\">Sast\u0101vs<\/h3>\n<p id=\"product-ingredients\">Maize 69 % (kvie\u0161u milti, rudzu kliju milti, pilngraudu rudzu milti, \u016bdens, dab\u012bgais raugm\u012bklas starteris, auzu iesala ekstrakts, spiedraugs, s\u0101ls), rap\u0161u e\u013c\u013ca, palmu e\u013c\u013ca, gar\u0161vielu mais\u012bjums (s\u0101ls, glikoze, cukurs, paprikas pulveris, s\u012bpolu pulveris, tom\u0101tu pulveris, \u0137iploku pulveris, \u010dilli pulveris, aromatiz\u0113t\u0101ji un gar\u0161as vielas (tostarp ga\u013cas un bekona arom\u0101ts, rauga ekstrakts, k\u016bpin\u0101\u0161anas prepar\u0101ts), aromatiz\u0113t\u0101ja un gar\u0161as pastiprin\u0101t\u0101js n\u0101trija glutam\u0101ts, sk\u0101buma regulators citronsk\u0101be, p\u0101rtikas kr\u0101sviela paprikas ekstrakts.<\/p>\n<h3>Uzturv\u0113rt\u012bba uz 100 g produkta<\/h3>\n<table class=\"data-table\" cellspacing=\"0\">\n<tbody>\n<tr class=\"energy\">\n<td>Ener\u0123ija<\/td>\n<td class=\"text-right\">2176 kJ \/ 520 kcal<\/td>\n<\/tr>\n<tr>\n<td>Tauki<\/td>\n<td class=\"text-right\">26 g<\/td>\n<\/tr>\n<tr>\n<td class=\"sub\">Pies\u0101tin\u0101t\u0101s tauksk\u0101bes<\/td>\n<td class=\"text-right\">6,7 g<\/td>\n<\/tr>\n<tr>\n<td>Og\u013chidr\u0101ti<\/td>\n<td class=\"text-right\">60 g<\/td>\n<\/tr>\n<tr>\n<td class=\"sub\">Cukuri<\/td>\n<td class=\"text-right\">5,5 g<\/td>\n<\/tr>\n<tr>\n<td>\u0160\u0137iedrvielas<\/td>\n<td class=\"text-right\">6,4 g<\/td>\n<\/tr>\n<tr>\n<td>Olbaltumvielas<\/td>\n<td class=\"text-right\">8,2 g<\/td>\n<\/tr>\n<tr>\n<td>S\u0101ls (%)<\/td>\n<td class=\"text-right\">2,1 g<\/td>\n<\/tr>\n<\/tbody>\n<\/table>\n<\/div>","protected":false},"excerpt":{"rendered":"<p>Tootekirjeldus T\u015billi ja peekonimaitselised leivad Koostisosad leib 69% (nisujahu, rukkikroovjahu, t\u00e4isterarukkijahu, vesi, naturaalne juuretis, odralinnaseekstrakt, pressp\u00e4rm, sool), rapsi\u00f5li, palmi\u00f5li, maitseainesegu (sool, gl\u00fckoos, suhkur, paprikapulber, sibulapulber, tomatipulber, k\u00fc\u00fcslaugupulber, t\u0161illipulber, l\u00f5hna- ja maitseained (sh liha- ja peekoniaroom, p\u00e4rmiekstrakt, suitsutuspreparaat), l\u00f5hna- ja maitsetugevdaja naatriumvesinikglutamaat, happesuse regulaator sidrunhape, toiduv\u00e4rv paprika ekstrakt. Toitumisalane teave 100 g toote kohta Energia 2176 [&hellip;]<\/p>","protected":false},"featured_media":46288,"comment_status":"open","ping_status":"closed","template":"","meta":{"_acf_changed":false},"product_brand":[],"product_cat":[182,80,81],"product_tag":[],"class_list":{"0":"post-46287","1":"product","2":"type-product","3":"status-publish","4":"has-post-thumbnail","6":"product_cat-esiplaani-toode","7":"product_cat-snakid","8":"product_cat-kropsud","10":"first","11":"instock","12":"sale","13":"taxable","14":"shipping-taxable","15":"purchasable","16":"product-type-simple"},"supplier_id":22787,"supplier_sku":"","barcode":null,"atum_controlled":true,"out_stock_date":null,"out_stock_threshold":null,"inheritable":false,"inbound_stock":0,"stock_on_hold":193,"sold_today":136,"sales_last_days":1117,"reserved_stock":0,"customer_returns":0,"warehouse_damage":0,"lost_in_post":0,"other_logs":0,"out_stock_days":0,"lost_sales":0,"has_location":true,"update_date":"2026-02-12T15:42:06","atum_locations":[{"id":145,"name":"H2","slug":"h2"}],"atum_stock_status":"instock","restock_status":true,"low_stock_amount":"","sales_update_date":"2026-02-12T15:41:55","calc_backorders":null,"acf":[],"_links":{"self":[{"href":"https:\/\/vbd.dev.sumena.ee\/lv\/wp-json\/wp\/v2\/product\/46287","targetHints":{"allow":["GET"]}}],"collection":[{"href":"https:\/\/vbd.dev.sumena.ee\/lv\/wp-json\/wp\/v2\/product"}],"about":[{"href":"https:\/\/vbd.dev.sumena.ee\/lv\/wp-json\/wp\/v2\/types\/product"}],"replies":[{"embeddable":true,"href":"https:\/\/vbd.dev.sumena.ee\/lv\/wp-json\/wp\/v2\/comments?post=46287"}],"wp:featuredmedia":[{"embeddable":true,"href":"https:\/\/vbd.dev.sumena.ee\/lv\/wp-json\/wp\/v2\/media\/46288"}],"wp:attachment":[{"href":"https:\/\/vbd.dev.sumena.ee\/lv\/wp-json\/wp\/v2\/media?parent=46287"}],"wp:term":[{"taxonomy":"product_brand","embeddable":true,"href":"https:\/\/vbd.dev.sumena.ee\/lv\/wp-json\/wp\/v2\/product_brand?post=46287"},{"taxonomy":"product_cat","embeddable":true,"href":"https:\/\/vbd.dev.sumena.ee\/lv\/wp-json\/wp\/v2\/product_cat?post=46287"},{"taxonomy":"product_tag","embeddable":true,"href":"https:\/\/vbd.dev.sumena.ee\/lv\/wp-json\/wp\/v2\/product_tag?post=46287"}],"curies":[{"name":"wp","href":"https:\/\/api.w.org\/{rel}","templated":true}]}}