{"id":44289,"date":"2026-02-04T09:45:22","date_gmt":"2026-02-04T06:45:22","guid":{"rendered":"https:\/\/vbd.dev.sumena.ee\/?post_type=product&#038;p=44289"},"modified":"2026-02-12T18:23:17","modified_gmt":"2026-02-12T15:23:17","slug":"juustumaitselised-kartuliaastud-taffel-180g","status":"publish","type":"product","link":"https:\/\/vbd.dev.sumena.ee\/lv\/products-2\/juustumaitselised-kartuliaastud-taffel-180g\/","title":{"rendered":"Siera gar\u0161as kartupe\u013cu \u010dipsi, TAFFEL, 180 g"},"content":{"rendered":"<div class=\"Accordion AttributeAccordion\" data-v-28ef612e=\"\">\n<div class=\"Accordion__content\">\n<div class=\"AttributeAccordion__content\" data-v-28ef612e=\"\">Siera \u010dipsi pie\u0161\u0137ir vajadz\u012bgo dzirksti pat visparast\u0101kajai dienai. Vi\u013c\u0146ainas \u0161\u0137\u0113l\u012btes un pat\u012bkama gar\u0161a. Produkts nesatur gar\u0161as pastiprin\u0101t\u0101jus.<\/div>\n<\/div>\n<\/div>\n<div class=\"Accordion AttributeAccordion\" data-v-28ef612e=\"\"><\/div>\n<div class=\"Accordion AttributeAccordion\" data-v-28ef612e=\"\">\n<div class=\"Accordion__content\">\n<div class=\"AttributeAccordion__content\" data-v-28ef612e=\"\">\n<p><strong>Sast\u0101vda\u013cas: <\/strong>Kartupe\u013ci (61%), augu e\u013c\u013ca (saulespu\u0137u e\u013c\u013ca (S) vai palmu e\u013c\u013ca (P) vai rap\u0161u e\u013c\u013ca (R)), gar\u0161vielu mais\u012bjums (7%) (V\u0100DALA PERME\u0100TS (NO PIENA), s\u0101ls, dekstroze (no kukur\u016bzas, KVIE\u0160IEM), aromatiz\u0113t\u0101ji un gar\u0161as vielas (satur PIENU), SIERA PULVERS (NO PIENA) (7%), rauga ekstrakts, PETIPULVERS, s\u012bpolu pulveris, \u0137iploku pulveris, sk\u0101be (citronsk\u0101be), p\u0101rtikas kr\u0101sviela (paprikas ekstrakts), antioksidants (rozmar\u012bna ekstrakts)). Izmantot\u0101s e\u013c\u013cas veidu skat\u012bt pirms lieto\u0161anas der\u012bguma datum\u0101.<\/p>\n<p>* Produkta sast\u0101vs var main\u012bties. Pirms produkta lieto\u0161anas p\u0101rbaudiet uz iepakojuma nor\u0101d\u012bt\u0101s sast\u0101vda\u013cas.<\/p>\n<\/div>\n<\/div>\n<\/div>\n<div class=\"Accordion AttributeAccordion\" data-v-28ef612e=\"\"><\/div>\n<div class=\"Accordion__content\">\n<div class=\"AttributeAccordion__content\" data-v-28ef612e=\"\">\n<div data-v-33cd2938=\"\">\n<table class=\"ProductNutrition\" data-v-33cd2938=\"\">\n<tbody data-v-33cd2938=\"\">\n<tr data-v-33cd2938=\"\">\n<th class=\"ProductNutrition__title\" colspan=\"2\" data-v-33cd2938=\"\">uz 100 gramiem<\/th>\n<\/tr>\n<tr data-v-33cd2938=\"\">\n<th class=\"ProductNutrition__label\" data-v-33cd2938=\"\">Ener\u0123ijas saturs (kJ\/kcal)<\/th>\n<td class=\"ProductNutrition__value\" data-v-33cd2938=\"\">2238,4kJ\/535kcal<\/td>\n<\/tr>\n<tr data-v-33cd2938=\"\">\n<th class=\"ProductNutrition__label\" data-v-33cd2938=\"\">Tauki (g)<\/th>\n<td class=\"ProductNutrition__value\" data-v-33cd2938=\"\">32<\/td>\n<\/tr>\n<tr data-v-33cd2938=\"\">\n<th class=\"ProductNutrition__label\" data-v-33cd2938=\"\">No\u0101trin\u0101t\u0101s tauksk\u0101bes (g)<\/th>\n<td class=\"ProductNutrition__value\" data-v-33cd2938=\"\">3<\/td>\n<\/tr>\n<tr data-v-33cd2938=\"\">\n<th class=\"ProductNutrition__label\" data-v-33cd2938=\"\">Og\u013chidr\u0101ti (g)<\/th>\n<td class=\"ProductNutrition__value\" data-v-33cd2938=\"\">52<\/td>\n<\/tr>\n<tr data-v-33cd2938=\"\">\n<th class=\"ProductNutrition__label\" data-v-33cd2938=\"\">No k\u0101diem cukuriem (g)<\/th>\n<td class=\"ProductNutrition__value\" data-v-33cd2938=\"\">3,70<\/td>\n<\/tr>\n<tr data-v-33cd2938=\"\">\n<th class=\"ProductNutrition__label\" data-v-33cd2938=\"\">Olbaltumvielas (g)<\/th>\n<td class=\"ProductNutrition__value\" data-v-33cd2938=\"\">6,40<\/td>\n<\/tr>\n<tr data-v-33cd2938=\"\">\n<th class=\"ProductNutrition__label\" data-v-33cd2938=\"\">S\u0101ls (g)<\/th>\n<td class=\"ProductNutrition__value\" data-v-33cd2938=\"\">1,40<\/td>\n<\/tr>\n<\/tbody>\n<\/table>\n<\/div>\n<\/div>\n<\/div>","protected":false},"excerpt":{"rendered":"<p>Juustukr\u00f5psud lisavad vajaliku s\u00e4rtsu ka k\u00f5ige tavalisemale p\u00e4evale. Sakid ja m\u00f5nus maitse. Toode ei sisalda maitsetugevdajaid. Koostisosad: kartulid (61%), taime\u00f5li (p\u00e4evalille\u00f5li (S)* v\u00f5i palmi\u00f5li (P)* v\u00f5i rapsi\u00f5li (R)*), v\u00fcrtsisegu (7%) (VADAKU PERMEAAT (PIIMAST), sool, dekstroos (maisist, NISUst), l\u00f5hna- ja maitseained (sisaldab PIIMA), JUUSTUPULBER (PIIMAST) (7%), p\u00e4rmiekstrakt, PETIPULBER, sibulapulber, k\u00fc\u00fcslaugupulber, hape (sidrunhape), toiduv\u00e4rv (paprikaekstrakt), antioks\u00fcdant (rosmariiniekstrakt)). [&hellip;]<\/p>","protected":false},"featured_media":44290,"comment_status":"open","ping_status":"closed","template":"","meta":{"_acf_changed":false},"product_brand":[],"product_cat":[81],"product_tag":[],"class_list":{"0":"post-44289","1":"product","2":"type-product","3":"status-publish","4":"has-post-thumbnail","6":"product_cat-kropsud","8":"first","9":"instock","10":"sale","11":"taxable","12":"shipping-taxable","13":"purchasable","14":"product-type-simple"},"supplier_id":22786,"supplier_sku":"","barcode":null,"atum_controlled":true,"out_stock_date":null,"out_stock_threshold":null,"inheritable":false,"inbound_stock":0,"stock_on_hold":140,"sold_today":118,"sales_last_days":1050,"reserved_stock":0,"customer_returns":0,"warehouse_damage":0,"lost_in_post":0,"other_logs":0,"out_stock_days":0,"lost_sales":0,"has_location":true,"update_date":"2026-02-12T15:24:12","atum_locations":[{"id":148,"name":"F2","slug":"f2"}],"atum_stock_status":"instock","restock_status":true,"low_stock_amount":"","sales_update_date":"2026-02-12T15:24:02","calc_backorders":null,"acf":[],"_links":{"self":[{"href":"https:\/\/vbd.dev.sumena.ee\/lv\/wp-json\/wp\/v2\/product\/44289","targetHints":{"allow":["GET"]}}],"collection":[{"href":"https:\/\/vbd.dev.sumena.ee\/lv\/wp-json\/wp\/v2\/product"}],"about":[{"href":"https:\/\/vbd.dev.sumena.ee\/lv\/wp-json\/wp\/v2\/types\/product"}],"replies":[{"embeddable":true,"href":"https:\/\/vbd.dev.sumena.ee\/lv\/wp-json\/wp\/v2\/comments?post=44289"}],"wp:featuredmedia":[{"embeddable":true,"href":"https:\/\/vbd.dev.sumena.ee\/lv\/wp-json\/wp\/v2\/media\/44290"}],"wp:attachment":[{"href":"https:\/\/vbd.dev.sumena.ee\/lv\/wp-json\/wp\/v2\/media?parent=44289"}],"wp:term":[{"taxonomy":"product_brand","embeddable":true,"href":"https:\/\/vbd.dev.sumena.ee\/lv\/wp-json\/wp\/v2\/product_brand?post=44289"},{"taxonomy":"product_cat","embeddable":true,"href":"https:\/\/vbd.dev.sumena.ee\/lv\/wp-json\/wp\/v2\/product_cat?post=44289"},{"taxonomy":"product_tag","embeddable":true,"href":"https:\/\/vbd.dev.sumena.ee\/lv\/wp-json\/wp\/v2\/product_tag?post=44289"}],"curies":[{"name":"wp","href":"https:\/\/api.w.org\/{rel}","templated":true}]}}