{"id":42492,"date":"2026-01-19T19:24:59","date_gmt":"2026-01-19T16:24:59","guid":{"rendered":"https:\/\/vbd.dev.sumena.ee\/?post_type=product&#038;p=42492"},"modified":"2026-02-12T10:43:04","modified_gmt":"2026-02-12T07:43:04","slug":"koeramaius-dog-fest-lihapulgad-pardilihaga-45g","status":"publish","type":"product","link":"https:\/\/vbd.dev.sumena.ee\/lv\/products-2\/koeramaius-dog-fest-lihapulgad-pardilihaga-45g\/","title":{"rendered":"Su\u0146u na\u0161\u0137is, Dog Fest, ga\u013cas n\u016bji\u0146as ar p\u012bles ga\u013cu 45 g"},"content":{"rendered":"<p>M\u0101jdz\u012bvnieku na\u0161\u0137is. No gardaj\u0101m p\u012bles ga\u013cas desi\u0146\u0101m neatteiksies neviens suns. Zems kaloriju daudzums \u013cauj t\u0101s izmantot ar\u012b treni\u0146os. Desi\u0146as ir viegli sadal\u0101mas mazos gabali\u0146os un ide\u0101li piem\u0113rotas k\u0101 treni\u0146u k\u0101rums vis\u0101m su\u0146u \u0161\u0137irn\u0113m.<\/p>\n<h4>Noder\u012bga inform\u0101cija<\/h4>\n<p>Sast\u0101vs: p\u012bles ga\u013ca, d\u0101rze\u0146u atvasin\u0101jumi, miner\u0101lvielas.<\/p>\n<p>&nbsp;<\/p>\n<p>Anal\u012btisk\u0101 sast\u0101vs: rupjprote\u012bns 23%, rupj\u0101 taukviela 3,5%, \u0161\u0137iedrvielas 0,2%, rupj\u0101 pelni 4%, mitrums 23%.<\/p>\n<p><strong> Daudzums kast\u0113: 10 gab. <\/strong><\/p>","protected":false},"excerpt":{"rendered":"<p>Maiustus koertele. Isu\u00e4ratavatest pardliha vorstikestest ei \u00fctle \u00e4ra \u00fckski koer. Madal kaloriitsus v\u00f5imaldab neid kasutada dresseerimisel. Vorstikesed on kergesti murtavad v\u00e4ikesteks t\u00fckkideks ja sobivad ideaalselt treeningmaiuseks k\u00f5ikidele koerat\u00f5ugudele. Kasulik info Koostis: pardiliha,k\u00f6\u00f6giviljaderivaadid,mineraalid. &nbsp; Anal\u00fc\u00fctiline koostis: toorvalk 23%,toorrasv 3,5%,kiudained 0,2%,toortuhk 4%,niiskus 23% Kogus kastis: 10tk<\/p>","protected":false},"featured_media":42493,"comment_status":"open","ping_status":"closed","template":"","meta":{"_acf_changed":false},"product_brand":[],"product_cat":[91],"product_tag":[],"class_list":{"0":"post-42492","1":"product","2":"type-product","3":"status-publish","4":"has-post-thumbnail","6":"product_cat-loomatoit","8":"first","9":"instock","10":"sale","11":"taxable","12":"shipping-taxable","13":"purchasable","14":"product-type-simple"},"supplier_id":null,"supplier_sku":"","barcode":null,"atum_controlled":true,"out_stock_date":null,"out_stock_threshold":null,"inheritable":false,"inbound_stock":0,"stock_on_hold":5,"sold_today":1,"sales_last_days":66,"reserved_stock":0,"customer_returns":0,"warehouse_damage":0,"lost_in_post":0,"other_logs":0,"out_stock_days":0,"lost_sales":0,"has_location":true,"update_date":"2026-02-12T10:31:31","atum_locations":[{"id":97,"name":"G","slug":"g"}],"atum_stock_status":"instock","restock_status":false,"low_stock_amount":"","sales_update_date":"2026-02-12T10:31:21","calc_backorders":null,"acf":[],"_links":{"self":[{"href":"https:\/\/vbd.dev.sumena.ee\/lv\/wp-json\/wp\/v2\/product\/42492","targetHints":{"allow":["GET"]}}],"collection":[{"href":"https:\/\/vbd.dev.sumena.ee\/lv\/wp-json\/wp\/v2\/product"}],"about":[{"href":"https:\/\/vbd.dev.sumena.ee\/lv\/wp-json\/wp\/v2\/types\/product"}],"replies":[{"embeddable":true,"href":"https:\/\/vbd.dev.sumena.ee\/lv\/wp-json\/wp\/v2\/comments?post=42492"}],"wp:featuredmedia":[{"embeddable":true,"href":"https:\/\/vbd.dev.sumena.ee\/lv\/wp-json\/wp\/v2\/media\/42493"}],"wp:attachment":[{"href":"https:\/\/vbd.dev.sumena.ee\/lv\/wp-json\/wp\/v2\/media?parent=42492"}],"wp:term":[{"taxonomy":"product_brand","embeddable":true,"href":"https:\/\/vbd.dev.sumena.ee\/lv\/wp-json\/wp\/v2\/product_brand?post=42492"},{"taxonomy":"product_cat","embeddable":true,"href":"https:\/\/vbd.dev.sumena.ee\/lv\/wp-json\/wp\/v2\/product_cat?post=42492"},{"taxonomy":"product_tag","embeddable":true,"href":"https:\/\/vbd.dev.sumena.ee\/lv\/wp-json\/wp\/v2\/product_tag?post=42492"}],"curies":[{"name":"wp","href":"https:\/\/api.w.org\/{rel}","templated":true}]}}