{"id":41250,"date":"2025-10-10T18:45:03","date_gmt":"2025-10-10T15:45:03","guid":{"rendered":"https:\/\/vbd.dev.sumena.ee\/?post_type=product&#038;p=41250"},"modified":"2026-02-11T19:27:03","modified_gmt":"2026-02-11T16:27:03","slug":"krobedad-pizzetta-kropsud-marinara-70g","status":"publish","type":"product","link":"https:\/\/vbd.dev.sumena.ee\/lv\/products-2\/krobedad-pizzetta-kropsud-marinara-70g\/","title":{"rendered":"Krauk\u0161\u0137\u012bg\u0101s Pizzetta \u010dipsi &#8220;Marinara&#8221; 70g"},"content":{"rendered":"<p>Sabalans\u0113ta it\u0101lie\u0161u stila tom\u0101tu, siera un viegli pikanto gar\u0161u cien\u012bt\u0101jiem rad\u012bts ekskluz\u012bvs uzkodu izstr\u0101d\u0101jums &#8211; &#8220;Piceta Chips&#8221;Marinara&#8221;. Tas apvieno It\u0101lijas picas tradicion\u0101l\u0101s sast\u0101vda\u013cas: Mozzarella sieru, ol\u012bve\u013c\u013cu, tom\u0101tu un baziliku, k\u0101 ar\u012b ori\u0123in\u0101lu \u010dili piparu, \u0137iploku, rozmar\u012bna un paprikas mais\u012bjumu.<\/p>\n<p><strong>Sast\u0101vda\u013cas: <\/strong>Premium kvie\u0161u milti, sviests (9,9%), cietais siers (9,9%), Mozzarella siers (3,3%), ol\u012bve\u013c\u013ca (3,3%), s\u0101ls, kalt\u0113ta s\u012bpola (1,7%), kalt\u0113ts tom\u0101ts (1,3%), cepamais pulveris (soda), sk\u0101buma regulators (citronsk\u0101be), raudene (0,3%).<\/p>\n<p>Uzturv\u0113rt\u012bba uz 100 g:<\/p>\n<p>Ener\u0123ija: 1547 kJ \/ 369 kcal<\/p>\n<p>tauki: 15 g<\/p>\n<p>no pies\u0101tin\u0101t\u0101s tauksk\u0101bes: 8 g<\/p>\n<p>og\u013chidr\u0101ti: 48.2 g<\/p>\n<p>no kuriem cukuri: 0.9 g<\/p>\n<p>\u0161\u0137iedrvielas: 2.9 g<\/p>\n<p>olbaltumvielas: 11 g<\/p>\n<p>s\u0101ls: 3.2 g<\/p>","protected":false},"excerpt":{"rendered":"<p>Der\u012bguma termi\u0146\u0161: 15.01.2026 Daudzpaka: 12<\/p>","protected":false},"featured_media":41251,"comment_status":"open","ping_status":"closed","template":"","meta":{"_acf_changed":false},"product_brand":[],"product_cat":[80,81],"product_tag":[],"class_list":{"0":"post-41250","1":"product","2":"type-product","3":"status-publish","4":"has-post-thumbnail","6":"product_cat-snakid","7":"product_cat-kropsud","9":"first","10":"instock","11":"sale","12":"taxable","13":"shipping-taxable","14":"purchasable","15":"product-type-simple"},"supplier_id":null,"supplier_sku":"","barcode":null,"atum_controlled":true,"out_stock_date":null,"out_stock_threshold":null,"inheritable":false,"inbound_stock":0,"stock_on_hold":3,"sold_today":0,"sales_last_days":97,"reserved_stock":0,"customer_returns":0,"warehouse_damage":0,"lost_in_post":0,"other_logs":0,"out_stock_days":0,"lost_sales":0,"has_location":true,"update_date":"2026-02-12T15:46:03","atum_locations":[{"id":146,"name":"I2","slug":"i2"}],"atum_stock_status":"instock","restock_status":false,"low_stock_amount":"","sales_update_date":"2026-02-12T15:45:54","calc_backorders":null,"acf":[],"_links":{"self":[{"href":"https:\/\/vbd.dev.sumena.ee\/lv\/wp-json\/wp\/v2\/product\/41250","targetHints":{"allow":["GET"]}}],"collection":[{"href":"https:\/\/vbd.dev.sumena.ee\/lv\/wp-json\/wp\/v2\/product"}],"about":[{"href":"https:\/\/vbd.dev.sumena.ee\/lv\/wp-json\/wp\/v2\/types\/product"}],"replies":[{"embeddable":true,"href":"https:\/\/vbd.dev.sumena.ee\/lv\/wp-json\/wp\/v2\/comments?post=41250"}],"wp:featuredmedia":[{"embeddable":true,"href":"https:\/\/vbd.dev.sumena.ee\/lv\/wp-json\/wp\/v2\/media\/41251"}],"wp:attachment":[{"href":"https:\/\/vbd.dev.sumena.ee\/lv\/wp-json\/wp\/v2\/media?parent=41250"}],"wp:term":[{"taxonomy":"product_brand","embeddable":true,"href":"https:\/\/vbd.dev.sumena.ee\/lv\/wp-json\/wp\/v2\/product_brand?post=41250"},{"taxonomy":"product_cat","embeddable":true,"href":"https:\/\/vbd.dev.sumena.ee\/lv\/wp-json\/wp\/v2\/product_cat?post=41250"},{"taxonomy":"product_tag","embeddable":true,"href":"https:\/\/vbd.dev.sumena.ee\/lv\/wp-json\/wp\/v2\/product_tag?post=41250"}],"curies":[{"name":"wp","href":"https:\/\/api.w.org\/{rel}","templated":true}]}}