{"id":40236,"date":"2026-01-28T13:42:59","date_gmt":"2026-01-28T10:42:59","guid":{"rendered":"https:\/\/vbd.dev.sumena.ee\/?post_type=product&#038;p=40236"},"modified":"2026-02-12T18:46:57","modified_gmt":"2026-02-12T15:46:57","slug":"india-pahklid-arimex-300g","status":"publish","type":"product","link":"https:\/\/vbd.dev.sumena.ee\/lv\/products-2\/india-pahklid-arimex-300g\/","title":{"rendered":"Indijas rieksti ARIMEX 300 g"},"content":{"rendered":"<dl class=\"b-product-info--info-2\">\n<dt class=\"b-product-info--info-3-title\">Sast\u0101vs<\/dt>\n<dd>Indijas Rieksti<\/dd>\n<dt class=\"b-product-info--info-3-title\">Uzglab\u0101\u0161anas nosac\u012bjumi<\/dt>\n<dd>Uzglab\u0101\u0161anas temperat\u016bra: no 5\u00b0C l\u012bdz 25\u00b0C.<\/dd>\n<\/dl>\n<h3 class=\"b-product-info--info-3-title\">Uzturv\u0113rt\u012bba (100 g\/ml)<\/h3>\n<div class=\"row\">\n<div class=\"col-md-4\">\n<table class=\"table table-striped table-condensed\">\n<tbody>\n<tr>\n<td>Ener\u0123ija<\/td>\n<td class=\"b-text-right\">2548,10 kJ \/ 609,00 Kcal<\/td>\n<\/tr>\n<tr>\n<td>Tauki<\/td>\n<td class=\"b-text-right\">46,00 g<\/td>\n<\/tr>\n<tr>\n<td>no k\u0101 pies\u0101tin\u0101t\u0101s tauksk\u0101bes<\/td>\n<td class=\"b-text-right\">8,40 g<\/td>\n<\/tr>\n<tr>\n<td>Og\u013chidr\u0101ti<\/td>\n<td class=\"b-text-right\">24,00 g<\/td>\n<\/tr>\n<tr>\n<td>no k\u0101 cukuriem<\/td>\n<td class=\"b-text-right\">6,00 g<\/td>\n<\/tr>\n<tr>\n<td>Olbaltumvielas<\/td>\n<td class=\"b-text-right\">13,30 g<\/td>\n<\/tr>\n<tr>\n<td>S\u0101ls<\/td>\n<td class=\"b-text-right\">0,04 g<\/td>\n<\/tr>\n<\/tbody>\n<\/table>\n<\/div>\n<\/div>","protected":false},"excerpt":{"rendered":"<p>Koostisosad INDIA P\u00c4HKEL S\u00e4ilitamistingimused S\u00e4ilitamistemperatuur: alates 5\u00b0C kuni 25\u00b0C. Toitev\u00e4\u00e4rtus (100 g\/ml) Energiat 2548,10 kJ \/ 609,00 Kcal Rasvad 46,00 g millest k\u00fcllastunud rasvhappeid 8,40 g S\u00fcsivesikud 24,00 g millest suhkruid 6,00 g Valgud 13,30 g Sool 0,04 g<\/p>","protected":false},"featured_media":40237,"comment_status":"open","ping_status":"closed","template":"","meta":{"_acf_changed":false},"product_brand":[],"product_cat":[116],"product_tag":[],"class_list":{"0":"post-40236","1":"product","2":"type-product","3":"status-publish","4":"has-post-thumbnail","6":"product_cat-pahklid","8":"first","9":"instock","10":"sale","11":"taxable","12":"shipping-taxable","13":"purchasable","14":"product-type-simple"},"supplier_id":23376,"supplier_sku":"","barcode":null,"atum_controlled":true,"out_stock_date":null,"out_stock_threshold":null,"inheritable":false,"inbound_stock":0,"stock_on_hold":7,"sold_today":16,"sales_last_days":241,"reserved_stock":0,"customer_returns":0,"warehouse_damage":0,"lost_in_post":0,"other_logs":0,"out_stock_days":0,"lost_sales":0,"has_location":true,"update_date":"2026-02-12T15:47:30","atum_locations":[{"id":146,"name":"I2","slug":"i2"}],"atum_stock_status":"instock","restock_status":false,"low_stock_amount":"","sales_update_date":"2026-02-12T15:47:21","calc_backorders":null,"acf":[],"_links":{"self":[{"href":"https:\/\/vbd.dev.sumena.ee\/lv\/wp-json\/wp\/v2\/product\/40236","targetHints":{"allow":["GET"]}}],"collection":[{"href":"https:\/\/vbd.dev.sumena.ee\/lv\/wp-json\/wp\/v2\/product"}],"about":[{"href":"https:\/\/vbd.dev.sumena.ee\/lv\/wp-json\/wp\/v2\/types\/product"}],"replies":[{"embeddable":true,"href":"https:\/\/vbd.dev.sumena.ee\/lv\/wp-json\/wp\/v2\/comments?post=40236"}],"wp:featuredmedia":[{"embeddable":true,"href":"https:\/\/vbd.dev.sumena.ee\/lv\/wp-json\/wp\/v2\/media\/40237"}],"wp:attachment":[{"href":"https:\/\/vbd.dev.sumena.ee\/lv\/wp-json\/wp\/v2\/media?parent=40236"}],"wp:term":[{"taxonomy":"product_brand","embeddable":true,"href":"https:\/\/vbd.dev.sumena.ee\/lv\/wp-json\/wp\/v2\/product_brand?post=40236"},{"taxonomy":"product_cat","embeddable":true,"href":"https:\/\/vbd.dev.sumena.ee\/lv\/wp-json\/wp\/v2\/product_cat?post=40236"},{"taxonomy":"product_tag","embeddable":true,"href":"https:\/\/vbd.dev.sumena.ee\/lv\/wp-json\/wp\/v2\/product_tag?post=40236"}],"curies":[{"name":"wp","href":"https:\/\/api.w.org\/{rel}","templated":true}]}}