{"id":366166,"date":"2026-02-11T20:59:38","date_gmt":"2026-02-11T17:59:38","guid":{"rendered":"https:\/\/vbd.dev.sumena.ee\/?post_type=product&#038;p=366166"},"modified":"2026-02-12T13:41:15","modified_gmt":"2026-02-12T10:41:15","slug":"vitamin-d3-swiss-ovit-2000iu-n30","status":"publish","type":"product","link":"https:\/\/vbd.dev.sumena.ee\/lv\/products-2\/vitamin-d3-swiss-ovit-2000iu-n30\/","title":{"rendered":"Vitamin D3 Swiss Ovit 2000iU N30"},"content":{"rendered":"<p><b>Tootetutvustus<\/b><br \/>\nVitamiin D aitab hoida luid ja hambaid normaalsena ning toetab immuuns\u00fcsteemi normaalset talitlust. Vitamiin K2 aitab kaasa vere normaalsele h\u00fc\u00fcbimisele ja hoida luid normaalsena.<\/p>\n<p>Laktoosi ja Gluteenivaba.<\/p>\n<p><b>P\u00e4evaseks tarbimiseks soovitatav kogus ning tarvitamisjuhised<\/b><br \/>\n1 kapsel p\u00e4evas.<\/p>\n<p><b>Sisaldus p\u00e4evase annuse kohta<\/b><br \/>\n1 kapsli kaal 591,0mg koostisosad: 1 kapsli kohta % NRV*<br \/>\nD3-vitamiin (kolekaltsiferool) 100 \u00b5g\/4000 IU** 2000%<br \/>\nVitamiin K2 40ug 53%<\/p>\n<p>*NRV &#8211; p\u00e4evane v\u00f5rdluskogus t\u00e4iskasvanutel, soovitatav p\u00e4evane kogus vastavalt EL-i m\u00e4\u00e4rusele 1169\/2011<\/p>","protected":false},"excerpt":{"rendered":"<p>Tootetutvustus Vitamiin D aitab hoida luid ja hambaid normaalsena ning toetab immuuns\u00fcsteemi normaalset talitlust. Vitamiin K2 aitab kaasa vere normaalsele h\u00fc\u00fcbimisele ja hoida luid normaalsena. Laktoosi ja Gluteenivaba. P\u00e4evaseks tarbimiseks soovitatav kogus ning tarvitamisjuhised 1 kapsel p\u00e4evas. Sisaldus p\u00e4evase annuse kohta 1 kapsli kaal 591,0mg koostisosad: 1 kapsli kohta % NRV* D3-vitamiin (kolekaltsiferool) 100 \u00b5g\/4000 [&hellip;]<\/p>","protected":false},"featured_media":366167,"comment_status":"open","ping_status":"closed","template":"","meta":{"_acf_changed":false},"product_brand":[],"product_cat":[160,104],"product_tag":[],"class_list":{"0":"post-366166","1":"product","2":"type-product","3":"status-publish","4":"has-post-thumbnail","6":"product_cat-tervisekaubad","7":"product_cat-enesehooldus","9":"first","10":"instock","11":"sale","12":"taxable","13":"shipping-taxable","14":"purchasable","15":"product-type-simple"},"supplier_id":null,"supplier_sku":"","barcode":null,"atum_controlled":true,"out_stock_date":null,"out_stock_threshold":null,"inheritable":false,"inbound_stock":0,"stock_on_hold":0,"sold_today":1,"sales_last_days":1,"reserved_stock":0,"customer_returns":0,"warehouse_damage":0,"lost_in_post":0,"other_logs":0,"out_stock_days":0,"lost_sales":0,"has_location":false,"update_date":"2026-02-12T10:50:21","atum_locations":[],"atum_stock_status":"instock","restock_status":false,"low_stock_amount":"","sales_update_date":"2026-02-12T10:50:12","calc_backorders":null,"acf":[],"_links":{"self":[{"href":"https:\/\/vbd.dev.sumena.ee\/lv\/wp-json\/wp\/v2\/product\/366166","targetHints":{"allow":["GET"]}}],"collection":[{"href":"https:\/\/vbd.dev.sumena.ee\/lv\/wp-json\/wp\/v2\/product"}],"about":[{"href":"https:\/\/vbd.dev.sumena.ee\/lv\/wp-json\/wp\/v2\/types\/product"}],"replies":[{"embeddable":true,"href":"https:\/\/vbd.dev.sumena.ee\/lv\/wp-json\/wp\/v2\/comments?post=366166"}],"wp:featuredmedia":[{"embeddable":true,"href":"https:\/\/vbd.dev.sumena.ee\/lv\/wp-json\/wp\/v2\/media\/366167"}],"wp:attachment":[{"href":"https:\/\/vbd.dev.sumena.ee\/lv\/wp-json\/wp\/v2\/media?parent=366166"}],"wp:term":[{"taxonomy":"product_brand","embeddable":true,"href":"https:\/\/vbd.dev.sumena.ee\/lv\/wp-json\/wp\/v2\/product_brand?post=366166"},{"taxonomy":"product_cat","embeddable":true,"href":"https:\/\/vbd.dev.sumena.ee\/lv\/wp-json\/wp\/v2\/product_cat?post=366166"},{"taxonomy":"product_tag","embeddable":true,"href":"https:\/\/vbd.dev.sumena.ee\/lv\/wp-json\/wp\/v2\/product_tag?post=366166"}],"curies":[{"name":"wp","href":"https:\/\/api.w.org\/{rel}","templated":true}]}}