{"id":366162,"date":"2026-02-11T20:53:24","date_gmt":"2026-02-11T17:53:24","guid":{"rendered":"https:\/\/vbd.dev.sumena.ee\/?post_type=product&#038;p=366162"},"modified":"2026-02-12T16:26:02","modified_gmt":"2026-02-12T13:26:02","slug":"kookosrullid-thai-coco-banaaniga-140g","status":"publish","type":"product","link":"https:\/\/vbd.dev.sumena.ee\/lv\/products-2\/kookosrullid-thai-coco-banaaniga-140g\/","title":{"rendered":"Kookosrullid THAI COCO banaaniga 140g"},"content":{"rendered":"<p>Thai Coco imemaitsvad 100% ehtsast kookosest kookosrullid banaaniga. Gluteenivaba. Vegan.<\/p>\n<p><strong>Sast\u0101vda\u013cas:<\/strong> kookoskreem, tapiokit\u00e4rklis, suhkur, must SEESAM, banaanipulber, sool, looduslik banaani l\u00f5hna- ja maitseaine, toiduv\u00e4rv: beetakaroteen (E160).<\/p>","protected":false},"excerpt":{"rendered":"<p>Thai Coco imemaitsvad 100% ehtsast kookosest kookosrullid banaaniga. Gluteenivaba. Vegan. Koostisosad: kookoskreem, tapiokit\u00e4rklis, suhkur, must SEESAM, banaanipulber, sool, looduslik banaani l\u00f5hna- ja maitseaine, toiduv\u00e4rv: beetakaroteen (E160).<\/p>","protected":false},"featured_media":366164,"comment_status":"open","ping_status":"closed","template":"","meta":{"_acf_changed":false},"product_brand":[],"product_cat":[77,80,82],"product_tag":[],"class_list":{"0":"post-366162","1":"product","2":"type-product","3":"status-publish","4":"has-post-thumbnail","6":"product_cat-maiustused","7":"product_cat-snakid","8":"product_cat-muu-hea","10":"first","11":"instock","12":"sale","13":"taxable","14":"shipping-taxable","15":"purchasable","16":"product-type-simple"},"supplier_id":null,"supplier_sku":"","barcode":null,"atum_controlled":true,"out_stock_date":null,"out_stock_threshold":null,"inheritable":false,"inbound_stock":0,"stock_on_hold":64,"sold_today":44,"sales_last_days":97,"reserved_stock":0,"customer_returns":0,"warehouse_damage":0,"lost_in_post":0,"other_logs":0,"out_stock_days":0,"lost_sales":0,"has_location":false,"update_date":"2026-02-12T13:37:52","atum_locations":[],"atum_stock_status":"instock","restock_status":false,"low_stock_amount":"","sales_update_date":"2026-02-12T13:37:42","calc_backorders":null,"acf":[],"_links":{"self":[{"href":"https:\/\/vbd.dev.sumena.ee\/lv\/wp-json\/wp\/v2\/product\/366162","targetHints":{"allow":["GET"]}}],"collection":[{"href":"https:\/\/vbd.dev.sumena.ee\/lv\/wp-json\/wp\/v2\/product"}],"about":[{"href":"https:\/\/vbd.dev.sumena.ee\/lv\/wp-json\/wp\/v2\/types\/product"}],"replies":[{"embeddable":true,"href":"https:\/\/vbd.dev.sumena.ee\/lv\/wp-json\/wp\/v2\/comments?post=366162"}],"wp:featuredmedia":[{"embeddable":true,"href":"https:\/\/vbd.dev.sumena.ee\/lv\/wp-json\/wp\/v2\/media\/366164"}],"wp:attachment":[{"href":"https:\/\/vbd.dev.sumena.ee\/lv\/wp-json\/wp\/v2\/media?parent=366162"}],"wp:term":[{"taxonomy":"product_brand","embeddable":true,"href":"https:\/\/vbd.dev.sumena.ee\/lv\/wp-json\/wp\/v2\/product_brand?post=366162"},{"taxonomy":"product_cat","embeddable":true,"href":"https:\/\/vbd.dev.sumena.ee\/lv\/wp-json\/wp\/v2\/product_cat?post=366162"},{"taxonomy":"product_tag","embeddable":true,"href":"https:\/\/vbd.dev.sumena.ee\/lv\/wp-json\/wp\/v2\/product_tag?post=366162"}],"curies":[{"name":"wp","href":"https:\/\/api.w.org\/{rel}","templated":true}]}}