{"id":366156,"date":"2026-02-11T20:49:46","date_gmt":"2026-02-11T17:49:46","guid":{"rendered":"https:\/\/vbd.dev.sumena.ee\/?post_type=product&#038;p=366156"},"modified":"2026-02-12T15:59:51","modified_gmt":"2026-02-12T12:59:51","slug":"tortilla-kropsud-mister-freed-tsilli-laimi-maitselised-135g","status":"publish","type":"product","link":"https:\/\/vbd.dev.sumena.ee\/lv\/products-2\/tortilla-kropsud-mister-freed-tsilli-laimi-maitselised-135g\/","title":{"rendered":"Tortilla kr\u00f5psud MISTER FREE`D t\u0161illi-laimi maitselised 135g"},"content":{"rendered":"<p><strong>Sast\u0101vda\u013cas:<\/strong> mais (72%), p\u00e4evalille\u00f5li, t\u0161illipipar, laimi maitseaine [l\u00f5hna- ja maitseaine, v\u00fcrtsid (0,84% t\u0161illipipra pulber), sool, gl\u00fckoos, hape (sidrunhape), toiduv\u00e4rv (paprika ekstrakt)]. Toodetud PIIMA k\u00e4itlevas tehases.<\/p>","protected":false},"excerpt":{"rendered":"<p>Koostisosad: mais (72%), p\u00e4evalille\u00f5li, t\u0161illipipar, laimi maitseaine [l\u00f5hna- ja maitseaine, v\u00fcrtsid (0,84% t\u0161illipipra pulber), sool, gl\u00fckoos, hape (sidrunhape), toiduv\u00e4rv (paprika ekstrakt)]. Toodetud PIIMA k\u00e4itlevas tehases.<\/p>","protected":false},"featured_media":366160,"comment_status":"open","ping_status":"closed","template":"","meta":{"_acf_changed":false},"product_brand":[],"product_cat":[80,81],"product_tag":[],"class_list":{"0":"post-366156","1":"product","2":"type-product","3":"status-publish","4":"has-post-thumbnail","6":"product_cat-snakid","7":"product_cat-kropsud","9":"first","10":"instock","11":"sale","12":"taxable","13":"shipping-taxable","14":"purchasable","15":"product-type-simple"},"supplier_id":null,"supplier_sku":"","barcode":null,"atum_controlled":true,"out_stock_date":null,"out_stock_threshold":null,"inheritable":false,"inbound_stock":0,"stock_on_hold":45,"sold_today":73,"sales_last_days":98,"reserved_stock":0,"customer_returns":0,"warehouse_damage":0,"lost_in_post":0,"other_logs":0,"out_stock_days":0,"lost_sales":0,"has_location":false,"update_date":"2026-02-12T13:17:01","atum_locations":[],"atum_stock_status":"instock","restock_status":false,"low_stock_amount":"","sales_update_date":"2026-02-12T13:16:52","calc_backorders":null,"acf":[],"_links":{"self":[{"href":"https:\/\/vbd.dev.sumena.ee\/lv\/wp-json\/wp\/v2\/product\/366156","targetHints":{"allow":["GET"]}}],"collection":[{"href":"https:\/\/vbd.dev.sumena.ee\/lv\/wp-json\/wp\/v2\/product"}],"about":[{"href":"https:\/\/vbd.dev.sumena.ee\/lv\/wp-json\/wp\/v2\/types\/product"}],"replies":[{"embeddable":true,"href":"https:\/\/vbd.dev.sumena.ee\/lv\/wp-json\/wp\/v2\/comments?post=366156"}],"wp:featuredmedia":[{"embeddable":true,"href":"https:\/\/vbd.dev.sumena.ee\/lv\/wp-json\/wp\/v2\/media\/366160"}],"wp:attachment":[{"href":"https:\/\/vbd.dev.sumena.ee\/lv\/wp-json\/wp\/v2\/media?parent=366156"}],"wp:term":[{"taxonomy":"product_brand","embeddable":true,"href":"https:\/\/vbd.dev.sumena.ee\/lv\/wp-json\/wp\/v2\/product_brand?post=366156"},{"taxonomy":"product_cat","embeddable":true,"href":"https:\/\/vbd.dev.sumena.ee\/lv\/wp-json\/wp\/v2\/product_cat?post=366156"},{"taxonomy":"product_tag","embeddable":true,"href":"https:\/\/vbd.dev.sumena.ee\/lv\/wp-json\/wp\/v2\/product_tag?post=366156"}],"curies":[{"name":"wp","href":"https:\/\/api.w.org\/{rel}","templated":true}]}}