{"id":366153,"date":"2026-02-11T20:46:07","date_gmt":"2026-02-11T17:46:07","guid":{"rendered":"https:\/\/vbd.dev.sumena.ee\/?post_type=product&#038;p=366153"},"modified":"2026-02-12T18:40:35","modified_gmt":"2026-02-12T15:40:35","slug":"riisinuudlid-hello-kuuslaugu-ja-sibulamaitselised-76g","status":"publish","type":"product","link":"https:\/\/vbd.dev.sumena.ee\/lv\/products-2\/riisinuudlid-hello-kuuslaugu-ja-sibulamaitselised-76g\/","title":{"rendered":"Riisinuudlid Hello k\u00fc\u00fcslaugu- ja sibulamaitselised 76g"},"content":{"rendered":"<div class=\"sc-ce819573-1 gHezBb\" data-test-id=\"product-info-ingredients\">\n<div>\n<h3 class=\"izDEqE llpRim gZSiXk kvXNxI lgoqEg fygOE ijAptY\">Sast\u0101vs<\/h3>\n<div class=\"sc-ce819573-2 kdA-Djm\">\n<p>Koostisosad: Riisinuudlid (77, 4%): riis 66, 0%, paksendajad (E1404, E1420), sool, emulgaatorid (E322, E466). Supp (9, 8%): suhkur, mai tsetugevdajad (E621, E631, E627), sool, v\u00fcrtsid, k\u00fc\u00fcslauk 0, 4%, kunstlik kana maitseaine, p\u00e4rmiekstrakt, KREVETIpulber (parapenaeop sis), tapiokit\u00e4rklis, happesuse regulaator (E330), v\u00e4rvaine (E150a), paakumisvastane aine (E551) [nano], taime\u00f5li (palmi\u00f5li, antioks \u00fcdandid (E320, E321)). \u00d5li (11, 1%): taime\u00f5li (palmi\u00f5li, antioks\u00fcdandid (E320, E321)), k\u00fc\u00fcslauk 0, 9%, \u0161alottsibul, SELLER. K\u00f6\u00f6givilja d (1, 7%): kuivatatud porgand, kuivatatud talisibul 0, 7%.<\/p>\n<\/div>\n<\/div>\n<\/div>\n<div class=\"sc-ce819573-1 gHezBb\" data-test-id=\"product-info-ean\">\n<div><\/div>\n<\/div>","protected":false},"excerpt":{"rendered":"<p>Koostisosad Koostisosad: Riisinuudlid (77, 4%): riis 66, 0%, paksendajad (E1404, E1420), sool, emulgaatorid (E322, E466). Supp (9, 8%): suhkur, mai tsetugevdajad (E621, E631, E627), sool, v\u00fcrtsid, k\u00fc\u00fcslauk 0, 4%, kunstlik kana maitseaine, p\u00e4rmiekstrakt, KREVETIpulber (parapenaeop sis), tapiokit\u00e4rklis, happesuse regulaator (E330), v\u00e4rvaine (E150a), paakumisvastane aine (E551) [nano], taime\u00f5li (palmi\u00f5li, antioks \u00fcdandid (E320, E321)). \u00d5li (11, 1%): [&hellip;]<\/p>","protected":false},"featured_media":366154,"comment_status":"open","ping_status":"closed","template":"","meta":{"_acf_changed":false},"product_brand":[],"product_cat":[86,89],"product_tag":[],"class_list":{"0":"post-366153","1":"product","2":"type-product","3":"status-publish","4":"has-post-thumbnail","6":"product_cat-kuivained","7":"product_cat-valmistoit","9":"first","10":"instock","11":"sale","12":"taxable","13":"shipping-taxable","14":"purchasable","15":"product-type-simple"},"supplier_id":null,"supplier_sku":"","barcode":null,"atum_controlled":true,"out_stock_date":null,"out_stock_threshold":null,"inheritable":false,"inbound_stock":0,"stock_on_hold":95,"sold_today":128,"sales_last_days":250,"reserved_stock":0,"customer_returns":0,"warehouse_damage":0,"lost_in_post":0,"other_logs":0,"out_stock_days":0,"lost_sales":0,"has_location":false,"update_date":"2026-02-12T15:41:49","atum_locations":[],"atum_stock_status":"instock","restock_status":false,"low_stock_amount":"","sales_update_date":"2026-02-12T15:41:39","calc_backorders":null,"acf":[],"_links":{"self":[{"href":"https:\/\/vbd.dev.sumena.ee\/lv\/wp-json\/wp\/v2\/product\/366153","targetHints":{"allow":["GET"]}}],"collection":[{"href":"https:\/\/vbd.dev.sumena.ee\/lv\/wp-json\/wp\/v2\/product"}],"about":[{"href":"https:\/\/vbd.dev.sumena.ee\/lv\/wp-json\/wp\/v2\/types\/product"}],"replies":[{"embeddable":true,"href":"https:\/\/vbd.dev.sumena.ee\/lv\/wp-json\/wp\/v2\/comments?post=366153"}],"wp:featuredmedia":[{"embeddable":true,"href":"https:\/\/vbd.dev.sumena.ee\/lv\/wp-json\/wp\/v2\/media\/366154"}],"wp:attachment":[{"href":"https:\/\/vbd.dev.sumena.ee\/lv\/wp-json\/wp\/v2\/media?parent=366153"}],"wp:term":[{"taxonomy":"product_brand","embeddable":true,"href":"https:\/\/vbd.dev.sumena.ee\/lv\/wp-json\/wp\/v2\/product_brand?post=366153"},{"taxonomy":"product_cat","embeddable":true,"href":"https:\/\/vbd.dev.sumena.ee\/lv\/wp-json\/wp\/v2\/product_cat?post=366153"},{"taxonomy":"product_tag","embeddable":true,"href":"https:\/\/vbd.dev.sumena.ee\/lv\/wp-json\/wp\/v2\/product_tag?post=366153"}],"curies":[{"name":"wp","href":"https:\/\/api.w.org\/{rel}","templated":true}]}}