{"id":366149,"date":"2026-02-11T20:38:42","date_gmt":"2026-02-11T17:38:42","guid":{"rendered":"https:\/\/vbd.dev.sumena.ee\/?post_type=product&#038;p=366149"},"modified":"2026-02-12T15:53:34","modified_gmt":"2026-02-12T12:53:34","slug":"muslibatoon-corny-big-zero-maapahklite-ja-piimasokolaadiga-40g","status":"publish","type":"product","link":"https:\/\/vbd.dev.sumena.ee\/lv\/products-2\/muslibatoon-corny-big-zero-maapahklite-ja-piimasokolaadiga-40g\/","title":{"rendered":"m\u00fcslibatoon Corny BIG zero maap\u00e4hklite ja piima\u0161okolaadiga 40g"},"content":{"rendered":"<p>Corny BIG ZERO m\u00fcslibatoon maap\u00e4hklite ja piima\u0161okolaadiga ning magusainetega. Sisaldab 37% t\u00e4istera. Ilma lisatud suhkruta. Sisalda b looduslikult esinevaid suhkruid. Ei sisalda v\u00e4rv- ega s\u00e4ilitusaineid.<\/p>\n<div class=\"sc-ce819573-1 gHezBb\" data-test-id=\"product-info-ingredients\">\n<div>\n<h3 class=\"izDEqE llpRim gZSiXk kvXNxI lgoqEg fygOE ijAptY\">Sast\u0101vs<\/h3>\n<div class=\"sc-ce819573-2 kdA-Djm\">\n<p>magusaine maltitoolisiirup, t\u00e4isteraNISUst kr\u00f5psud (t\u00e4isteraNISUjahu 27%, NISUGLUTEEN, ODRAlinnaseekstrakt), t\u00e4isPIIMA\u0161okolaad magusainega 10% (magusaine maltitool, kakaov\u00f5i, t\u00e4isPIIMApulber, kakaomass, emulgaator (E476, E442)), r\u00f6stitud MAAP\u00c4HKLID 10%, oligofruktoos, t\u00e4isterahelbed (NISU 5%, ODER 5%), MAAP\u00c4HKLIpasta 4%, kookos\u00f5li, niiskuses\u00e4ilitaja gl\u00fctserool, sool, v\u00e4hendatud rasvasisaldusega kakaopulber, looduslikud l\u00f5hna- ja maitseained, emulgaator letsitiinid. V\u00f5ib sisaldada P\u00c4HKLEID. Liigne tarbimine v\u00f5ib p\u00f5hjustada laksatiivseid n\u00e4htuseid.<\/p>\n<\/div>\n<\/div>\n<\/div>\n<div class=\"sc-ce819573-1 gHezBb\" data-test-id=\"product-info-ean\">\n<div><\/div>\n<\/div>","protected":false},"excerpt":{"rendered":"<p>Corny BIG ZERO m\u00fcslibatoon maap\u00e4hklite ja piima\u0161okolaadiga ning magusainetega. Sisaldab 37% t\u00e4istera. Ilma lisatud suhkruta. Sisalda b looduslikult esinevaid suhkruid. Ei sisalda v\u00e4rv- ega s\u00e4ilitusaineid. Koostisosad magusaine maltitoolisiirup, t\u00e4isteraNISUst kr\u00f5psud (t\u00e4isteraNISUjahu 27%, NISUGLUTEEN, ODRAlinnaseekstrakt), t\u00e4isPIIMA\u0161okolaad magusainega 10% (magusaine maltitool, kakaov\u00f5i, t\u00e4isPIIMApulber, kakaomass, emulgaator (E476, E442)), r\u00f6stitud MAAP\u00c4HKLID 10%, oligofruktoos, t\u00e4isterahelbed (NISU 5%, ODER 5%), MAAP\u00c4HKLIpasta [&hellip;]<\/p>","protected":false},"featured_media":366150,"comment_status":"open","ping_status":"closed","template":"","meta":{"_acf_changed":false},"product_brand":[],"product_cat":[77,85],"product_tag":[],"class_list":{"0":"post-366149","1":"product","2":"type-product","3":"status-publish","4":"has-post-thumbnail","6":"product_cat-maiustused","7":"product_cat-batoonid","9":"first","10":"instock","11":"sale","12":"taxable","13":"shipping-taxable","14":"purchasable","15":"product-type-simple"},"supplier_id":null,"supplier_sku":"","barcode":null,"atum_controlled":true,"out_stock_date":null,"out_stock_threshold":null,"inheritable":false,"inbound_stock":0,"stock_on_hold":170,"sold_today":176,"sales_last_days":225,"reserved_stock":0,"customer_returns":0,"warehouse_damage":0,"lost_in_post":0,"other_logs":0,"out_stock_days":0,"lost_sales":0,"has_location":false,"update_date":"2026-02-12T13:33:01","atum_locations":[],"atum_stock_status":"instock","restock_status":true,"low_stock_amount":"","sales_update_date":"2026-02-12T13:32:51","calc_backorders":null,"acf":[],"_links":{"self":[{"href":"https:\/\/vbd.dev.sumena.ee\/lv\/wp-json\/wp\/v2\/product\/366149","targetHints":{"allow":["GET"]}}],"collection":[{"href":"https:\/\/vbd.dev.sumena.ee\/lv\/wp-json\/wp\/v2\/product"}],"about":[{"href":"https:\/\/vbd.dev.sumena.ee\/lv\/wp-json\/wp\/v2\/types\/product"}],"replies":[{"embeddable":true,"href":"https:\/\/vbd.dev.sumena.ee\/lv\/wp-json\/wp\/v2\/comments?post=366149"}],"wp:featuredmedia":[{"embeddable":true,"href":"https:\/\/vbd.dev.sumena.ee\/lv\/wp-json\/wp\/v2\/media\/366150"}],"wp:attachment":[{"href":"https:\/\/vbd.dev.sumena.ee\/lv\/wp-json\/wp\/v2\/media?parent=366149"}],"wp:term":[{"taxonomy":"product_brand","embeddable":true,"href":"https:\/\/vbd.dev.sumena.ee\/lv\/wp-json\/wp\/v2\/product_brand?post=366149"},{"taxonomy":"product_cat","embeddable":true,"href":"https:\/\/vbd.dev.sumena.ee\/lv\/wp-json\/wp\/v2\/product_cat?post=366149"},{"taxonomy":"product_tag","embeddable":true,"href":"https:\/\/vbd.dev.sumena.ee\/lv\/wp-json\/wp\/v2\/product_tag?post=366149"}],"curies":[{"name":"wp","href":"https:\/\/api.w.org\/{rel}","templated":true}]}}