{"id":366107,"date":"2026-02-11T20:06:22","date_gmt":"2026-02-11T17:06:22","guid":{"rendered":"https:\/\/vbd.dev.sumena.ee\/?post_type=product&#038;p=366107"},"modified":"2026-02-12T18:23:16","modified_gmt":"2026-02-12T15:23:16","slug":"kiirnuudlid-samyang-hot-chicken-ramen-habanero-lime-135g","status":"publish","type":"product","link":"https:\/\/vbd.dev.sumena.ee\/lv\/products-2\/kiirnuudlid-samyang-hot-chicken-ramen-habanero-lime-135g\/","title":{"rendered":"Kiirnuudlid Samyang Hot Chicken Ramen Habanero Lime 135g"},"content":{"rendered":"<div class=\"expansion-panel\" data-n-ids=\"{&quot;nWL0kW9cON2-0&quot;:&quot;nWL0kW9cON2-4&quot;}\" data-v-ddc56897=\"\" data-v-29835678=\"\">\n<div id=\"expansion-panel-content-nWL0kW9cON2-4\" class=\"slide-up-down__container\" role=\"region\" aria-labelledby=\"expansion-panel-heading-nWL0kW9cON2-4\" aria-hidden=\"false\" data-v-29835678=\"\">\n<div class=\"panel-content\" data-v-29835678=\"\">\n<div class=\"details-content\" data-v-ddc56897=\"\">\n<div>Sast\u0101vs:<\/div>\n<div>Nuudlid (73,7%): NISUjahu, modifitseeritud tapiokit\u00e4rklis, rafineeritud palmi\u00f5li, NISUGLUTEEN, sool, emulgaator (SOJA letsitiin), happesuse regulaatorid (E501(i), E500(i), E399(ii)), paksendaja (E412), kontsentreeritud tokoferoolide ekstrakt, rohelise tee maitseline \u00f5li, toiduv\u00e4rv (riboflaviin), hape (sidrunhape). Supp (25,2%): tomatiket\u0161up (SOJA), vesi, valge suhkur, maitsetugevdaja (E621), kana maitseaine (NISU, SOJA), sibul, t\u0161illipulber (SOJA), kana maitsepulber (NISU, SOJA), SOJA\u00f5li, sibulapulber, tomatipulber, SOJAkaste (NISU), p\u00e4rmipulber, t\u0161illi pulber (NISU, SOJA), \u00e4\u00e4dikas, k\u00fc\u00fcslauk, kuuma kastmepulber, pleegitatud t\u0161illi ekstrakt, toiduv\u00e4rv (paprika ekstrakt), musta pipra pulber, paksendaja ( E1420), jalapeno \u00f5li (SOJA), l\u00f5hna- ja maitseained (sidrun, koriandrilehed). Helbed (1,1%): kuivatatud porgand, kuivatatud kapsas, kuivatatud pak choy). Toodetud tehases, kus t\u00f6\u00f6deldakse SELLERIT, GLUTEENI SISALDAVAID TERAVILJU, KOORIKLOOMI, MUNE, KALA, PIIMA, MOLLUSKEID, SINEPIT, P\u00c4HKLEID, MAAP\u00c4HKLEID, SEESAMI, SOJATOOTED.<\/div>\n<\/div>\n<\/div>\n<\/div>\n<\/div>","protected":false},"excerpt":{"rendered":"<p>Koostis: Nuudlid (73,7%): NISUjahu, modifitseeritud tapiokit\u00e4rklis, rafineeritud palmi\u00f5li, NISUGLUTEEN, sool, emulgaator (SOJA letsitiin), happesuse regulaatorid (E501(i), E500(i), E399(ii)), paksendaja (E412), kontsentreeritud tokoferoolide ekstrakt, rohelise tee maitseline \u00f5li, toiduv\u00e4rv (riboflaviin), hape (sidrunhape). Supp (25,2%): tomatiket\u0161up (SOJA), vesi, valge suhkur, maitsetugevdaja (E621), kana maitseaine (NISU, SOJA), sibul, t\u0161illipulber (SOJA), kana maitsepulber (NISU, SOJA), SOJA\u00f5li, sibulapulber, tomatipulber, SOJAkaste [&hellip;]<\/p>","protected":false},"featured_media":366108,"comment_status":"open","ping_status":"closed","template":"","meta":{"_acf_changed":false},"product_brand":[],"product_cat":[86,89],"product_tag":[],"class_list":{"0":"post-366107","1":"product","2":"type-product","3":"status-publish","4":"has-post-thumbnail","6":"product_cat-kuivained","7":"product_cat-valmistoit","9":"first","10":"instock","11":"sale","12":"taxable","13":"shipping-taxable","14":"purchasable","15":"product-type-simple"},"supplier_id":null,"supplier_sku":"","barcode":null,"atum_controlled":true,"out_stock_date":null,"out_stock_threshold":null,"inheritable":false,"inbound_stock":0,"stock_on_hold":668,"sold_today":756,"sales_last_days":1206,"reserved_stock":0,"customer_returns":0,"warehouse_damage":0,"lost_in_post":0,"other_logs":0,"out_stock_days":0,"lost_sales":0,"has_location":false,"update_date":"2026-02-12T15:23:34","atum_locations":[],"atum_stock_status":"instock","restock_status":false,"low_stock_amount":"","sales_update_date":"2026-02-12T15:23:25","calc_backorders":null,"acf":[],"_links":{"self":[{"href":"https:\/\/vbd.dev.sumena.ee\/lv\/wp-json\/wp\/v2\/product\/366107","targetHints":{"allow":["GET"]}}],"collection":[{"href":"https:\/\/vbd.dev.sumena.ee\/lv\/wp-json\/wp\/v2\/product"}],"about":[{"href":"https:\/\/vbd.dev.sumena.ee\/lv\/wp-json\/wp\/v2\/types\/product"}],"replies":[{"embeddable":true,"href":"https:\/\/vbd.dev.sumena.ee\/lv\/wp-json\/wp\/v2\/comments?post=366107"}],"wp:featuredmedia":[{"embeddable":true,"href":"https:\/\/vbd.dev.sumena.ee\/lv\/wp-json\/wp\/v2\/media\/366108"}],"wp:attachment":[{"href":"https:\/\/vbd.dev.sumena.ee\/lv\/wp-json\/wp\/v2\/media?parent=366107"}],"wp:term":[{"taxonomy":"product_brand","embeddable":true,"href":"https:\/\/vbd.dev.sumena.ee\/lv\/wp-json\/wp\/v2\/product_brand?post=366107"},{"taxonomy":"product_cat","embeddable":true,"href":"https:\/\/vbd.dev.sumena.ee\/lv\/wp-json\/wp\/v2\/product_cat?post=366107"},{"taxonomy":"product_tag","embeddable":true,"href":"https:\/\/vbd.dev.sumena.ee\/lv\/wp-json\/wp\/v2\/product_tag?post=366107"}],"curies":[{"name":"wp","href":"https:\/\/api.w.org\/{rel}","templated":true}]}}