{"id":366086,"date":"2026-02-11T19:46:52","date_gmt":"2026-02-11T16:46:52","guid":{"rendered":"https:\/\/vbd.dev.sumena.ee\/?post_type=product&#038;p=366086"},"modified":"2026-02-12T18:50:10","modified_gmt":"2026-02-12T15:50:10","slug":"kummikommid-haribo-kirsi-maitselised-185g","status":"publish","type":"product","link":"https:\/\/vbd.dev.sumena.ee\/lv\/products-2\/kummikommid-haribo-kirsi-maitselised-185g\/","title":{"rendered":"Kummikommid Haribo kirsi maitselised 185g"},"content":{"rendered":"<p>Kummikommid kirsi maitselised.<\/p>\n<p>Koostisosad: gl\u00fckoosisiirup; suhkur; \u017eelatiin; dekstroos; hapestaja: sidrunhape; puuvilja- ja taimekontsentraadid: safloor, spirulina, \u00f5un, redis, bataat, porgand, musts\u00f5star, hibisk; maitse; katteaine: mesilasvaha valge ja kollane, karnaubavaha; invertsuhkrusiirup.<\/p>","protected":false},"excerpt":{"rendered":"<p>Kummikommid kirsi maitselised. Koostisosad: gl\u00fckoosisiirup; suhkur; \u017eelatiin; dekstroos; hapestaja: sidrunhape; puuvilja- ja taimekontsentraadid: safloor, spirulina, \u00f5un, redis, bataat, porgand, musts\u00f5star, hibisk; maitse; katteaine: mesilasvaha valge ja kollane, karnaubavaha; invertsuhkrusiirup.<\/p>","protected":false},"featured_media":366095,"comment_status":"open","ping_status":"closed","template":"","meta":{"_acf_changed":false},"product_brand":[],"product_cat":[77,78],"product_tag":[],"class_list":{"0":"post-366086","1":"product","2":"type-product","3":"status-publish","4":"has-post-thumbnail","6":"product_cat-maiustused","7":"product_cat-kommid","9":"first","10":"instock","11":"sale","12":"taxable","13":"shipping-taxable","14":"purchasable","15":"product-type-simple"},"supplier_id":null,"supplier_sku":"","barcode":null,"atum_controlled":true,"out_stock_date":null,"out_stock_threshold":null,"inheritable":false,"inbound_stock":0,"stock_on_hold":17,"sold_today":56,"sales_last_days":100,"reserved_stock":0,"customer_returns":0,"warehouse_damage":0,"lost_in_post":0,"other_logs":0,"out_stock_days":0,"lost_sales":0,"has_location":false,"update_date":"2026-02-12T15:51:22","atum_locations":[],"atum_stock_status":"instock","restock_status":false,"low_stock_amount":"","sales_update_date":"2026-02-12T15:51:12","calc_backorders":null,"acf":[],"_links":{"self":[{"href":"https:\/\/vbd.dev.sumena.ee\/lv\/wp-json\/wp\/v2\/product\/366086","targetHints":{"allow":["GET"]}}],"collection":[{"href":"https:\/\/vbd.dev.sumena.ee\/lv\/wp-json\/wp\/v2\/product"}],"about":[{"href":"https:\/\/vbd.dev.sumena.ee\/lv\/wp-json\/wp\/v2\/types\/product"}],"replies":[{"embeddable":true,"href":"https:\/\/vbd.dev.sumena.ee\/lv\/wp-json\/wp\/v2\/comments?post=366086"}],"wp:featuredmedia":[{"embeddable":true,"href":"https:\/\/vbd.dev.sumena.ee\/lv\/wp-json\/wp\/v2\/media\/366095"}],"wp:attachment":[{"href":"https:\/\/vbd.dev.sumena.ee\/lv\/wp-json\/wp\/v2\/media?parent=366086"}],"wp:term":[{"taxonomy":"product_brand","embeddable":true,"href":"https:\/\/vbd.dev.sumena.ee\/lv\/wp-json\/wp\/v2\/product_brand?post=366086"},{"taxonomy":"product_cat","embeddable":true,"href":"https:\/\/vbd.dev.sumena.ee\/lv\/wp-json\/wp\/v2\/product_cat?post=366086"},{"taxonomy":"product_tag","embeddable":true,"href":"https:\/\/vbd.dev.sumena.ee\/lv\/wp-json\/wp\/v2\/product_tag?post=366086"}],"curies":[{"name":"wp","href":"https:\/\/api.w.org\/{rel}","templated":true}]}}