{"id":365616,"date":"2026-02-10T18:53:11","date_gmt":"2026-02-10T15:53:11","guid":{"rendered":"https:\/\/vbd.dev.sumena.ee\/?post_type=product&#038;p=365616"},"modified":"2026-02-12T16:06:09","modified_gmt":"2026-02-12T13:06:09","slug":"kiirsupp-gallina-blanca-kanamaitseline-rostsaiaga-63g","status":"publish","type":"product","link":"https:\/\/vbd.dev.sumena.ee\/lv\/products-2\/kiirsupp-gallina-blanca-kanamaitseline-rostsaiaga-63g\/","title":{"rendered":"Gallina Blanca vistas gar\u0161as \u0101tr\u0101s zupas kubi\u0146\u0161 ar grauzdi\u0146iem, 63\u202fg."},"content":{"rendered":"<p>Gallina Blanca vistas gar\u0161as \u0101tr\u0101s zupas kubi\u0146\u0161 ar grauzdi\u0146iem, 63\u202fg.<\/p>","protected":false},"excerpt":{"rendered":"<p>Gallina Blanca vistas gar\u0161as \u0101tr\u0101s zupas kubi\u0146\u0161 ar grauzdi\u0146iem, 63\u202fg.<\/p>","protected":false},"featured_media":365618,"comment_status":"open","ping_status":"closed","template":"","meta":{"_acf_changed":false},"product_brand":[],"product_cat":[86,80,89],"product_tag":[],"class_list":{"0":"post-365616","1":"product","2":"type-product","3":"status-publish","4":"has-post-thumbnail","6":"product_cat-kuivained","7":"product_cat-snakid","8":"product_cat-valmistoit","10":"first","11":"instock","12":"sale","13":"taxable","14":"shipping-taxable","15":"purchasable","16":"product-type-simple"},"supplier_id":null,"supplier_sku":"","barcode":null,"atum_controlled":true,"out_stock_date":null,"out_stock_threshold":null,"inheritable":false,"inbound_stock":0,"stock_on_hold":93,"sold_today":106,"sales_last_days":149,"reserved_stock":0,"customer_returns":0,"warehouse_damage":0,"lost_in_post":0,"other_logs":0,"out_stock_days":0,"lost_sales":0,"has_location":false,"update_date":"2026-02-12T15:17:50","atum_locations":[],"atum_stock_status":"instock","restock_status":true,"low_stock_amount":"","sales_update_date":"2026-02-12T15:17:41","calc_backorders":null,"acf":[],"_links":{"self":[{"href":"https:\/\/vbd.dev.sumena.ee\/lv\/wp-json\/wp\/v2\/product\/365616","targetHints":{"allow":["GET"]}}],"collection":[{"href":"https:\/\/vbd.dev.sumena.ee\/lv\/wp-json\/wp\/v2\/product"}],"about":[{"href":"https:\/\/vbd.dev.sumena.ee\/lv\/wp-json\/wp\/v2\/types\/product"}],"replies":[{"embeddable":true,"href":"https:\/\/vbd.dev.sumena.ee\/lv\/wp-json\/wp\/v2\/comments?post=365616"}],"wp:featuredmedia":[{"embeddable":true,"href":"https:\/\/vbd.dev.sumena.ee\/lv\/wp-json\/wp\/v2\/media\/365618"}],"wp:attachment":[{"href":"https:\/\/vbd.dev.sumena.ee\/lv\/wp-json\/wp\/v2\/media?parent=365616"}],"wp:term":[{"taxonomy":"product_brand","embeddable":true,"href":"https:\/\/vbd.dev.sumena.ee\/lv\/wp-json\/wp\/v2\/product_brand?post=365616"},{"taxonomy":"product_cat","embeddable":true,"href":"https:\/\/vbd.dev.sumena.ee\/lv\/wp-json\/wp\/v2\/product_cat?post=365616"},{"taxonomy":"product_tag","embeddable":true,"href":"https:\/\/vbd.dev.sumena.ee\/lv\/wp-json\/wp\/v2\/product_tag?post=365616"}],"curies":[{"name":"wp","href":"https:\/\/api.w.org\/{rel}","templated":true}]}}