{"id":365581,"date":"2026-02-10T17:28:42","date_gmt":"2026-02-10T14:28:42","guid":{"rendered":"https:\/\/vbd.dev.sumena.ee\/?post_type=product&#038;p=365581"},"modified":"2026-02-11T17:21:05","modified_gmt":"2026-02-11T14:21:05","slug":"klaasipuhastusvahend-clin-blue-500-ml","status":"publish","type":"product","link":"https:\/\/vbd.dev.sumena.ee\/lv\/products-2\/klaasipuhastusvahend-clin-blue-500-ml\/","title":{"rendered":"Clin Blue logu t\u012br\u012b\u0161anas l\u012bdzeklis, 500\u202fml."},"content":{"rendered":"<p>Clin Crystal Blue logu t\u012br\u012b\u0161anas l\u012bdzeklis, 500\u202fml \u2013 atsvaidzino\u0161s un sp\u012bd\u012bgs!\n\nJaun\u0101k\u0101 Liquid Glass Technology 3-in-1 formula nodro\u0161ina perfektu sp\u012bdumu, ilgsto\u0161u aizsardz\u012bbu un pat uzlabo s\u012bkas stikla skrambas.\n\n\u012apa\u0161\u012bbas:\n\nLogi un stikla virsmas sp\u012bd k\u0101 jaunas\n\nPagaidu remontefekts s\u012bk\u0101m stikla skramb\u0101m (test\u0113ts laboratorijas apst\u0101k\u013cos)<\/p>","protected":false},"excerpt":{"rendered":"<p>Clin Crystal Blue logu t\u012br\u012b\u0161anas l\u012bdzeklis, 500\u202fml \u2013 atsvaidzino\u0161s un sp\u012bd\u012bgs!\n\nJaun\u0101k\u0101 Liquid Glass Technology 3-in-1 formula nodro\u0161ina perfektu sp\u012bdumu, ilgsto\u0161u aizsardz\u012bbu un pat uzlabo s\u012bkas stikla skrambas.\n\n\u012apa\u0161\u012bbas:\n\nLogi un stikla virsmas sp\u012bd k\u0101 jaunas\n\nPagaidu remontefekts s\u012bk\u0101m stikla skramb\u0101m (test\u0113ts laboratorijas apst\u0101k\u013cos)<\/p>","protected":false},"featured_media":365582,"comment_status":"open","ping_status":"closed","template":"","meta":{"_acf_changed":false},"product_brand":[],"product_cat":[185,88],"product_tag":[],"class_list":{"0":"post-365581","1":"product","2":"type-product","3":"status-publish","4":"has-post-thumbnail","6":"product_cat-puhastus-ja-koristusvahendid","7":"product_cat-tarbekaubad-tooted","9":"first","10":"instock","11":"sale","12":"taxable","13":"shipping-taxable","14":"purchasable","15":"product-type-simple"},"supplier_id":null,"supplier_sku":"","barcode":null,"atum_controlled":true,"out_stock_date":null,"out_stock_threshold":null,"inheritable":false,"inbound_stock":0,"stock_on_hold":3,"sold_today":3,"sales_last_days":3,"reserved_stock":0,"customer_returns":0,"warehouse_damage":0,"lost_in_post":0,"other_logs":0,"out_stock_days":0,"lost_sales":0,"has_location":false,"update_date":"2026-02-11T14:23:58","atum_locations":[],"atum_stock_status":"instock","restock_status":false,"low_stock_amount":"","sales_update_date":"2026-02-11T14:23:53","calc_backorders":null,"acf":[],"_links":{"self":[{"href":"https:\/\/vbd.dev.sumena.ee\/lv\/wp-json\/wp\/v2\/product\/365581","targetHints":{"allow":["GET"]}}],"collection":[{"href":"https:\/\/vbd.dev.sumena.ee\/lv\/wp-json\/wp\/v2\/product"}],"about":[{"href":"https:\/\/vbd.dev.sumena.ee\/lv\/wp-json\/wp\/v2\/types\/product"}],"replies":[{"embeddable":true,"href":"https:\/\/vbd.dev.sumena.ee\/lv\/wp-json\/wp\/v2\/comments?post=365581"}],"wp:featuredmedia":[{"embeddable":true,"href":"https:\/\/vbd.dev.sumena.ee\/lv\/wp-json\/wp\/v2\/media\/365582"}],"wp:attachment":[{"href":"https:\/\/vbd.dev.sumena.ee\/lv\/wp-json\/wp\/v2\/media?parent=365581"}],"wp:term":[{"taxonomy":"product_brand","embeddable":true,"href":"https:\/\/vbd.dev.sumena.ee\/lv\/wp-json\/wp\/v2\/product_brand?post=365581"},{"taxonomy":"product_cat","embeddable":true,"href":"https:\/\/vbd.dev.sumena.ee\/lv\/wp-json\/wp\/v2\/product_cat?post=365581"},{"taxonomy":"product_tag","embeddable":true,"href":"https:\/\/vbd.dev.sumena.ee\/lv\/wp-json\/wp\/v2\/product_tag?post=365581"}],"curies":[{"name":"wp","href":"https:\/\/api.w.org\/{rel}","templated":true}]}}