{"id":365579,"date":"2026-02-10T17:27:27","date_gmt":"2026-02-10T14:27:27","guid":{"rendered":"https:\/\/vbd.dev.sumena.ee\/?post_type=product&#038;p=365579"},"modified":"2026-02-11T01:17:31","modified_gmt":"2026-02-10T22:17:31","slug":"klaasipuhastusvahend-clin-apple-500-ml","status":"publish","type":"product","link":"https:\/\/vbd.dev.sumena.ee\/lv\/products-2\/klaasipuhastusvahend-clin-apple-500-ml\/","title":{"rendered":"Clin Apple logu t\u012br\u012b\u0161anas l\u012bdzeklis, 500\u202fml."},"content":{"rendered":"<p>Clin Apple logu t\u012br\u012b\u0161anas l\u012bdzeklis, 500\u202fml \u2013 sp\u012bd\u012bgi t\u012bras logu un spogu\u013cu virsmas ar svaigu \u0101bolu arom\u0101tu!\n\nClini t\u012br\u012b\u0161anas l\u012bdzek\u013ci nodro\u0161ina profesion\u0101lu rezult\u0101tu bez traipiem, bez papildus pul\u0113\u0161anas. Jaun\u0101 formula ar dab\u012bgu bioalkoholu efekt\u012bvi no\u0146em net\u012brumus un sodu, atst\u0101jot logus un spogu\u013cus ilgsto\u0161i sp\u012bd\u012bgus.\n\n\u012apa\u0161\u012bbas:\n\nNodro\u0161ina traipudetu sp\u012bdumu\n\nNo\u0146em net\u012brumus un sodu, neatst\u0101jot plankumus\n\nRegul\u0113jams smidzin\u0101t\u0101ja uzgalis \u2013 var izmantot gan smidzin\u0101\u0161anai, gan puto\u0161anai\n\nAizsarg\u0101 virsmas no \u016bdens un net\u012brumiem, uzturot ilgsto\u0161u t\u012br\u012bbu\n\nSvaigs \u0101bolu arom\u0101ts\n\nPudele izgatavota no 100\u202f% p\u0101rstr\u0101d\u0101tas plastmasas\n\nLieto\u0161anas nor\u0101d\u012bjumi:\n\nIzsmidziniet uz stikla virsm\u0101m ar smidzin\u0101\u0161anas vai puto\u0161anas funkciju.\n\nStipri net\u012br\u0101m virsm\u0101m lietojiet puto\u0161anas funkciju un atst\u0101jiet 10 sekundes iedarboties.\n\nNoslaukiet viegli ar pap\u012bra dvieli vai mikro\u0161\u0137iedras lupati\u0146u.\n\nUzglab\u0101\u0161ana:\n\nPudeli var atk\u0101rtoti uzpild\u012bt ar Clin Crystal Refill\n\nGlab\u0101t v\u0113s\u0101, b\u0113rniem un m\u0101jdz\u012bvniekiem nepieejam\u0101 viet\u0101\n\nAizsarg\u0101t no tie\u0161iem saules stariem un nesald\u0113t<\/p>","protected":false},"excerpt":{"rendered":"<p>Klaasipuhastusvahend Clin Apple Streak Free v\u00e4rske \u00f5una l\u00f5hnaga s\u00e4delevalt puhaste akende ja peeglite saamiseks! Clini kodumajapidamise puhastustarvikud tagavad professionaalse puhastuse triipudeta akende ja klaasipindade saamiseks ilma lisapoleerimiseta! Clini uus koostis, mis sisaldab looduslikku bioalkoholi, eemaldab mustuse ja tahma, et puhastada klaaspinnad t\u00e4iuslikult ning tagada akendel ja peeglitel pikaajaline triipudeta l\u00e4ige. T\u00f5hus k\u00f5ik-\u00fches-koostis tagab puhta plekivaba [&hellip;]<\/p>","protected":false},"featured_media":365580,"comment_status":"open","ping_status":"closed","template":"","meta":{"_acf_changed":false},"product_brand":[],"product_cat":[185,88],"product_tag":[],"class_list":{"0":"post-365579","1":"product","2":"type-product","3":"status-publish","4":"has-post-thumbnail","6":"product_cat-puhastus-ja-koristusvahendid","7":"product_cat-tarbekaubad-tooted","9":"first","10":"instock","11":"sale","12":"taxable","13":"shipping-taxable","14":"purchasable","15":"product-type-simple"},"supplier_id":null,"supplier_sku":"","barcode":null,"atum_controlled":true,"out_stock_date":null,"out_stock_threshold":null,"inheritable":false,"inbound_stock":0,"stock_on_hold":1,"sold_today":0,"sales_last_days":1,"reserved_stock":0,"customer_returns":0,"warehouse_damage":0,"lost_in_post":0,"other_logs":0,"out_stock_days":0,"lost_sales":0,"has_location":false,"update_date":"2026-02-12T09:49:15","atum_locations":[],"atum_stock_status":"instock","restock_status":false,"low_stock_amount":"","sales_update_date":"2026-02-12T09:49:15","calc_backorders":null,"acf":[],"_links":{"self":[{"href":"https:\/\/vbd.dev.sumena.ee\/lv\/wp-json\/wp\/v2\/product\/365579","targetHints":{"allow":["GET"]}}],"collection":[{"href":"https:\/\/vbd.dev.sumena.ee\/lv\/wp-json\/wp\/v2\/product"}],"about":[{"href":"https:\/\/vbd.dev.sumena.ee\/lv\/wp-json\/wp\/v2\/types\/product"}],"replies":[{"embeddable":true,"href":"https:\/\/vbd.dev.sumena.ee\/lv\/wp-json\/wp\/v2\/comments?post=365579"}],"wp:featuredmedia":[{"embeddable":true,"href":"https:\/\/vbd.dev.sumena.ee\/lv\/wp-json\/wp\/v2\/media\/365580"}],"wp:attachment":[{"href":"https:\/\/vbd.dev.sumena.ee\/lv\/wp-json\/wp\/v2\/media?parent=365579"}],"wp:term":[{"taxonomy":"product_brand","embeddable":true,"href":"https:\/\/vbd.dev.sumena.ee\/lv\/wp-json\/wp\/v2\/product_brand?post=365579"},{"taxonomy":"product_cat","embeddable":true,"href":"https:\/\/vbd.dev.sumena.ee\/lv\/wp-json\/wp\/v2\/product_cat?post=365579"},{"taxonomy":"product_tag","embeddable":true,"href":"https:\/\/vbd.dev.sumena.ee\/lv\/wp-json\/wp\/v2\/product_tag?post=365579"}],"curies":[{"name":"wp","href":"https:\/\/api.w.org\/{rel}","templated":true}]}}