{"id":365478,"date":"2026-02-10T17:20:48","date_gmt":"2026-02-10T14:20:48","guid":{"rendered":"https:\/\/vbd.dev.sumena.ee\/?post_type=product&#038;p=365478"},"modified":"2026-02-12T13:41:15","modified_gmt":"2026-02-12T10:41:15","slug":"pesudiskid-persil-universal-68pk","status":"publish","type":"product","link":"https:\/\/vbd.dev.sumena.ee\/lv\/products-2\/pesudiskid-persil-universal-68pk\/","title":{"rendered":"Persil UNIVERSAL mazg\u0101\u0161anas tabletes, 68 gab."},"content":{"rendered":"<dl class=\"b-product-info--info-2\">\n<dd>Persil Deep Clean 4in1 tabletes baltiem un gai\u0161iem ve\u013cas izstr\u0101d\u0101jumiem \u2013 dzi\u013ca t\u012br\u012b\u0161ana un ve\u013cas ma\u0161\u012bnas higi\u0113na.\n\nPat p\u0113c mazg\u0101\u0161anas ve\u013cas ma\u0161\u012bn\u0101 var rasties nepat\u012bkama smaka, jo taj\u0101 uzkr\u0101jas notur\u012bgas traipi. Lai to nov\u0113rstu, izmantojiet Persil Deep Clean Discs. \u0160\u012bs jaud\u012bg\u0101s 4-in-1 tabletes ar jaunu formulu ne tikai no\u0146em traipus no dr\u0113b\u0113m, bet ar\u012b r\u016bp\u0113jas par j\u016bsu ve\u013cas ma\u0161\u012bnas higi\u0113nu.\n\n\u012apa\u0161\u012bbas:\n\nIen\u0101k dzi\u013ci audos, iz\u0161\u0137\u012bdina un no\u0146em pat visnotur\u012bg\u0101kos traipus.\n\nTabletes darbojas ar\u012b ve\u013cas ma\u0161\u012bn\u0101, efekt\u012bvi nov\u0113r\u0161ot nepat\u012bkamas smakas.\n\nJaud\u012bgais koncentr\u0101ts iekapsul\u0113ts \u010detr\u0101s kamer\u0101s, tagad kompakta form\u0101, nodro\u0161ina nevainojamus rezult\u0101tus ar maz\u0101ku ietekmi uz vidi.\n\nEfekt\u012bvas pat zem\u0101s temperat\u016br\u0101s, traipus no\u0146emot jau no 20\u202f\u00b0C, pat piln\u0101s ve\u013cas ma\u0161\u012bn\u0101s.\n\nSamazina nepiecie\u0161amo materi\u0101lu daudzumu ra\u017eo\u0161anai \u2013 solis pretim t\u012br\u0101kai videi.<\/dd>\n<\/dl>","protected":false},"excerpt":{"rendered":"<p>Persil Deep Clean 4in1 kettad valgete ja kergete esemete jaoks &#8211; pesu s\u00fcgavpuhastus ja masina h\u00fcgieeniline puhtus. Isegi p\u00e4rast pesemist v\u00f5ib pesumasinast erituda ebameeldivat l\u00f5hna, kuna sellesse kipuvad kogunema kangekaelsed plekid. Selle probleemi lahendamiseks soovitame kasutada Persil Discs Deep Clean kettaid. See pole mitte ainult vahend riietelt plekkide eemaldamiseks, vaid v\u00f5imsad 4-in-1 kettad, millel on [&hellip;]<\/p>","protected":false},"featured_media":365578,"comment_status":"open","ping_status":"closed","template":"","meta":{"_acf_changed":false},"product_brand":[],"product_cat":[185,88],"product_tag":[],"class_list":{"0":"post-365478","1":"product","2":"type-product","3":"status-publish","4":"has-post-thumbnail","6":"product_cat-puhastus-ja-koristusvahendid","7":"product_cat-tarbekaubad-tooted","9":"first","10":"instock","11":"sale","12":"taxable","13":"shipping-taxable","14":"purchasable","15":"product-type-simple"},"supplier_id":null,"supplier_sku":"","barcode":null,"atum_controlled":true,"out_stock_date":null,"out_stock_threshold":null,"inheritable":false,"inbound_stock":0,"stock_on_hold":0,"sold_today":1,"sales_last_days":1,"reserved_stock":0,"customer_returns":0,"warehouse_damage":0,"lost_in_post":0,"other_logs":0,"out_stock_days":0,"lost_sales":0,"has_location":false,"update_date":"2026-02-12T10:50:12","atum_locations":[],"atum_stock_status":"instock","restock_status":false,"low_stock_amount":"","sales_update_date":"2026-02-12T10:50:02","calc_backorders":null,"acf":[],"_links":{"self":[{"href":"https:\/\/vbd.dev.sumena.ee\/lv\/wp-json\/wp\/v2\/product\/365478","targetHints":{"allow":["GET"]}}],"collection":[{"href":"https:\/\/vbd.dev.sumena.ee\/lv\/wp-json\/wp\/v2\/product"}],"about":[{"href":"https:\/\/vbd.dev.sumena.ee\/lv\/wp-json\/wp\/v2\/types\/product"}],"replies":[{"embeddable":true,"href":"https:\/\/vbd.dev.sumena.ee\/lv\/wp-json\/wp\/v2\/comments?post=365478"}],"wp:featuredmedia":[{"embeddable":true,"href":"https:\/\/vbd.dev.sumena.ee\/lv\/wp-json\/wp\/v2\/media\/365578"}],"wp:attachment":[{"href":"https:\/\/vbd.dev.sumena.ee\/lv\/wp-json\/wp\/v2\/media?parent=365478"}],"wp:term":[{"taxonomy":"product_brand","embeddable":true,"href":"https:\/\/vbd.dev.sumena.ee\/lv\/wp-json\/wp\/v2\/product_brand?post=365478"},{"taxonomy":"product_cat","embeddable":true,"href":"https:\/\/vbd.dev.sumena.ee\/lv\/wp-json\/wp\/v2\/product_cat?post=365478"},{"taxonomy":"product_tag","embeddable":true,"href":"https:\/\/vbd.dev.sumena.ee\/lv\/wp-json\/wp\/v2\/product_tag?post=365478"}],"curies":[{"name":"wp","href":"https:\/\/api.w.org\/{rel}","templated":true}]}}