{"id":365153,"date":"2026-02-09T22:14:09","date_gmt":"2026-02-09T19:14:09","guid":{"rendered":"https:\/\/vbd.dev.sumena.ee\/?post_type=product&#038;p=365153"},"modified":"2026-02-12T12:46:10","modified_gmt":"2026-02-12T09:46:10","slug":"juuksemask-syoss-hc-repair-boost-500ml","status":"publish","type":"product","link":"https:\/\/vbd.dev.sumena.ee\/lv\/products-2\/juuksemask-syoss-hc-repair-boost-500ml\/","title":{"rendered":"Syoss HC REPAIR BOOST matu maska, 500\u202fml."},"content":{"rendered":"<p>Pateicoties profesion\u0101lajai intens\u012bvajai sast\u0101vda\u013cai ar augstu akt\u012bvo vielu koncentr\u0101ciju, matu maska SYOSS Repair Boost efekt\u012bvi stiprina boj\u0101tus matus un samazina matu l\u016b\u0161anu l\u012bdz 95%. Dzi\u013ci baro, atjauno matus un pal\u012bdz nov\u0113rst turpm\u0101kos boj\u0101jumus.<\/p>\n<p>M\u016bsu kvalitat\u012bv\u0101 sast\u0101vda\u013ca ir profesion\u0101li izstr\u0101d\u0101ta atbilsto\u0161i Jap\u0101nas skaistuma standartiem, un dab\u012bg\u0101s sast\u0101vda\u013cas satur 5 reizes vair\u0101k aminosk\u0101bju \u2013 matu b\u016bv\u0113\u0161anas blokiem, lai saglab\u0101tu stiprus un vesel\u012bgus matus.<\/p>\n<p>&nbsp;<\/p>\n<p>Lieto\u0161ana: uzkl\u0101jiet masku uz mitriem, ar \u0161amp\u016bnu nomazg\u0101tiem matiem un atst\u0101jiet iedarboties 3\u20135 min\u016btes. P\u0113c tam r\u016bp\u012bgi noskalojiet ar \u016bdeni.<\/p>","protected":false},"excerpt":{"rendered":"<p>T\u00e4nu professionaalsele intensiivsele koostisele koos k\u00f5rge aktiivainete kontsentratsiooniga tugevdab kahjustatud juustele m\u00f5eldud juuksemask SYOSS Repair Boost Intensive Mask t\u00f5husalt ja v\u00e4hendab juuste katkemist kuni 95%. S\u00fcgavalt toidab, taastab juukseid ja aitab v\u00e4ltida tulevasi kahjustusi. Meie kvaliteetne\u00a0koostis on asjatundlikult v\u00e4lja t\u00f6\u00f6tatud vastama Jaapani ilustandarditele ning looduslikud koostisosad sisaldavad 5 korda rohkem aminohappeid, mis on juuste ehitusplokid, [&hellip;]<\/p>","protected":false},"featured_media":365154,"comment_status":"open","ping_status":"closed","template":"","meta":{"_acf_changed":false},"product_brand":[],"product_cat":[157,104],"product_tag":[],"class_list":{"0":"post-365153","1":"product","2":"type-product","3":"status-publish","4":"has-post-thumbnail","6":"product_cat-juuksehooldus","7":"product_cat-enesehooldus","9":"first","10":"instock","11":"sale","12":"taxable","13":"shipping-taxable","14":"purchasable","15":"product-type-simple"},"supplier_id":null,"supplier_sku":"","barcode":null,"atum_controlled":true,"out_stock_date":null,"out_stock_threshold":null,"inheritable":false,"inbound_stock":0,"stock_on_hold":0,"sold_today":1,"sales_last_days":10,"reserved_stock":0,"customer_returns":0,"warehouse_damage":0,"lost_in_post":0,"other_logs":0,"out_stock_days":0,"lost_sales":0,"has_location":false,"update_date":"2026-02-12T12:39:46","atum_locations":[],"atum_stock_status":"instock","restock_status":false,"low_stock_amount":"","sales_update_date":"2026-02-12T12:39:37","calc_backorders":null,"acf":[],"_links":{"self":[{"href":"https:\/\/vbd.dev.sumena.ee\/lv\/wp-json\/wp\/v2\/product\/365153","targetHints":{"allow":["GET"]}}],"collection":[{"href":"https:\/\/vbd.dev.sumena.ee\/lv\/wp-json\/wp\/v2\/product"}],"about":[{"href":"https:\/\/vbd.dev.sumena.ee\/lv\/wp-json\/wp\/v2\/types\/product"}],"replies":[{"embeddable":true,"href":"https:\/\/vbd.dev.sumena.ee\/lv\/wp-json\/wp\/v2\/comments?post=365153"}],"wp:featuredmedia":[{"embeddable":true,"href":"https:\/\/vbd.dev.sumena.ee\/lv\/wp-json\/wp\/v2\/media\/365154"}],"wp:attachment":[{"href":"https:\/\/vbd.dev.sumena.ee\/lv\/wp-json\/wp\/v2\/media?parent=365153"}],"wp:term":[{"taxonomy":"product_brand","embeddable":true,"href":"https:\/\/vbd.dev.sumena.ee\/lv\/wp-json\/wp\/v2\/product_brand?post=365153"},{"taxonomy":"product_cat","embeddable":true,"href":"https:\/\/vbd.dev.sumena.ee\/lv\/wp-json\/wp\/v2\/product_cat?post=365153"},{"taxonomy":"product_tag","embeddable":true,"href":"https:\/\/vbd.dev.sumena.ee\/lv\/wp-json\/wp\/v2\/product_tag?post=365153"}],"curies":[{"name":"wp","href":"https:\/\/api.w.org\/{rel}","templated":true}]}}