{"id":365138,"date":"2026-02-09T21:51:48","date_gmt":"2026-02-09T18:51:48","guid":{"rendered":"https:\/\/vbd.dev.sumena.ee\/?post_type=product&#038;p=365138"},"modified":"2026-02-12T11:58:26","modified_gmt":"2026-02-12T08:58:26","slug":"tooniv-juuksevarv-syoss-colorglow-plaatina-100-ml","status":"publish","type":"product","link":"https:\/\/vbd.dev.sumena.ee\/lv\/products-2\/tooniv-juuksevarv-syoss-colorglow-plaatina-100-ml\/","title":{"rendered":"Syoss ColorGLOW matu ton\u0113jo\u0161\u0101 kr\u0101sa Platinum, 100\u202fml."},"content":{"rendered":"<p data-start=\"397\" data-end=\"506\">Pusm\u016b\u017e\u012bga matu ton\u0113jo\u0161\u0101 kr\u0101sa (toneris), kas saglab\u0101jas aptuveni l\u012bdz <strong data-start=\"450\" data-end=\"465\">8 matu mazg\u0101\u0161anas reiz\u0113m.<\/strong>. Piem\u0113rots <strong data-start=\"515\" data-end=\"550\">ar modernu plat\u012bna blonda toni<\/strong> matu izm\u0113\u0123in\u0101\u0161anai vai atjauno\u0161anai.<\/p>\n<p data-start=\"634\" data-end=\"759\">Pal\u012bdz <strong data-start=\"640\" data-end=\"678\">neitraliz\u0113t dzeltenos nokr\u0101sas to\u0146us<\/strong> un pie\u0161\u0137irt matiem v\u0113s\u0101ku, gai\u0161\u0101ku izskatu.<\/p>\n<p data-start=\"900\" data-end=\"1077\">Lieto\u0161anai ir vienk\u0101r\u0161i: uzkl\u0101j un atst\u0101j uz matiem aptuveni <strong data-start=\"951\" data-end=\"965\">10 min\u016btes<\/strong> (maigs tonis) vai <strong data-start=\"981\" data-end=\"998\">20-30 min\u016btes<\/strong> (intens\u012bv\u0101ks rezult\u0101ts), p\u0113c tam noskalo.<\/p>","protected":false},"excerpt":{"rendered":"<p>Poolp\u00fcsiv juuksev\u00e4rv (tooner), mis kestab umbes kuni 8 pesukorda. Sobib trendika plaatinablondi tooniga juuste proovimiseks v\u00f5i v\u00e4rskendamiseks. Aitab neutraliseerida kollakaid alatoone ja anda juustele k\u00fclmem, helgem v\u00e4limus. Kasutamine on lihtne: kanna ja j\u00e4ta juustele umbes 10 minutit (\u00f5rn toon) v\u00f5i 20\u201330 minutit (intensiivsem tulemus), seej\u00e4rel loputa.<\/p>","protected":false},"featured_media":365140,"comment_status":"open","ping_status":"closed","template":"","meta":{"_acf_changed":false},"product_brand":[],"product_cat":[157,104],"product_tag":[],"class_list":{"0":"post-365138","1":"product","2":"type-product","3":"status-publish","4":"has-post-thumbnail","6":"product_cat-juuksehooldus","7":"product_cat-enesehooldus","9":"first","10":"instock","11":"sale","12":"taxable","13":"shipping-taxable","14":"purchasable","15":"product-type-simple"},"supplier_id":null,"supplier_sku":"","barcode":null,"atum_controlled":true,"out_stock_date":null,"out_stock_threshold":null,"inheritable":false,"inbound_stock":0,"stock_on_hold":4,"sold_today":3,"sales_last_days":11,"reserved_stock":0,"customer_returns":0,"warehouse_damage":0,"lost_in_post":0,"other_logs":0,"out_stock_days":0,"lost_sales":0,"has_location":false,"update_date":"2026-02-12T15:29:10","atum_locations":[],"atum_stock_status":"instock","restock_status":false,"low_stock_amount":"","sales_update_date":"2026-02-12T15:29:01","calc_backorders":null,"acf":[],"_links":{"self":[{"href":"https:\/\/vbd.dev.sumena.ee\/lv\/wp-json\/wp\/v2\/product\/365138","targetHints":{"allow":["GET"]}}],"collection":[{"href":"https:\/\/vbd.dev.sumena.ee\/lv\/wp-json\/wp\/v2\/product"}],"about":[{"href":"https:\/\/vbd.dev.sumena.ee\/lv\/wp-json\/wp\/v2\/types\/product"}],"replies":[{"embeddable":true,"href":"https:\/\/vbd.dev.sumena.ee\/lv\/wp-json\/wp\/v2\/comments?post=365138"}],"wp:featuredmedia":[{"embeddable":true,"href":"https:\/\/vbd.dev.sumena.ee\/lv\/wp-json\/wp\/v2\/media\/365140"}],"wp:attachment":[{"href":"https:\/\/vbd.dev.sumena.ee\/lv\/wp-json\/wp\/v2\/media?parent=365138"}],"wp:term":[{"taxonomy":"product_brand","embeddable":true,"href":"https:\/\/vbd.dev.sumena.ee\/lv\/wp-json\/wp\/v2\/product_brand?post=365138"},{"taxonomy":"product_cat","embeddable":true,"href":"https:\/\/vbd.dev.sumena.ee\/lv\/wp-json\/wp\/v2\/product_cat?post=365138"},{"taxonomy":"product_tag","embeddable":true,"href":"https:\/\/vbd.dev.sumena.ee\/lv\/wp-json\/wp\/v2\/product_tag?post=365138"}],"curies":[{"name":"wp","href":"https:\/\/api.w.org\/{rel}","templated":true}]}}