{"id":365136,"date":"2026-02-09T21:46:06","date_gmt":"2026-02-09T18:46:06","guid":{"rendered":"https:\/\/vbd.dev.sumena.ee\/?post_type=product&#038;p=365136"},"modified":"2026-02-11T23:27:34","modified_gmt":"2026-02-11T20:27:34","slug":"tooniv-juuksevarv-syoss-colorglow-jahe-brunett-100ml","status":"publish","type":"product","link":"https:\/\/vbd.dev.sumena.ee\/lv\/products-2\/tooniv-juuksevarv-syoss-colorglow-jahe-brunett-100ml\/","title":{"rendered":"Syoss ColorGLOW matu ton\u0113jo\u0161\u0101 kr\u0101sa Cool Brunette, 100\u202fml."},"content":{"rendered":"<p data-start=\"307\" data-end=\"461\">Pusm\u016b\u017e\u012bga ton\u0113jo\u0161\u0101 matu kr\u0101sa (semi-permanent) matiem; pigmenti izce\u013c v\u0113so br\u016bn\u0101s nokr\u0101sas toni un nodro\u0161ina spilgtu kr\u0101su. Pateicoties intens\u012bvi pigment\u0113tajai sast\u0101vda\u013cai, tonis saglab\u0101jas l\u012bdz aptuveni <strong data-start=\"526\" data-end=\"542\">8 matu mazg\u0101\u0161anas reiz\u0113m.<\/strong>Pal\u012bdz, <strong data-start=\"592\" data-end=\"632\">atjaunot eso\u0161o matu kr\u0101su<\/strong>, izm\u0113\u0123in\u0101t jaunu toni vai <strong data-start=\"657\" data-end=\"692\">sl\u0113p pel\u0113kos matus<\/strong> nekait\u0113jot matiem.<\/p>\n<p data-start=\"763\" data-end=\"862\">Piem\u0113rots lieto\u0161anai m\u0101j\u0101s un nodro\u0161ina intens\u012bvu kr\u0101sas efektu.<\/p>\n<p data-start=\"865\" data-end=\"1050\"><strong data-start=\"865\" data-end=\"880\">Lieto\u0161ana:<\/strong> Uzkl\u0101j uz matiem un atst\u0101j 10 min\u016btes = tikai kr\u0101sas atjauno\u0161anai, vai 20\u201330 min\u016btes = intens\u012bv\u0101kam rezult\u0101tam.<\/p>","protected":false},"excerpt":{"rendered":"<p>Poolp\u00fcsiv tooniv juuksev\u00e4rv (semi-permanent) juustele; pigmendid toovad v\u00e4lja k\u00fclma br\u00fcneti tooni ja s\u00e4rava v\u00e4rvi. T\u00e4nu tugevalt pigmenteeritud koostisele p\u00fcsib toon kuni umbes 8 juuksepesu. Aitab v\u00e4rskendada olemasolevat juuksev\u00e4rvi, proovida uut tooni v\u00f5i peita halle juukseid ilma juukseid kahjustamata. Sobib kasutamiseks kodus ja pakub intensiivset v\u00e4rviefekti. Kasutamine: kanna juustele ja hoia 10 minutit = vaid v\u00e4rvitooni [&hellip;]<\/p>","protected":false},"featured_media":365137,"comment_status":"open","ping_status":"closed","template":"","meta":{"_acf_changed":false},"product_brand":[],"product_cat":[157,104],"product_tag":[],"class_list":{"0":"post-365136","1":"product","2":"type-product","3":"status-publish","4":"has-post-thumbnail","6":"product_cat-juuksehooldus","7":"product_cat-enesehooldus","9":"first","10":"instock","11":"sale","12":"taxable","13":"shipping-taxable","14":"purchasable","15":"product-type-simple"},"supplier_id":null,"supplier_sku":"","barcode":null,"atum_controlled":true,"out_stock_date":null,"out_stock_threshold":null,"inheritable":false,"inbound_stock":0,"stock_on_hold":2,"sold_today":0,"sales_last_days":5,"reserved_stock":0,"customer_returns":0,"warehouse_damage":0,"lost_in_post":0,"other_logs":0,"out_stock_days":0,"lost_sales":0,"has_location":false,"update_date":"2026-02-12T12:53:41","atum_locations":[],"atum_stock_status":"instock","restock_status":false,"low_stock_amount":"","sales_update_date":"2026-02-12T12:53:31","calc_backorders":null,"acf":[],"_links":{"self":[{"href":"https:\/\/vbd.dev.sumena.ee\/lv\/wp-json\/wp\/v2\/product\/365136","targetHints":{"allow":["GET"]}}],"collection":[{"href":"https:\/\/vbd.dev.sumena.ee\/lv\/wp-json\/wp\/v2\/product"}],"about":[{"href":"https:\/\/vbd.dev.sumena.ee\/lv\/wp-json\/wp\/v2\/types\/product"}],"replies":[{"embeddable":true,"href":"https:\/\/vbd.dev.sumena.ee\/lv\/wp-json\/wp\/v2\/comments?post=365136"}],"wp:featuredmedia":[{"embeddable":true,"href":"https:\/\/vbd.dev.sumena.ee\/lv\/wp-json\/wp\/v2\/media\/365137"}],"wp:attachment":[{"href":"https:\/\/vbd.dev.sumena.ee\/lv\/wp-json\/wp\/v2\/media?parent=365136"}],"wp:term":[{"taxonomy":"product_brand","embeddable":true,"href":"https:\/\/vbd.dev.sumena.ee\/lv\/wp-json\/wp\/v2\/product_brand?post=365136"},{"taxonomy":"product_cat","embeddable":true,"href":"https:\/\/vbd.dev.sumena.ee\/lv\/wp-json\/wp\/v2\/product_cat?post=365136"},{"taxonomy":"product_tag","embeddable":true,"href":"https:\/\/vbd.dev.sumena.ee\/lv\/wp-json\/wp\/v2\/product_tag?post=365136"}],"curies":[{"name":"wp","href":"https:\/\/api.w.org\/{rel}","templated":true}]}}