{"id":365126,"date":"2026-02-09T21:25:30","date_gmt":"2026-02-09T18:25:30","guid":{"rendered":"https:\/\/vbd.dev.sumena.ee\/?post_type=product&#038;p=365126"},"modified":"2026-02-12T16:06:10","modified_gmt":"2026-02-12T13:06:10","slug":"kartulikropsud-estrella-vurtsika-kastme-maitseliseline-115g","status":"publish","type":"product","link":"https:\/\/vbd.dev.sumena.ee\/lv\/products-2\/kartulikropsud-estrella-vurtsika-kastme-maitseliseline-115g\/","title":{"rendered":"ESTRELLA kartupe\u013cu \u010dipsi ar pikanta m\u0113rces gar\u0161u, 115\u202fg."},"content":{"rendered":"<div class=\"sc-ce819573-1 gHezBb\" data-test-id=\"product-info-ingredients\">\n<div>\n<h3 class=\"izDEqE llpRim gZSiXk kvXNxI lgoqEg fygOE ijAptY\">Sast\u0101vs<\/h3>\n<div class=\"sc-ce819573-2 kdA-Djm\">\n<p>Sast\u0101vda\u013cas: kartupe\u013ci, augu e\u013c\u013cas (saulespu\u0137u, rap\u0161u \u2013 main\u012bg\u0101 proporcij\u0101), gar\u0161vielas (dabiskais aromatiz\u0113t\u0101js un gar\u0161viela, cukurs, s\u0101ls, s\u012bpolu pulveris, \u010dilli piparu pulveris, rauga ekstrakts, \u0137iploku pulveris, sk\u0101bums: citronsk\u0101be, \u0101bolsk\u0101be, p\u0101rtikas kr\u0101sviela: paprikas ekstrakts, tom\u0101tu pulveris, Kajennas pipari, gar\u0161vielas, za\u013cumi).\n\nVar satur\u0113t nelielu daudzumu piena sast\u0101vda\u013cu.<\/p>\n<\/div>\n<\/div>\n<\/div>\n<div class=\"sc-ce819573-1 gHezBb\" data-test-id=\"product-info-ean\">\n<div><\/div>\n<\/div>","protected":false},"excerpt":{"rendered":"<p>Koostisosad kartulid, taimsed \u00f5lid (p\u00e4evalille, rapsiseeme muutuvas suhtes), maitseained (looduslik l\u00f5hna- ja maitseaine, suhkur, sool, sibulapu lber, t\u0161illipipra pulber, p\u00e4rmiekstrakt, k\u00fc\u00fcslaugupulber, hape: sidrunhape, \u00f5unhape, toiduv\u00e4rv: paprikaekstrakt, tomatipulber, Cayen ne\u2019i pipar, v\u00fcrtsid, \u00fcrdid). V\u00f5ib sisaldada v\u00e4ikeseid lisandeid PIIMAST.<\/p>","protected":false},"featured_media":365129,"comment_status":"open","ping_status":"closed","template":"","meta":{"_acf_changed":false},"product_brand":[],"product_cat":[80,81],"product_tag":[],"class_list":{"0":"post-365126","1":"product","2":"type-product","3":"status-publish","4":"has-post-thumbnail","6":"product_cat-snakid","7":"product_cat-kropsud","9":"first","10":"instock","11":"sale","12":"taxable","13":"shipping-taxable","14":"purchasable","15":"product-type-simple"},"supplier_id":null,"supplier_sku":"","barcode":null,"atum_controlled":true,"out_stock_date":null,"out_stock_threshold":null,"inheritable":false,"inbound_stock":0,"stock_on_hold":63,"sold_today":74,"sales_last_days":131,"reserved_stock":0,"customer_returns":0,"warehouse_damage":0,"lost_in_post":0,"other_logs":0,"out_stock_days":0,"lost_sales":0,"has_location":false,"update_date":"2026-02-12T14:26:45","atum_locations":[],"atum_stock_status":"instock","restock_status":false,"low_stock_amount":"","sales_update_date":"2026-02-12T14:26:36","calc_backorders":null,"acf":[],"_links":{"self":[{"href":"https:\/\/vbd.dev.sumena.ee\/lv\/wp-json\/wp\/v2\/product\/365126","targetHints":{"allow":["GET"]}}],"collection":[{"href":"https:\/\/vbd.dev.sumena.ee\/lv\/wp-json\/wp\/v2\/product"}],"about":[{"href":"https:\/\/vbd.dev.sumena.ee\/lv\/wp-json\/wp\/v2\/types\/product"}],"replies":[{"embeddable":true,"href":"https:\/\/vbd.dev.sumena.ee\/lv\/wp-json\/wp\/v2\/comments?post=365126"}],"wp:featuredmedia":[{"embeddable":true,"href":"https:\/\/vbd.dev.sumena.ee\/lv\/wp-json\/wp\/v2\/media\/365129"}],"wp:attachment":[{"href":"https:\/\/vbd.dev.sumena.ee\/lv\/wp-json\/wp\/v2\/media?parent=365126"}],"wp:term":[{"taxonomy":"product_brand","embeddable":true,"href":"https:\/\/vbd.dev.sumena.ee\/lv\/wp-json\/wp\/v2\/product_brand?post=365126"},{"taxonomy":"product_cat","embeddable":true,"href":"https:\/\/vbd.dev.sumena.ee\/lv\/wp-json\/wp\/v2\/product_cat?post=365126"},{"taxonomy":"product_tag","embeddable":true,"href":"https:\/\/vbd.dev.sumena.ee\/lv\/wp-json\/wp\/v2\/product_tag?post=365126"}],"curies":[{"name":"wp","href":"https:\/\/api.w.org\/{rel}","templated":true}]}}