{"id":365123,"date":"2026-02-09T21:20:21","date_gmt":"2026-02-09T18:20:21","guid":{"rendered":"https:\/\/vbd.dev.sumena.ee\/?post_type=product&#038;p=365123"},"modified":"2026-02-12T16:34:41","modified_gmt":"2026-02-12T13:34:41","slug":"schauma-shampoon-moistureshine-400ml","status":"publish","type":"product","link":"https:\/\/vbd.dev.sumena.ee\/lv\/products-2\/schauma-shampoon-moistureshine-400ml\/","title":{"rendered":"Schauma Mitruma &amp; Sp\u012bduma \u0161amp\u016bns, 400\u202fml."},"content":{"rendered":"<p>Schauma Moisture &amp; Shine \u0161amp\u016bns, 400\u202fml\nVegan* \u0161amp\u016bns ar r\u012bsu \u016bdens un piones arom\u0101tu, piem\u0113rots sausiem un norm\u0101liem matiem. Maigi att\u012bra galvas \u0101du, mitrina matus no iek\u0161puses, atst\u0101jot tos m\u012bkstus, sp\u012bd\u012bgus un vesel\u012bgus. Pudele izgatavota no 98\u202f% p\u0101rstr\u0101d\u0101tas plastmasas, kor\u0137is \u2013 25\u202f% p\u0101rstr\u0101d\u0101tas plastmasas.\n\nLieto\u0161anas veids: uzkl\u0101j \u0161amp\u016bnu uz mitriem matiem, iemas\u0113, atst\u0101j uz br\u012bdi iedarb\u012bbai un noskalo.<\/p>","protected":false},"excerpt":{"rendered":"<p>Schauma Moisture &amp; Shine \u0161ampoon \u2014 riisivee ja pojengi l\u00f5hnaga \u0161ampoon kuivadele ja normaalsetele juustele. Kuivadele ja normaalsetele juustele loodud Schauma \u0161ampoon puhastab peanahka, niisutades samal ajal juukseid ja seestpoolt. Pestes regulaarselt Moisture &amp; Shine \u0161ampooniga on sinu juuksed pehmed, s\u00e4ravad ja terved. Naudi riisivee ja pojengi l\u00f5hnaga \u0161ampooni vegan koostist*. \u0160ampooni pudel on valmistatud [&hellip;]<\/p>","protected":false},"featured_media":365134,"comment_status":"open","ping_status":"closed","template":"","meta":{"_acf_changed":false},"product_brand":[],"product_cat":[157,104],"product_tag":[],"class_list":{"0":"post-365123","1":"product","2":"type-product","3":"status-publish","4":"has-post-thumbnail","6":"product_cat-juuksehooldus","7":"product_cat-enesehooldus","9":"first","10":"instock","11":"sale","12":"taxable","13":"shipping-taxable","14":"purchasable","15":"product-type-simple"},"supplier_id":null,"supplier_sku":"","barcode":null,"atum_controlled":true,"out_stock_date":null,"out_stock_threshold":null,"inheritable":false,"inbound_stock":0,"stock_on_hold":3,"sold_today":7,"sales_last_days":12,"reserved_stock":0,"customer_returns":0,"warehouse_damage":0,"lost_in_post":0,"other_logs":0,"out_stock_days":0,"lost_sales":0,"has_location":false,"update_date":"2026-02-12T13:37:54","atum_locations":[],"atum_stock_status":"instock","restock_status":false,"low_stock_amount":"","sales_update_date":"2026-02-12T13:37:45","calc_backorders":null,"acf":[],"_links":{"self":[{"href":"https:\/\/vbd.dev.sumena.ee\/lv\/wp-json\/wp\/v2\/product\/365123","targetHints":{"allow":["GET"]}}],"collection":[{"href":"https:\/\/vbd.dev.sumena.ee\/lv\/wp-json\/wp\/v2\/product"}],"about":[{"href":"https:\/\/vbd.dev.sumena.ee\/lv\/wp-json\/wp\/v2\/types\/product"}],"replies":[{"embeddable":true,"href":"https:\/\/vbd.dev.sumena.ee\/lv\/wp-json\/wp\/v2\/comments?post=365123"}],"wp:featuredmedia":[{"embeddable":true,"href":"https:\/\/vbd.dev.sumena.ee\/lv\/wp-json\/wp\/v2\/media\/365134"}],"wp:attachment":[{"href":"https:\/\/vbd.dev.sumena.ee\/lv\/wp-json\/wp\/v2\/media?parent=365123"}],"wp:term":[{"taxonomy":"product_brand","embeddable":true,"href":"https:\/\/vbd.dev.sumena.ee\/lv\/wp-json\/wp\/v2\/product_brand?post=365123"},{"taxonomy":"product_cat","embeddable":true,"href":"https:\/\/vbd.dev.sumena.ee\/lv\/wp-json\/wp\/v2\/product_cat?post=365123"},{"taxonomy":"product_tag","embeddable":true,"href":"https:\/\/vbd.dev.sumena.ee\/lv\/wp-json\/wp\/v2\/product_tag?post=365123"}],"curies":[{"name":"wp","href":"https:\/\/api.w.org\/{rel}","templated":true}]}}