{"id":363433,"date":"2026-02-06T23:03:54","date_gmt":"2026-02-06T20:03:54","guid":{"rendered":"https:\/\/vbd.dev.sumena.ee\/?post_type=product&#038;p=363433"},"modified":"2026-02-11T19:50:46","modified_gmt":"2026-02-11T16:50:46","slug":"vahvlirullid-pahklikreemiga-tago-150g","status":"publish","type":"product","link":"https:\/\/vbd.dev.sumena.ee\/lv\/products-2\/vahvlirullid-pahklikreemiga-tago-150g\/","title":{"rendered":"Vafe\u013cu rull\u012b\u0161i ar riekstu kr\u0113mu, Tago, 150\u202fg."},"content":{"rendered":"","protected":false},"excerpt":{"rendered":"","protected":false},"featured_media":363434,"comment_status":"open","ping_status":"closed","template":"","meta":{"_acf_changed":false},"product_brand":[],"product_cat":[80,82],"product_tag":[],"class_list":{"0":"post-363433","1":"product","2":"type-product","3":"status-publish","4":"has-post-thumbnail","6":"product_cat-snakid","7":"product_cat-muu-hea","9":"first","10":"instock","11":"sale","12":"taxable","13":"shipping-taxable","14":"purchasable","15":"product-type-simple"},"supplier_id":null,"supplier_sku":"","barcode":null,"atum_controlled":true,"out_stock_date":null,"out_stock_threshold":null,"inheritable":false,"inbound_stock":0,"stock_on_hold":8,"sold_today":0,"sales_last_days":157,"reserved_stock":0,"customer_returns":0,"warehouse_damage":0,"lost_in_post":0,"other_logs":0,"out_stock_days":0,"lost_sales":0,"has_location":false,"update_date":"2026-02-12T12:27:11","atum_locations":[],"atum_stock_status":"instock","restock_status":true,"low_stock_amount":"","sales_update_date":"2026-02-12T12:27:02","calc_backorders":null,"acf":[],"_links":{"self":[{"href":"https:\/\/vbd.dev.sumena.ee\/lv\/wp-json\/wp\/v2\/product\/363433","targetHints":{"allow":["GET"]}}],"collection":[{"href":"https:\/\/vbd.dev.sumena.ee\/lv\/wp-json\/wp\/v2\/product"}],"about":[{"href":"https:\/\/vbd.dev.sumena.ee\/lv\/wp-json\/wp\/v2\/types\/product"}],"replies":[{"embeddable":true,"href":"https:\/\/vbd.dev.sumena.ee\/lv\/wp-json\/wp\/v2\/comments?post=363433"}],"wp:featuredmedia":[{"embeddable":true,"href":"https:\/\/vbd.dev.sumena.ee\/lv\/wp-json\/wp\/v2\/media\/363434"}],"wp:attachment":[{"href":"https:\/\/vbd.dev.sumena.ee\/lv\/wp-json\/wp\/v2\/media?parent=363433"}],"wp:term":[{"taxonomy":"product_brand","embeddable":true,"href":"https:\/\/vbd.dev.sumena.ee\/lv\/wp-json\/wp\/v2\/product_brand?post=363433"},{"taxonomy":"product_cat","embeddable":true,"href":"https:\/\/vbd.dev.sumena.ee\/lv\/wp-json\/wp\/v2\/product_cat?post=363433"},{"taxonomy":"product_tag","embeddable":true,"href":"https:\/\/vbd.dev.sumena.ee\/lv\/wp-json\/wp\/v2\/product_tag?post=363433"}],"curies":[{"name":"wp","href":"https:\/\/api.w.org\/{rel}","templated":true}]}}