{"id":363414,"date":"2026-02-06T22:44:30","date_gmt":"2026-02-06T19:44:30","guid":{"rendered":"https:\/\/vbd.dev.sumena.ee\/?post_type=product&#038;p=363414"},"modified":"2026-02-12T09:15:08","modified_gmt":"2026-02-12T06:15:08","slug":"noudepesumasina-tabletid-all-in-1-lemon-finish-quantum-100-tk","status":"publish","type":"product","link":"https:\/\/vbd.dev.sumena.ee\/lv\/products-2\/noudepesumasina-tabletid-all-in-1-lemon-finish-quantum-100-tk\/","title":{"rendered":"Trauku mazg\u0101jam\u0101s ma\u0161\u012bnas tabletes All in 1 Lemon, Finish Quantum, 100\u202fgab."},"content":{"rendered":"<dl class=\"b-product-info--info-2\">\n<dd>Kvalitat\u012bvas trauku mazg\u0101jam\u0101s ma\u0161\u012bnas kapsulas, kas nodro\u0161ina nevainojamu t\u012br\u012bbu un spo\u017eu mirdzumu. Tr\u012bsda\u013c\u012bg\u0101s kapsulas efekt\u012bvi no\u0146em visus p\u0101rtikas atlikumus \u2013 bez iepriek\u0161\u0113jas izskalo\u0161anas. T\u0101s tiek gal\u0101 ar jebkuru izaicin\u0101jumu virtuv\u0113! Aizsarg\u0101 stiklu no korozijas un vienlaikus nov\u0113r\u0161 ka\u013c\u0137akmens uzkr\u0101\u0161anos trauku mazg\u0101jam\u0101 ma\u0161\u012bn\u0101.<\/dd>\n<\/dl>","protected":false},"excerpt":{"rendered":"<p>Kvalitat\u012bvas trauku mazg\u0101jam\u0101s ma\u0161\u012bnas kapsulas, kas nodro\u0161ina nevainojamu t\u012br\u012bbu un spo\u017eu mirdzumu. Tr\u012bsda\u013c\u012bg\u0101s kapsulas efekt\u012bvi no\u0146em visus p\u0101rtikas atlikumus \u2013 bez iepriek\u0161\u0113jas izskalo\u0161anas. T\u0101s tiek gal\u0101 ar jebkuru izaicin\u0101jumu virtuv\u0113! Aizsarg\u0101 stiklu no korozijas un vienlaikus nov\u0113r\u0161 ka\u013c\u0137akmens uzkr\u0101\u0161anos trauku mazg\u0101jam\u0101 ma\u0161\u012bn\u0101.<\/p>","protected":false},"featured_media":363417,"comment_status":"open","ping_status":"closed","template":"","meta":{"_acf_changed":false},"product_brand":[],"product_cat":[185,88],"product_tag":[],"class_list":{"0":"post-363414","1":"product","2":"type-product","3":"status-publish","4":"has-post-thumbnail","6":"product_cat-puhastus-ja-koristusvahendid","7":"product_cat-tarbekaubad-tooted","9":"first","10":"instock","11":"sale","12":"taxable","13":"shipping-taxable","14":"purchasable","15":"product-type-simple"},"supplier_id":null,"supplier_sku":"","barcode":null,"atum_controlled":true,"out_stock_date":null,"out_stock_threshold":null,"inheritable":false,"inbound_stock":0,"stock_on_hold":5,"sold_today":2,"sales_last_days":22,"reserved_stock":0,"customer_returns":0,"warehouse_damage":0,"lost_in_post":0,"other_logs":0,"out_stock_days":0,"lost_sales":0,"has_location":false,"update_date":"2026-02-12T11:34:35","atum_locations":[],"atum_stock_status":"instock","restock_status":true,"low_stock_amount":"","sales_update_date":"2026-02-12T11:34:26","calc_backorders":null,"acf":[],"_links":{"self":[{"href":"https:\/\/vbd.dev.sumena.ee\/lv\/wp-json\/wp\/v2\/product\/363414","targetHints":{"allow":["GET"]}}],"collection":[{"href":"https:\/\/vbd.dev.sumena.ee\/lv\/wp-json\/wp\/v2\/product"}],"about":[{"href":"https:\/\/vbd.dev.sumena.ee\/lv\/wp-json\/wp\/v2\/types\/product"}],"replies":[{"embeddable":true,"href":"https:\/\/vbd.dev.sumena.ee\/lv\/wp-json\/wp\/v2\/comments?post=363414"}],"wp:featuredmedia":[{"embeddable":true,"href":"https:\/\/vbd.dev.sumena.ee\/lv\/wp-json\/wp\/v2\/media\/363417"}],"wp:attachment":[{"href":"https:\/\/vbd.dev.sumena.ee\/lv\/wp-json\/wp\/v2\/media?parent=363414"}],"wp:term":[{"taxonomy":"product_brand","embeddable":true,"href":"https:\/\/vbd.dev.sumena.ee\/lv\/wp-json\/wp\/v2\/product_brand?post=363414"},{"taxonomy":"product_cat","embeddable":true,"href":"https:\/\/vbd.dev.sumena.ee\/lv\/wp-json\/wp\/v2\/product_cat?post=363414"},{"taxonomy":"product_tag","embeddable":true,"href":"https:\/\/vbd.dev.sumena.ee\/lv\/wp-json\/wp\/v2\/product_tag?post=363414"}],"curies":[{"name":"wp","href":"https:\/\/api.w.org\/{rel}","templated":true}]}}