{"id":363405,"date":"2026-02-06T22:36:41","date_gmt":"2026-02-06T19:36:41","guid":{"rendered":"https:\/\/vbd.dev.sumena.ee\/?post_type=product&#038;p=363405"},"modified":"2026-02-12T01:17:16","modified_gmt":"2026-02-11T22:17:16","slug":"pesukapslid-universaalne-weiser-riese-aromatherapy-universal-lotus-80-tk","status":"publish","type":"product","link":"https:\/\/vbd.dev.sumena.ee\/lv\/products-2\/pesukapslid-universaalne-weiser-riese-aromatherapy-universal-lotus-80-tk\/","title":{"rendered":"Mazg\u0101\u0161anas kapsulas univers\u0101l\u0101m dr\u0113b\u0113m, Wei\u00dfer Riese Aromatherapy Universal Lotus, 80\u202fgab."},"content":{"rendered":"<p>Wei\u00dfer Riese ar lotosa zieda smar\u017eu aromterapijas mazg\u0101\u0161anas kapsulas gan baltajiem, gan kr\u0101sainajiem ap\u0123\u0113rbiem, 80\u202fgab.<\/p>\n<p>Ra\u017eot\u0101js: Henkel<\/p>","protected":false},"excerpt":{"rendered":"<p>Wei\u00dfer Riese lootos\u00f5ie l\u00f5hnalised aroomiteraapia pesukapslid nii valgele kui ka v\u00e4rvilisele pesule 80tk. Tootja: Henkel<\/p>","protected":false},"featured_media":363408,"comment_status":"open","ping_status":"closed","template":"","meta":{"_acf_changed":false},"product_brand":[],"product_cat":[185,88],"product_tag":[],"class_list":{"0":"post-363405","1":"product","2":"type-product","3":"status-publish","4":"has-post-thumbnail","6":"product_cat-puhastus-ja-koristusvahendid","7":"product_cat-tarbekaubad-tooted","9":"first","10":"instock","11":"sale","12":"taxable","13":"shipping-taxable","14":"purchasable","15":"product-type-simple"},"supplier_id":null,"supplier_sku":"","barcode":null,"atum_controlled":true,"out_stock_date":null,"out_stock_threshold":null,"inheritable":false,"inbound_stock":0,"stock_on_hold":1,"sold_today":1,"sales_last_days":6,"reserved_stock":0,"customer_returns":0,"warehouse_damage":0,"lost_in_post":0,"other_logs":0,"out_stock_days":0,"lost_sales":0,"has_location":false,"update_date":"2026-02-11T22:20:13","atum_locations":[],"atum_stock_status":"instock","restock_status":false,"low_stock_amount":"","sales_update_date":"2026-02-11T22:20:05","calc_backorders":null,"acf":[],"_links":{"self":[{"href":"https:\/\/vbd.dev.sumena.ee\/lv\/wp-json\/wp\/v2\/product\/363405","targetHints":{"allow":["GET"]}}],"collection":[{"href":"https:\/\/vbd.dev.sumena.ee\/lv\/wp-json\/wp\/v2\/product"}],"about":[{"href":"https:\/\/vbd.dev.sumena.ee\/lv\/wp-json\/wp\/v2\/types\/product"}],"replies":[{"embeddable":true,"href":"https:\/\/vbd.dev.sumena.ee\/lv\/wp-json\/wp\/v2\/comments?post=363405"}],"wp:featuredmedia":[{"embeddable":true,"href":"https:\/\/vbd.dev.sumena.ee\/lv\/wp-json\/wp\/v2\/media\/363408"}],"wp:attachment":[{"href":"https:\/\/vbd.dev.sumena.ee\/lv\/wp-json\/wp\/v2\/media?parent=363405"}],"wp:term":[{"taxonomy":"product_brand","embeddable":true,"href":"https:\/\/vbd.dev.sumena.ee\/lv\/wp-json\/wp\/v2\/product_brand?post=363405"},{"taxonomy":"product_cat","embeddable":true,"href":"https:\/\/vbd.dev.sumena.ee\/lv\/wp-json\/wp\/v2\/product_cat?post=363405"},{"taxonomy":"product_tag","embeddable":true,"href":"https:\/\/vbd.dev.sumena.ee\/lv\/wp-json\/wp\/v2\/product_tag?post=363405"}],"curies":[{"name":"wp","href":"https:\/\/api.w.org\/{rel}","templated":true}]}}