{"id":363386,"date":"2026-02-06T22:18:32","date_gmt":"2026-02-06T19:18:32","guid":{"rendered":"https:\/\/vbd.dev.sumena.ee\/?post_type=product&#038;p=363386"},"modified":"2026-02-12T15:59:51","modified_gmt":"2026-02-12T12:59:51","slug":"noudepesumasina-tabletid-all-in-1-at-home-clean-90-tk","status":"publish","type":"product","link":"https:\/\/vbd.dev.sumena.ee\/lv\/products-2\/noudepesumasina-tabletid-all-in-1-at-home-clean-90-tk\/","title":{"rendered":"Trauku mazg\u0101jam\u0101s ma\u0161\u012bnas tabletes All in 1, At Home Clean, 90 gab."},"content":{"rendered":"<p>Efekt\u012bva viss vien\u0101 trauku mazg\u0101jam\u0101s ma\u0161\u012bnas tablete mazg\u0101 traukus svaigi un t\u012bri. Iepakojum\u0101 ir 90 trauku mazg\u0101jam\u0101s ma\u0161\u012bnas tabletes.<\/p>","protected":false},"excerpt":{"rendered":"<p>Efekt\u012bva viss vien\u0101 trauku mazg\u0101jam\u0101s ma\u0161\u012bnas tablete mazg\u0101 traukus svaigi un t\u012bri. Iepakojum\u0101 ir 90 trauku mazg\u0101jam\u0101s ma\u0161\u012bnas tabletes.<\/p>","protected":false},"featured_media":363389,"comment_status":"open","ping_status":"closed","template":"","meta":{"_acf_changed":false},"product_brand":[],"product_cat":[185,88],"product_tag":[],"class_list":{"0":"post-363386","1":"product","2":"type-product","3":"status-publish","4":"has-post-thumbnail","6":"product_cat-puhastus-ja-koristusvahendid","7":"product_cat-tarbekaubad-tooted","9":"first","10":"instock","11":"sale","12":"taxable","13":"shipping-taxable","14":"purchasable","15":"product-type-simple"},"supplier_id":null,"supplier_sku":"","barcode":null,"atum_controlled":true,"out_stock_date":null,"out_stock_threshold":null,"inheritable":false,"inbound_stock":0,"stock_on_hold":3,"sold_today":4,"sales_last_days":30,"reserved_stock":0,"customer_returns":0,"warehouse_damage":0,"lost_in_post":0,"other_logs":0,"out_stock_days":0,"lost_sales":0,"has_location":false,"update_date":"2026-02-12T13:02:09","atum_locations":[],"atum_stock_status":"instock","restock_status":false,"low_stock_amount":"","sales_update_date":"2026-02-12T13:01:59","calc_backorders":null,"acf":[],"_links":{"self":[{"href":"https:\/\/vbd.dev.sumena.ee\/lv\/wp-json\/wp\/v2\/product\/363386","targetHints":{"allow":["GET"]}}],"collection":[{"href":"https:\/\/vbd.dev.sumena.ee\/lv\/wp-json\/wp\/v2\/product"}],"about":[{"href":"https:\/\/vbd.dev.sumena.ee\/lv\/wp-json\/wp\/v2\/types\/product"}],"replies":[{"embeddable":true,"href":"https:\/\/vbd.dev.sumena.ee\/lv\/wp-json\/wp\/v2\/comments?post=363386"}],"wp:featuredmedia":[{"embeddable":true,"href":"https:\/\/vbd.dev.sumena.ee\/lv\/wp-json\/wp\/v2\/media\/363389"}],"wp:attachment":[{"href":"https:\/\/vbd.dev.sumena.ee\/lv\/wp-json\/wp\/v2\/media?parent=363386"}],"wp:term":[{"taxonomy":"product_brand","embeddable":true,"href":"https:\/\/vbd.dev.sumena.ee\/lv\/wp-json\/wp\/v2\/product_brand?post=363386"},{"taxonomy":"product_cat","embeddable":true,"href":"https:\/\/vbd.dev.sumena.ee\/lv\/wp-json\/wp\/v2\/product_cat?post=363386"},{"taxonomy":"product_tag","embeddable":true,"href":"https:\/\/vbd.dev.sumena.ee\/lv\/wp-json\/wp\/v2\/product_tag?post=363386"}],"curies":[{"name":"wp","href":"https:\/\/api.w.org\/{rel}","templated":true}]}}