{"id":363375,"date":"2026-02-06T22:03:30","date_gmt":"2026-02-06T19:03:30","guid":{"rendered":"https:\/\/vbd.dev.sumena.ee\/?post_type=product&#038;p=363375"},"modified":"2026-02-10T15:31:55","modified_gmt":"2026-02-10T12:31:55","slug":"noudepesumasina-kapslid-excellence-4in1-somat-77tk","status":"publish","type":"product","link":"https:\/\/vbd.dev.sumena.ee\/lv\/products-2\/noudepesumasina-kapslid-excellence-4in1-somat-77tk\/","title":{"rendered":"Trauku mazg\u0101jam\u0101s ma\u0161\u012bnas kapsulas Excellence 4in1, Somat, 77 gab."},"content":{"rendered":"<dl class=\"b-product-info--info-2\">\n<dd>Somat Excellence 4-in-1 trauku mazg\u0101jam\u0101s ma\u0161\u012bnas kapsulas nodro\u0161ina perfektu t\u012br\u012bbu un sp\u012bdumu pat zem\u0101s temperat\u016br\u0101s, ekore\u017e\u012bm\u0101 un \u012bsajos trauku mazg\u0101\u0161anas ciklos. Somat Excellence 4-in-1 kapsulas ir \u0101tr\u0101s kapsulas, kas sast\u0101v no pulvera un trim unik\u0101l\u0101m \u017eelej\u0101m \u016bden\u012b \u0161\u0137\u012bsto\u0161\u0101 pl\u0113v\u0113. Sp\u0113c\u012bg\u0101 kapsulas formula nodro\u0161ina dzi\u013cu net\u012brumu att\u012br\u012b\u0161anu un sp\u012bdumu. T\u0101 ir maiga pret traukiem un r\u016bp\u0113jas par trauku mazg\u0101jamo ma\u0161\u012bnu.<\/dd>\n<\/dl>","protected":false},"excerpt":{"rendered":"<p>Somat Excellence 4-in-1 trauku mazg\u0101jam\u0101s ma\u0161\u012bnas kapsulas nodro\u0161ina perfektu t\u012br\u012bbu un sp\u012bdumu pat zem\u0101s temperat\u016br\u0101s, ekore\u017e\u012bm\u0101 un \u012bsajos trauku mazg\u0101\u0161anas ciklos. Somat Excellence 4-in-1 kapsulas ir \u0101tr\u0101s kapsulas, kas sast\u0101v no pulvera un trim unik\u0101l\u0101m \u017eelej\u0101m \u016bden\u012b \u0161\u0137\u012bsto\u0161\u0101 pl\u0113v\u0113. Sp\u0113c\u012bg\u0101 kapsulas formula nodro\u0161ina dzi\u013cu net\u012brumu att\u012br\u012b\u0161anu un sp\u012bdumu. T\u0101 ir maiga pret traukiem un r\u016bp\u0113jas par trauku mazg\u0101jamo ma\u0161\u012bnu.<\/p>","protected":false},"featured_media":363376,"comment_status":"open","ping_status":"closed","template":"","meta":{"_acf_changed":false},"product_brand":[],"product_cat":[185,88],"product_tag":[],"class_list":{"0":"post-363375","1":"product","2":"type-product","3":"status-publish","4":"has-post-thumbnail","6":"product_cat-puhastus-ja-koristusvahendid","7":"product_cat-tarbekaubad-tooted","9":"first","10":"instock","11":"sale","12":"taxable","13":"shipping-taxable","14":"purchasable","15":"product-type-simple"},"supplier_id":null,"supplier_sku":"","barcode":null,"atum_controlled":true,"out_stock_date":null,"out_stock_threshold":null,"inheritable":false,"inbound_stock":0,"stock_on_hold":0,"sold_today":0,"sales_last_days":1,"reserved_stock":0,"customer_returns":0,"warehouse_damage":0,"lost_in_post":0,"other_logs":0,"out_stock_days":0,"lost_sales":0,"has_location":false,"update_date":"2026-02-12T10:17:36","atum_locations":[],"atum_stock_status":"instock","restock_status":false,"low_stock_amount":"","sales_update_date":"2026-02-12T10:17:27","calc_backorders":null,"acf":[],"_links":{"self":[{"href":"https:\/\/vbd.dev.sumena.ee\/lv\/wp-json\/wp\/v2\/product\/363375","targetHints":{"allow":["GET"]}}],"collection":[{"href":"https:\/\/vbd.dev.sumena.ee\/lv\/wp-json\/wp\/v2\/product"}],"about":[{"href":"https:\/\/vbd.dev.sumena.ee\/lv\/wp-json\/wp\/v2\/types\/product"}],"replies":[{"embeddable":true,"href":"https:\/\/vbd.dev.sumena.ee\/lv\/wp-json\/wp\/v2\/comments?post=363375"}],"wp:featuredmedia":[{"embeddable":true,"href":"https:\/\/vbd.dev.sumena.ee\/lv\/wp-json\/wp\/v2\/media\/363376"}],"wp:attachment":[{"href":"https:\/\/vbd.dev.sumena.ee\/lv\/wp-json\/wp\/v2\/media?parent=363375"}],"wp:term":[{"taxonomy":"product_brand","embeddable":true,"href":"https:\/\/vbd.dev.sumena.ee\/lv\/wp-json\/wp\/v2\/product_brand?post=363375"},{"taxonomy":"product_cat","embeddable":true,"href":"https:\/\/vbd.dev.sumena.ee\/lv\/wp-json\/wp\/v2\/product_cat?post=363375"},{"taxonomy":"product_tag","embeddable":true,"href":"https:\/\/vbd.dev.sumena.ee\/lv\/wp-json\/wp\/v2\/product_tag?post=363375"}],"curies":[{"name":"wp","href":"https:\/\/api.w.org\/{rel}","templated":true}]}}