{"id":363314,"date":"2026-02-06T19:50:48","date_gmt":"2026-02-06T16:50:48","guid":{"rendered":"https:\/\/vbd.dev.sumena.ee\/?post_type=product&#038;p=363314"},"modified":"2026-02-12T16:37:24","modified_gmt":"2026-02-12T13:37:24","slug":"hambahari-zig-zag-soft-colgate","status":"publish","type":"product","link":"https:\/\/vbd.dev.sumena.ee\/lv\/products-2\/hambahari-zig-zag-soft-colgate\/","title":{"rendered":"Zobu birste Zig Zag Soft, Colgate"},"content":{"rendered":"<p>Sp\u012bdo\u0161s smaids un svaiga elpa ir burv\u012bbas galvenie elementi. Lai sasniegtu ide\u0101lu rezult\u0101tu, nepiecie\u0161ams kvalitat\u012bvs instruments \u2014 Colgate Zig Zag Soft zobu suka. T\u0101 ir izstr\u0101d\u0101ta, lai nodro\u0161in\u0101tu dzi\u013cu un r\u016bp\u012bgu mutes t\u012br\u012b\u0161anu. T\u0101s unik\u0101l\u0101s \u0161\u0137\u0113rseniski izvietot\u0101s sari\u0146i viegli no\u0146em \u0113diena da\u013ci\u0146as, zobu aplikumu un bakt\u0113rijas, ar\u012b no m\u0113les, nov\u0113r\u0161ot nepat\u012bkamas elpas veido\u0161anos.<\/p>","protected":false},"excerpt":{"rendered":"<p>Sp\u012bdo\u0161s smaids un svaiga elpa ir burv\u012bbas galvenie elementi. Lai sasniegtu ide\u0101lu rezult\u0101tu, nepiecie\u0161ams kvalitat\u012bvs instruments \u2014 Colgate Zig Zag Soft zobu suka. T\u0101 ir izstr\u0101d\u0101ta, lai nodro\u0161in\u0101tu dzi\u013cu un r\u016bp\u012bgu mutes t\u012br\u012b\u0161anu. T\u0101s unik\u0101l\u0101s \u0161\u0137\u0113rseniski izvietot\u0101s sari\u0146i viegli no\u0146em \u0113diena da\u013ci\u0146as, zobu aplikumu un bakt\u0113rijas, ar\u012b no m\u0113les, nov\u0113r\u0161ot nepat\u012bkamas elpas veido\u0161anos.<\/p>","protected":false},"featured_media":363315,"comment_status":"open","ping_status":"closed","template":"","meta":{"_acf_changed":false},"product_brand":[],"product_cat":[155,104],"product_tag":[],"class_list":{"0":"post-363314","1":"product","2":"type-product","3":"status-publish","4":"has-post-thumbnail","6":"product_cat-suuhooldus","7":"product_cat-enesehooldus","9":"first","10":"instock","11":"sale","12":"taxable","13":"shipping-taxable","14":"purchasable","15":"product-type-simple"},"supplier_id":null,"supplier_sku":"","barcode":null,"atum_controlled":true,"out_stock_date":null,"out_stock_threshold":null,"inheritable":false,"inbound_stock":0,"stock_on_hold":4,"sold_today":3,"sales_last_days":91,"reserved_stock":0,"customer_returns":0,"warehouse_damage":0,"lost_in_post":0,"other_logs":0,"out_stock_days":0,"lost_sales":0,"has_location":false,"update_date":"2026-02-12T13:40:19","atum_locations":[],"atum_stock_status":"instock","restock_status":false,"low_stock_amount":"","sales_update_date":"2026-02-12T13:40:09","calc_backorders":null,"acf":[],"_links":{"self":[{"href":"https:\/\/vbd.dev.sumena.ee\/lv\/wp-json\/wp\/v2\/product\/363314","targetHints":{"allow":["GET"]}}],"collection":[{"href":"https:\/\/vbd.dev.sumena.ee\/lv\/wp-json\/wp\/v2\/product"}],"about":[{"href":"https:\/\/vbd.dev.sumena.ee\/lv\/wp-json\/wp\/v2\/types\/product"}],"replies":[{"embeddable":true,"href":"https:\/\/vbd.dev.sumena.ee\/lv\/wp-json\/wp\/v2\/comments?post=363314"}],"wp:featuredmedia":[{"embeddable":true,"href":"https:\/\/vbd.dev.sumena.ee\/lv\/wp-json\/wp\/v2\/media\/363315"}],"wp:attachment":[{"href":"https:\/\/vbd.dev.sumena.ee\/lv\/wp-json\/wp\/v2\/media?parent=363314"}],"wp:term":[{"taxonomy":"product_brand","embeddable":true,"href":"https:\/\/vbd.dev.sumena.ee\/lv\/wp-json\/wp\/v2\/product_brand?post=363314"},{"taxonomy":"product_cat","embeddable":true,"href":"https:\/\/vbd.dev.sumena.ee\/lv\/wp-json\/wp\/v2\/product_cat?post=363314"},{"taxonomy":"product_tag","embeddable":true,"href":"https:\/\/vbd.dev.sumena.ee\/lv\/wp-json\/wp\/v2\/product_tag?post=363314"}],"curies":[{"name":"wp","href":"https:\/\/api.w.org\/{rel}","templated":true}]}}