{"id":363033,"date":"2026-02-06T13:43:06","date_gmt":"2026-02-06T10:43:06","guid":{"rendered":"https:\/\/vbd.dev.sumena.ee\/?post_type=product&#038;p=363033"},"modified":"2026-02-12T13:32:52","modified_gmt":"2026-02-12T10:32:52","slug":"kinkekomplekt-talvevolu-nopri-625-g","status":"publish","type":"product","link":"https:\/\/vbd.dev.sumena.ee\/lv\/products-2\/kinkekomplekt-talvevolu-nopri-625-g\/","title":{"rendered":"D\u0101vanu komplekts \u201cZiemas burv\u012bba\u201d, NOPRI, 625 g"},"content":{"rendered":"<p><strong>D\u0101vanu pakas saturs:<\/strong><\/p>\n<ul>\n<li>Nopri Gouda siers ar prie\u017eu og\u0101m, 200 g<\/li>\n<li>Nopri Gouda siers ar tom\u0101tu un koriandru, 200 g<\/li>\n<li>Sieri n\u016bji\u0146as ar dz\u0113rven\u0113m, 125 g<\/li>\n<li>Siera \u0161okol\u0101de, 100 g<\/li>\n<\/ul>\n<p>Alerg\u0113ni: piens, soja. Var satur\u0113t neliel\u0101 daudzum\u0101 sinepju s\u0113klas un riekstus.<br \/>\nUzglab\u0101\u0161ana: +2\u2026+20\u202f\u00b0C<br \/>\nIepakojum\u0101:<strong>\u00a0<\/strong>D\u0101vanu k\u0101rba, sieri vakuum\u0101, medus stikla burk\u0101, \u0161okol\u0101de kartona kast\u012bt\u0113<\/p>","protected":false},"excerpt":{"rendered":"<p>Kinkepaki sisu: Nopri Gouda Kadakamarja, 200g Nopri Gouda Tomati-koriandri, 200g Maitsemasi j\u00f5hvikaga 125g Juustu\u0161okolaad 100g Allergeenid: piim, soja. V\u00f5ib sisaldada v\u00e4hesel m\u00e4\u00e4ral sinepiseemneid ja p\u00e4hkleid. S\u00e4ilitamine: +2&#8230;+20 C. Pakend:\u00a0kinkekarp, juustud vaakumpakendis, mesi klaaspurgis, \u0161okolaad pappkarbis<\/p>","protected":false},"featured_media":363035,"comment_status":"open","ping_status":"closed","template":"","meta":{"_acf_changed":false},"product_brand":[],"product_cat":[80,82],"product_tag":[],"class_list":{"0":"post-363033","1":"product","2":"type-product","3":"status-publish","4":"has-post-thumbnail","6":"product_cat-snakid","7":"product_cat-muu-hea","9":"first","10":"instock","11":"sale","12":"taxable","13":"shipping-taxable","14":"purchasable","15":"product-type-simple"},"supplier_id":null,"supplier_sku":"","barcode":null,"atum_controlled":true,"out_stock_date":null,"out_stock_threshold":null,"inheritable":false,"inbound_stock":0,"stock_on_hold":1,"sold_today":2,"sales_last_days":16,"reserved_stock":0,"customer_returns":0,"warehouse_damage":0,"lost_in_post":0,"other_logs":0,"out_stock_days":0,"lost_sales":0,"has_location":false,"update_date":"2026-02-12T14:44:07","atum_locations":[],"atum_stock_status":"instock","restock_status":true,"low_stock_amount":"","sales_update_date":"2026-02-12T14:43:57","calc_backorders":null,"acf":[],"_links":{"self":[{"href":"https:\/\/vbd.dev.sumena.ee\/lv\/wp-json\/wp\/v2\/product\/363033","targetHints":{"allow":["GET"]}}],"collection":[{"href":"https:\/\/vbd.dev.sumena.ee\/lv\/wp-json\/wp\/v2\/product"}],"about":[{"href":"https:\/\/vbd.dev.sumena.ee\/lv\/wp-json\/wp\/v2\/types\/product"}],"replies":[{"embeddable":true,"href":"https:\/\/vbd.dev.sumena.ee\/lv\/wp-json\/wp\/v2\/comments?post=363033"}],"wp:featuredmedia":[{"embeddable":true,"href":"https:\/\/vbd.dev.sumena.ee\/lv\/wp-json\/wp\/v2\/media\/363035"}],"wp:attachment":[{"href":"https:\/\/vbd.dev.sumena.ee\/lv\/wp-json\/wp\/v2\/media?parent=363033"}],"wp:term":[{"taxonomy":"product_brand","embeddable":true,"href":"https:\/\/vbd.dev.sumena.ee\/lv\/wp-json\/wp\/v2\/product_brand?post=363033"},{"taxonomy":"product_cat","embeddable":true,"href":"https:\/\/vbd.dev.sumena.ee\/lv\/wp-json\/wp\/v2\/product_cat?post=363033"},{"taxonomy":"product_tag","embeddable":true,"href":"https:\/\/vbd.dev.sumena.ee\/lv\/wp-json\/wp\/v2\/product_tag?post=363033"}],"curies":[{"name":"wp","href":"https:\/\/api.w.org\/{rel}","templated":true}]}}