{"id":363019,"date":"2026-02-06T13:32:22","date_gmt":"2026-02-06T10:32:22","guid":{"rendered":"https:\/\/vbd.dev.sumena.ee\/?post_type=product&#038;p=363019"},"modified":"2026-02-12T12:46:11","modified_gmt":"2026-02-12T09:46:11","slug":"kinkekomplekt-maitserannak-nopri-520-g","status":"publish","type":"product","link":"https:\/\/vbd.dev.sumena.ee\/lv\/products-2\/kinkekomplekt-maitserannak-nopri-520-g\/","title":{"rendered":"D\u0101vanu komplekts \u201cGar\u0161u ce\u013cojums\u201d, NOPRI, 520 g"},"content":{"rendered":"<p><strong>D\u0101vanu pakas saturs:<\/strong><\/p>\n<ul>\n<li>Nopri Gouda siers ar gar\u0161augiem, 125 g<\/li>\n<li>Nopri Gouda siers ar grie\u0137u sier\u0101boli\u0146u (fenugreku), 125 g<\/li>\n<li>Kaze\u0146u iev\u0101r\u012bjums, 40 g<\/li>\n<li>Di\u013c\u013cu m\u0113rce, 40 g<\/li>\n<li>Goti\u0146as konfektes, 90 g<\/li>\n<li>Zemesrieksti ar \u010cil\u012b, 100g<\/li>\n<\/ul>\n<p>Alerg\u0113ni: piens, soja, sinepju s\u0113klas, zemesrieksti<strong><br \/>\n<\/strong>Uzglab\u0101\u0161ana: +2\u2026+20\u202f\u00b0C<\/p>\n<p>Iepakojums: celof\u0101na maisi\u0146\u0161, sieri vakuum\u0101, m\u0113rces stikla burk\u0101<\/p>","protected":false},"excerpt":{"rendered":"<p>Kinkepaki sisu: Nopri Gouda \u00dcrtidega, 125g Nopri Gouda Lambal\u00e4\u00e4tse, 125g Murakamoos 40g Tillikaste 40g Lehmakommid 90g T\u0161illiga maap\u00e4hklid 100g Allergeenid: piim, soja, sinepiseemned, maap\u00e4hklid S\u00e4ilitamine:\u00a0+2&#8230;+20 C. Pakend: tsellofaankott, juustud vaakumpakendis, kastmed klaaspurgis<\/p>","protected":false},"featured_media":363021,"comment_status":"open","ping_status":"closed","template":"","meta":{"_acf_changed":false},"product_brand":[],"product_cat":[80,82],"product_tag":[],"class_list":{"0":"post-363019","1":"product","2":"type-product","3":"status-publish","4":"has-post-thumbnail","6":"product_cat-snakid","7":"product_cat-muu-hea","9":"first","10":"instock","11":"sale","12":"taxable","13":"shipping-taxable","14":"purchasable","15":"product-type-simple"},"supplier_id":null,"supplier_sku":"","barcode":null,"atum_controlled":true,"out_stock_date":null,"out_stock_threshold":null,"inheritable":false,"inbound_stock":0,"stock_on_hold":0,"sold_today":1,"sales_last_days":4,"reserved_stock":0,"customer_returns":0,"warehouse_damage":0,"lost_in_post":0,"other_logs":0,"out_stock_days":0,"lost_sales":0,"has_location":false,"update_date":"2026-02-12T09:56:02","atum_locations":[],"atum_stock_status":"instock","restock_status":false,"low_stock_amount":"","sales_update_date":"2026-02-12T09:55:53","calc_backorders":null,"acf":[],"_links":{"self":[{"href":"https:\/\/vbd.dev.sumena.ee\/lv\/wp-json\/wp\/v2\/product\/363019","targetHints":{"allow":["GET"]}}],"collection":[{"href":"https:\/\/vbd.dev.sumena.ee\/lv\/wp-json\/wp\/v2\/product"}],"about":[{"href":"https:\/\/vbd.dev.sumena.ee\/lv\/wp-json\/wp\/v2\/types\/product"}],"replies":[{"embeddable":true,"href":"https:\/\/vbd.dev.sumena.ee\/lv\/wp-json\/wp\/v2\/comments?post=363019"}],"wp:featuredmedia":[{"embeddable":true,"href":"https:\/\/vbd.dev.sumena.ee\/lv\/wp-json\/wp\/v2\/media\/363021"}],"wp:attachment":[{"href":"https:\/\/vbd.dev.sumena.ee\/lv\/wp-json\/wp\/v2\/media?parent=363019"}],"wp:term":[{"taxonomy":"product_brand","embeddable":true,"href":"https:\/\/vbd.dev.sumena.ee\/lv\/wp-json\/wp\/v2\/product_brand?post=363019"},{"taxonomy":"product_cat","embeddable":true,"href":"https:\/\/vbd.dev.sumena.ee\/lv\/wp-json\/wp\/v2\/product_cat?post=363019"},{"taxonomy":"product_tag","embeddable":true,"href":"https:\/\/vbd.dev.sumena.ee\/lv\/wp-json\/wp\/v2\/product_tag?post=363019"}],"curies":[{"name":"wp","href":"https:\/\/api.w.org\/{rel}","templated":true}]}}