{"id":362585,"date":"2026-02-05T23:06:33","date_gmt":"2026-02-05T20:06:33","guid":{"rendered":"https:\/\/vbd.dev.sumena.ee\/?post_type=product&#038;p=362585"},"modified":"2026-02-12T16:01:19","modified_gmt":"2026-02-12T13:01:19","slug":"sokolaad-labuchoc-mustika-75g","status":"publish","type":"product","link":"https:\/\/vbd.dev.sumena.ee\/lv\/products-2\/sokolaad-labuchoc-mustika-75g\/","title":{"rendered":"\u0160okol\u0101de LABUCHOC ar Melle\u0146u gar\u0161u, 75\u202fg"},"content":{"rendered":"<p>\u0160okol\u0101de LABUCHOC ar Melle\u0146u gar\u0161u, 75\u202fg<\/p>\n<p>Sast\u0101vda\u013cas: PIENA konditorejas izstr\u0101d\u0101jumi (65%) [cukurs, palmu e\u013c\u013ca, nes\u0101l\u012bts S\u016aKALU pulveris (19%), PIENA pulveris (10%), emulgators (E322), aromatiz\u0113t\u0101ji (vanil\u012bns), kr\u0101sviela (hibisks)], melle\u0146u kr\u0113ms (28%) [cukurs, saulespu\u0137u e\u013c\u013ca, kr\u0113juma pulveris, mellenes (1%), emulgators (E322), s\u0101ls, dab\u012bgais aromatiz\u0113t\u0101js (mellenes)], karamele (7%), saharoze, glikoze, laktoze, citronsk\u0101be (E330), oglek\u013ca dioks\u012bds (E290). VAR SATUR\u0112T PIST\u0100CIJU RIEKSTUS, LAZDU RIEKSTUS, MANDLES UN ZEMESRIEKSTUS.<\/p>","protected":false},"excerpt":{"rendered":"<p>\u0160okolaad LABUCHOC Mustika, 75g Koostis: PIIMAkondiitritooted (65%) [suhkur, palmi\u00f5li, soolamata VADAKUPULBER (19%), PIIMAPULBER (10%), emulgaator (E322), l\u00f5hna- ja maitseained (vanilliin), v\u00e4rvaine (hibisk)], mustikakreem (28%) [suhkur, p\u00e4evalille\u00f5li, l\u00f5ssipulber, mustikas (1%), emulgaator (E322), sool, looduslik l\u00f5hna- ja maitseaine (mustikas)] Karamell (7%), sahharoos, gl\u00fckoos, laktoos, sidrunhape (E330), s\u00fcsinikdioksiid (E290). V\u00d5IB SISALDADA PISTAATSIAP\u00c4HKLEID, SARAPUUP\u00c4HKLEID, MANDLIT JA MAAP\u00c4HKLEID.<\/p>","protected":false},"featured_media":362589,"comment_status":"open","ping_status":"closed","template":"","meta":{"_acf_changed":false},"product_brand":[],"product_cat":[77,84],"product_tag":[],"class_list":{"0":"post-362585","1":"product","2":"type-product","3":"status-publish","4":"has-post-thumbnail","6":"product_cat-maiustused","7":"product_cat-sokolaad","9":"first","10":"instock","11":"sale","12":"taxable","13":"shipping-taxable","14":"purchasable","15":"product-type-simple"},"supplier_id":null,"supplier_sku":"","barcode":null,"atum_controlled":true,"out_stock_date":null,"out_stock_threshold":null,"inheritable":false,"inbound_stock":0,"stock_on_hold":1,"sold_today":1,"sales_last_days":23,"reserved_stock":0,"customer_returns":0,"warehouse_damage":0,"lost_in_post":0,"other_logs":0,"out_stock_days":0,"lost_sales":0,"has_location":false,"update_date":"2026-02-12T13:01:49","atum_locations":[],"atum_stock_status":"instock","restock_status":false,"low_stock_amount":"","sales_update_date":"2026-02-12T13:01:38","calc_backorders":null,"acf":[],"_links":{"self":[{"href":"https:\/\/vbd.dev.sumena.ee\/lv\/wp-json\/wp\/v2\/product\/362585","targetHints":{"allow":["GET"]}}],"collection":[{"href":"https:\/\/vbd.dev.sumena.ee\/lv\/wp-json\/wp\/v2\/product"}],"about":[{"href":"https:\/\/vbd.dev.sumena.ee\/lv\/wp-json\/wp\/v2\/types\/product"}],"replies":[{"embeddable":true,"href":"https:\/\/vbd.dev.sumena.ee\/lv\/wp-json\/wp\/v2\/comments?post=362585"}],"wp:featuredmedia":[{"embeddable":true,"href":"https:\/\/vbd.dev.sumena.ee\/lv\/wp-json\/wp\/v2\/media\/362589"}],"wp:attachment":[{"href":"https:\/\/vbd.dev.sumena.ee\/lv\/wp-json\/wp\/v2\/media?parent=362585"}],"wp:term":[{"taxonomy":"product_brand","embeddable":true,"href":"https:\/\/vbd.dev.sumena.ee\/lv\/wp-json\/wp\/v2\/product_brand?post=362585"},{"taxonomy":"product_cat","embeddable":true,"href":"https:\/\/vbd.dev.sumena.ee\/lv\/wp-json\/wp\/v2\/product_cat?post=362585"},{"taxonomy":"product_tag","embeddable":true,"href":"https:\/\/vbd.dev.sumena.ee\/lv\/wp-json\/wp\/v2\/product_tag?post=362585"}],"curies":[{"name":"wp","href":"https:\/\/api.w.org\/{rel}","templated":true}]}}