{"id":362209,"date":"2026-02-05T00:14:56","date_gmt":"2026-02-04T21:14:56","guid":{"rendered":"https:\/\/vbd.dev.sumena.ee\/?post_type=product&#038;p=362209"},"modified":"2026-02-11T20:03:14","modified_gmt":"2026-02-11T17:03:14","slug":"eeterlik-oli-basiilik-nurme-10ml","status":"publish","type":"product","link":"https:\/\/vbd.dev.sumena.ee\/lv\/products-2\/eeterlik-oli-basiilik-nurme-10ml\/","title":{"rendered":"Bazilika \u0113terisk\u0101 e\u013c\u013ca, NURME 10 ml"},"content":{"rendered":"<p>Bazilika \u0113terisk\u0101s e\u013c\u013cas smar\u017ea ir salda, augu, lakricas, kampara l\u012bdz\u012bga, pikanta un viegla. \u0160\u012b \u0113terisk\u0101 e\u013c\u013ca ir lieliski piem\u0113rota stresa mazin\u0101\u0161anai un tai piem\u012bt izcila antibakteri\u0101la iedarb\u012bba.<\/p>","protected":false},"excerpt":{"rendered":"<p>Bazilika \u0113terisk\u0101s e\u013c\u013cas smar\u017ea ir salda, augu, lakricas, kampara l\u012bdz\u012bga, pikanta un viegla. \u0160\u012b \u0113terisk\u0101 e\u013c\u013ca ir lieliski piem\u0113rota stresa mazin\u0101\u0161anai un tai piem\u012bt izcila antibakteri\u0101la iedarb\u012bba.<\/p>","protected":false},"featured_media":362213,"comment_status":"open","ping_status":"closed","template":"","meta":{"_acf_changed":false},"product_brand":[],"product_cat":[160,104],"product_tag":[],"class_list":{"0":"post-362209","1":"product","2":"type-product","3":"status-publish","4":"has-post-thumbnail","6":"product_cat-tervisekaubad","7":"product_cat-enesehooldus","9":"first","10":"instock","11":"sale","12":"taxable","13":"shipping-taxable","14":"purchasable","15":"product-type-simple"},"supplier_id":null,"supplier_sku":"","barcode":null,"atum_controlled":true,"out_stock_date":null,"out_stock_threshold":null,"inheritable":false,"inbound_stock":0,"stock_on_hold":0,"sold_today":0,"sales_last_days":3,"reserved_stock":0,"customer_returns":0,"warehouse_damage":0,"lost_in_post":0,"other_logs":0,"out_stock_days":0,"lost_sales":0,"has_location":false,"update_date":"2026-02-12T07:20:32","atum_locations":[],"atum_stock_status":"instock","restock_status":false,"low_stock_amount":"","sales_update_date":"2026-02-12T07:20:24","calc_backorders":null,"acf":[],"_links":{"self":[{"href":"https:\/\/vbd.dev.sumena.ee\/lv\/wp-json\/wp\/v2\/product\/362209","targetHints":{"allow":["GET"]}}],"collection":[{"href":"https:\/\/vbd.dev.sumena.ee\/lv\/wp-json\/wp\/v2\/product"}],"about":[{"href":"https:\/\/vbd.dev.sumena.ee\/lv\/wp-json\/wp\/v2\/types\/product"}],"replies":[{"embeddable":true,"href":"https:\/\/vbd.dev.sumena.ee\/lv\/wp-json\/wp\/v2\/comments?post=362209"}],"wp:featuredmedia":[{"embeddable":true,"href":"https:\/\/vbd.dev.sumena.ee\/lv\/wp-json\/wp\/v2\/media\/362213"}],"wp:attachment":[{"href":"https:\/\/vbd.dev.sumena.ee\/lv\/wp-json\/wp\/v2\/media?parent=362209"}],"wp:term":[{"taxonomy":"product_brand","embeddable":true,"href":"https:\/\/vbd.dev.sumena.ee\/lv\/wp-json\/wp\/v2\/product_brand?post=362209"},{"taxonomy":"product_cat","embeddable":true,"href":"https:\/\/vbd.dev.sumena.ee\/lv\/wp-json\/wp\/v2\/product_cat?post=362209"},{"taxonomy":"product_tag","embeddable":true,"href":"https:\/\/vbd.dev.sumena.ee\/lv\/wp-json\/wp\/v2\/product_tag?post=362209"}],"curies":[{"name":"wp","href":"https:\/\/api.w.org\/{rel}","templated":true}]}}