{"id":362207,"date":"2026-02-04T22:25:25","date_gmt":"2026-02-04T19:25:25","guid":{"rendered":"https:\/\/vbd.dev.sumena.ee\/?post_type=product&#038;p=362207"},"modified":"2026-02-12T18:50:10","modified_gmt":"2026-02-12T15:50:10","slug":"juustu-dipikaste-wanted-250-g","status":"publish","type":"product","link":"https:\/\/vbd.dev.sumena.ee\/lv\/products-2\/juustu-dipikaste-wanted-250-g\/","title":{"rendered":"Siera m\u0113rce,  WANTED 250 g"},"content":{"rendered":"<dl class=\"b-product-info--info-2\">\n<dt class=\"b-product-info--info-3-title\">Apraksts<\/dt>\n<dd>Asa siera m\u0113rce uzkod\u0101m<\/dd>\n<dt class=\"b-product-info--info-3-title\">Sast\u0101vs<\/dt>\n<dd>\u016adens, SIERS (10%), augu e\u013c\u013ca (9%), sarkan\u0101 paprika (3%), modific\u0113tais ciete, s\u012bpols (2%), halapenjo pipars (1,7%), kr\u0113jums, aromatiz\u0113t\u0101ji, s\u0101ls (0,9%), tom\u0101tu biezenis, za\u013cais \u010dili pipars, gar\u0161vielas, stabilizatori (E415, E412), sk\u0101buma regulators (citronsk\u0101be), p\u0101rtikas kr\u0101sviela: paprikas ekstrakts.<\/dd>\n<dt class=\"b-product-info--info-3-title\">Uzglab\u0101\u0161anas nosac\u012bjumi<\/dt>\n<dd>Uzglab\u0101t saus\u0101 viet\u0101. Atv\u0113rtu uzglab\u0101t ledusskap\u012b l\u012bdz 8 dien\u0101m. Uzglab\u0101\u0161anas temperat\u016bra: no 5\u202f\u00b0C l\u012bdz 25\u202f\u00b0C.<\/dd>\n<\/dl>\n<h3 class=\"b-product-info--info-3-title\">Uzturv\u0113rt\u012bba (100 g\/ml)<\/h3>\n<div class=\"row\">\n<div class=\"col-md-4\">\n<table class=\"table table-striped table-condensed\">\n<tbody>\n<tr>\n<td>Ener\u0123ija<\/td>\n<td class=\"b-text-right\">582,00 kJ \/ 141,00 Kcal<\/td>\n<\/tr>\n<tr>\n<td>Tauki<\/td>\n<td class=\"b-text-right\">12,50 g<\/td>\n<\/tr>\n<tr>\n<td>Og\u013chidr\u0101ti<\/td>\n<td class=\"b-text-right\">4,00 g<\/td>\n<\/tr>\n<tr>\n<td>Olbaltumvielas<\/td>\n<td class=\"b-text-right\">3,00 g<\/td>\n<\/tr>\n<\/tbody>\n<\/table>\n<\/div>\n<\/div>","protected":false},"excerpt":{"rendered":"<p>Kirjeldus Terav dipikaste juustuga. Koostisosad Vesi, \u00a0JUUST\u00a0(10%), taime\u00f5li (9%), punane paprika (3%9, modifitseeritud t\u00e4rklis, sibul (2%), jalapeno pipar (1, 7%), \u00a0koor, aroomained, sool (0, 9%), tomatip\u00fcree, roheline t\u0161illipipar, maitseained, stabilisaatorid (e415, e412), happesuse regulaator (sidrunhape), toiduv\u00e4rv: paprikaekstrakt. S\u00e4ilitamistingimused S\u00e4ilitada kuivas ja mitte liiga kuumas kohas. Avatuna s\u00e4ilib 8 p\u00e4eva k\u00fclmkapis. S\u00e4ilitamistemperatuur: alates 5\u00b0C kuni 25\u00b0C. [&hellip;]<\/p>","protected":false},"featured_media":362208,"comment_status":"open","ping_status":"closed","template":"","meta":{"_acf_changed":false},"product_brand":[],"product_cat":[83],"product_tag":[],"class_list":{"0":"post-362207","1":"product","2":"type-product","3":"status-publish","4":"has-post-thumbnail","6":"product_cat-kastmed-olid","8":"first","9":"instock","10":"sale","11":"taxable","12":"shipping-taxable","13":"purchasable","14":"product-type-simple"},"supplier_id":null,"supplier_sku":"","barcode":null,"atum_controlled":true,"out_stock_date":null,"out_stock_threshold":null,"inheritable":false,"inbound_stock":0,"stock_on_hold":53,"sold_today":44,"sales_last_days":230,"reserved_stock":0,"customer_returns":0,"warehouse_damage":0,"lost_in_post":0,"other_logs":0,"out_stock_days":0,"lost_sales":0,"has_location":false,"update_date":"2026-02-12T15:51:39","atum_locations":[],"atum_stock_status":"instock","restock_status":false,"low_stock_amount":"","sales_update_date":"2026-02-12T15:51:30","calc_backorders":null,"acf":[],"_links":{"self":[{"href":"https:\/\/vbd.dev.sumena.ee\/lv\/wp-json\/wp\/v2\/product\/362207","targetHints":{"allow":["GET"]}}],"collection":[{"href":"https:\/\/vbd.dev.sumena.ee\/lv\/wp-json\/wp\/v2\/product"}],"about":[{"href":"https:\/\/vbd.dev.sumena.ee\/lv\/wp-json\/wp\/v2\/types\/product"}],"replies":[{"embeddable":true,"href":"https:\/\/vbd.dev.sumena.ee\/lv\/wp-json\/wp\/v2\/comments?post=362207"}],"wp:featuredmedia":[{"embeddable":true,"href":"https:\/\/vbd.dev.sumena.ee\/lv\/wp-json\/wp\/v2\/media\/362208"}],"wp:attachment":[{"href":"https:\/\/vbd.dev.sumena.ee\/lv\/wp-json\/wp\/v2\/media?parent=362207"}],"wp:term":[{"taxonomy":"product_brand","embeddable":true,"href":"https:\/\/vbd.dev.sumena.ee\/lv\/wp-json\/wp\/v2\/product_brand?post=362207"},{"taxonomy":"product_cat","embeddable":true,"href":"https:\/\/vbd.dev.sumena.ee\/lv\/wp-json\/wp\/v2\/product_cat?post=362207"},{"taxonomy":"product_tag","embeddable":true,"href":"https:\/\/vbd.dev.sumena.ee\/lv\/wp-json\/wp\/v2\/product_tag?post=362207"}],"curies":[{"name":"wp","href":"https:\/\/api.w.org\/{rel}","templated":true}]}}