{"id":362055,"date":"2026-02-04T11:10:03","date_gmt":"2026-02-04T08:10:03","guid":{"rendered":"https:\/\/vbd.dev.sumena.ee\/?post_type=product&#038;p=362055"},"modified":"2026-02-11T00:30:05","modified_gmt":"2026-02-10T21:30:05","slug":"kindad-kummist-vileda-multisensitive-m-l-40tk","status":"publish","type":"product","link":"https:\/\/vbd.dev.sumena.ee\/lv\/products-2\/kindad-kummist-vileda-multisensitive-m-l-40tk\/","title":{"rendered":"Gumijas cimdi, Vileda multisensitive M\/L 40 gab."},"content":{"rendered":"<div id=\"col-1421135705\" class=\"col medium-9 small-12 large-9\">\n<div class=\"col-inner\">\n<h3>Nitriilkindad Vileda Multisensitive M\/L 40tk\/pk<\/h3>\n<p>Vienreizlietojami 100% nitrila cimdi, bez lateksa un p\u016bdera \u2013 nerada aler\u0123ijas. Ide\u0101li piem\u0113roti p\u0101rtikas gatavo\u0161anai.<br \/>\nPirkstu galos \u012bpa\u0161a tekst\u016bra, kas nodro\u0161ina lab\u0101ku satveram\u012bbu gan mitros, gan sausos apst\u0101k\u013cos.<br \/>\nSvar\u012bgi p\u0101rtikas r\u016bpniec\u012bb\u0101 \u2013 violeta kr\u0101sa \u2013 jo neviena p\u0101rtikas viela nav \u0161aj\u0101 kr\u0101s\u0101, viegli paman\u012bt, ja cimdi netiek izmantoti.<br \/>\nAr garo aproci, cimdu kop\u0113jais garums 240 mm.<\/p>\n<\/div>\n<\/div>\n<div id=\"col-1479202648\" class=\"col medium-3 small-12 large-3\">\n<div class=\"col-inner\"><\/div>\n<\/div>","protected":false},"excerpt":{"rendered":"<p>Nitriilkindad Vileda Multisensitive M\/L 40tk\/pk \u00dchekordsed 100% nitriilkindad, lateksi ja puudrivabad \u2013 ei tekita allergiat. Sobivad suurep\u00e4raselt toiduvalmistamiseks. S\u00f5rmeotstes eriline tekstuur, mis tagab parema haaratavuse nii niisketes kui kuivades oludes. \u00dcks kinnas sobib nii vasakule kui paremale k\u00e4ele. Oluline toiduainet\u00f6\u00f6stuses -violetne v\u00e4rvus \u2013 kuna \u00fckski toiduaine pole seda v\u00e4rvi, on kerge m\u00e4rgata kinnaste mittekasutamist. Pika [&hellip;]<\/p>","protected":false},"featured_media":362058,"comment_status":"open","ping_status":"closed","template":"","meta":{"_acf_changed":false},"product_brand":[],"product_cat":[186,185,88],"product_tag":[],"class_list":{"0":"post-362055","1":"product","2":"type-product","3":"status-publish","4":"has-post-thumbnail","6":"product_cat-kodukaubad","7":"product_cat-puhastus-ja-koristusvahendid","8":"product_cat-tarbekaubad-tooted","10":"first","11":"instock","12":"sale","13":"taxable","14":"shipping-taxable","15":"purchasable","16":"product-type-simple"},"supplier_id":null,"supplier_sku":"","barcode":null,"atum_controlled":true,"out_stock_date":null,"out_stock_threshold":null,"inheritable":false,"inbound_stock":0,"stock_on_hold":0,"sold_today":0,"sales_last_days":14,"reserved_stock":0,"customer_returns":0,"warehouse_damage":0,"lost_in_post":0,"other_logs":0,"out_stock_days":0,"lost_sales":0,"has_location":false,"update_date":"2026-02-12T11:42:16","atum_locations":[],"atum_stock_status":"instock","restock_status":false,"low_stock_amount":"","sales_update_date":"2026-02-12T11:42:07","calc_backorders":null,"acf":[],"_links":{"self":[{"href":"https:\/\/vbd.dev.sumena.ee\/lv\/wp-json\/wp\/v2\/product\/362055","targetHints":{"allow":["GET"]}}],"collection":[{"href":"https:\/\/vbd.dev.sumena.ee\/lv\/wp-json\/wp\/v2\/product"}],"about":[{"href":"https:\/\/vbd.dev.sumena.ee\/lv\/wp-json\/wp\/v2\/types\/product"}],"replies":[{"embeddable":true,"href":"https:\/\/vbd.dev.sumena.ee\/lv\/wp-json\/wp\/v2\/comments?post=362055"}],"wp:featuredmedia":[{"embeddable":true,"href":"https:\/\/vbd.dev.sumena.ee\/lv\/wp-json\/wp\/v2\/media\/362058"}],"wp:attachment":[{"href":"https:\/\/vbd.dev.sumena.ee\/lv\/wp-json\/wp\/v2\/media?parent=362055"}],"wp:term":[{"taxonomy":"product_brand","embeddable":true,"href":"https:\/\/vbd.dev.sumena.ee\/lv\/wp-json\/wp\/v2\/product_brand?post=362055"},{"taxonomy":"product_cat","embeddable":true,"href":"https:\/\/vbd.dev.sumena.ee\/lv\/wp-json\/wp\/v2\/product_cat?post=362055"},{"taxonomy":"product_tag","embeddable":true,"href":"https:\/\/vbd.dev.sumena.ee\/lv\/wp-json\/wp\/v2\/product_tag?post=362055"}],"curies":[{"name":"wp","href":"https:\/\/api.w.org\/{rel}","templated":true}]}}