{"id":362047,"date":"2026-02-04T10:53:19","date_gmt":"2026-02-04T07:53:19","guid":{"rendered":"https:\/\/vbd.dev.sumena.ee\/?post_type=product&#038;p=362047"},"modified":"2026-02-12T18:40:36","modified_gmt":"2026-02-12T15:40:36","slug":"kartulikropsud-tomatimaitselised-san-diego-taffel-180g","status":"publish","type":"product","link":"https:\/\/vbd.dev.sumena.ee\/lv\/products-2\/kartulikropsud-tomatimaitselised-san-diego-taffel-180g\/","title":{"rendered":"Kartupe\u013cu \u010dipsi ar Tom\u0101tu gar\u0161u San Diego, TAFFEL, 180 g"},"content":{"rendered":"<div class=\"Accordion AttributeAccordion\" data-v-28ef612e=\"\">\n<div class=\"Accordion__content\">\n<div class=\"AttributeAccordion__content\" data-v-28ef612e=\"\">\u0160ie \u010dipsi aizved\u012bs tevi uz San Diego un \u013caus baud\u012bt turienes me\u017eon\u012bgo dabu un br\u012bni\u0161\u0137\u012bg\u0101s gar\u0161as. Kartupe\u013cu \u0161\u0137\u0113l\u012btes ir skaisti vi\u013c\u0146otas. Produkts nesatur gar\u0161as pastiprin\u0101t\u0101jus.<\/div>\n<\/div>\n<\/div>\n<div class=\"Accordion AttributeAccordion\" data-v-28ef612e=\"\"><\/div>\n<div data-v-28ef612e=\"\">Sast\u0101vs<\/div>\n<div data-v-28ef612e=\"\">Kartupe\u013ci (61%), augu e\u013c\u013ca (saulespu\u0137u e\u013c\u013ca (S) VAI palmu e\u013c\u013ca (P) VAI rap\u0161u e\u013c\u013ca (R)), gar\u0161vielu mais\u012bjums (7%) (cukurs, s\u0101ls, s\u012bpolu pulveris, aromatiz\u0113t\u0101ji un gar\u0161as vielas, \u0137iploku pulveris, maltodekstr\u012bns (kukur\u016bza), sk\u0101be (citronsk\u0101be), tom\u0101tu pulveris (4%), rauga ekstrakts, da\u013c\u0113ji hidrogen\u0113ta rap\u0161u e\u013c\u013ca, p\u0101rtikas kr\u0101sviela (paprikas ekstrakts), antioksidants (rozmar\u012bna ekstrakts)). Izmantot\u0101s e\u013c\u013cas veidu skat\u012bt pirms lieto\u0161anas der\u012bguma datum\u0101.<\/div>","protected":false},"excerpt":{"rendered":"<p>Need kr\u00f5psud viivad su San Diegosse ning lasevad nautida sealset metsikut loodust ja imelisi maitseid. Kartulilaastud on l\u00f5igatud m\u00f5nusalt sakiliseks. Toode ei sisalda maitsetugevdajaid. Koostis kartulid (61%), taime\u00f5li (p\u00e4evalille\u00f5li (S)* V\u00d5I palmi\u00f5li (P)* V\u00d5I rapsi\u00f5li (R)*), v\u00fcrtsisegu (7%) (suhkur, sool, sibulapulber, l\u00f5hna- ja maitseained, k\u00fc\u00fcslaugupulber, maltodekstriin (mais), hape (sidrunhape), tomatipulber (4%), p\u00e4rmiekstrakt, osaliselt h\u00fcdrogeenitud rapsi\u00f5li, [&hellip;]<\/p>","protected":false},"featured_media":362048,"comment_status":"open","ping_status":"closed","template":"","meta":{"_acf_changed":false},"product_brand":[],"product_cat":[87,80,81],"product_tag":[],"class_list":{"0":"post-362047","1":"product","2":"type-product","3":"status-publish","4":"has-post-thumbnail","6":"product_cat-meie-lemmikud","7":"product_cat-snakid","8":"product_cat-kropsud","10":"first","11":"instock","12":"sale","13":"taxable","14":"shipping-taxable","15":"purchasable","16":"product-type-simple"},"supplier_id":null,"supplier_sku":"","barcode":null,"atum_controlled":true,"out_stock_date":null,"out_stock_threshold":null,"inheritable":false,"inbound_stock":0,"stock_on_hold":191,"sold_today":150,"sales_last_days":1229,"reserved_stock":0,"customer_returns":0,"warehouse_damage":0,"lost_in_post":0,"other_logs":0,"out_stock_days":0,"lost_sales":0,"has_location":false,"update_date":"2026-02-12T15:50:40","atum_locations":[],"atum_stock_status":"instock","restock_status":true,"low_stock_amount":"","sales_update_date":"2026-02-12T15:50:31","calc_backorders":null,"acf":[],"_links":{"self":[{"href":"https:\/\/vbd.dev.sumena.ee\/lv\/wp-json\/wp\/v2\/product\/362047","targetHints":{"allow":["GET"]}}],"collection":[{"href":"https:\/\/vbd.dev.sumena.ee\/lv\/wp-json\/wp\/v2\/product"}],"about":[{"href":"https:\/\/vbd.dev.sumena.ee\/lv\/wp-json\/wp\/v2\/types\/product"}],"replies":[{"embeddable":true,"href":"https:\/\/vbd.dev.sumena.ee\/lv\/wp-json\/wp\/v2\/comments?post=362047"}],"wp:featuredmedia":[{"embeddable":true,"href":"https:\/\/vbd.dev.sumena.ee\/lv\/wp-json\/wp\/v2\/media\/362048"}],"wp:attachment":[{"href":"https:\/\/vbd.dev.sumena.ee\/lv\/wp-json\/wp\/v2\/media?parent=362047"}],"wp:term":[{"taxonomy":"product_brand","embeddable":true,"href":"https:\/\/vbd.dev.sumena.ee\/lv\/wp-json\/wp\/v2\/product_brand?post=362047"},{"taxonomy":"product_cat","embeddable":true,"href":"https:\/\/vbd.dev.sumena.ee\/lv\/wp-json\/wp\/v2\/product_cat?post=362047"},{"taxonomy":"product_tag","embeddable":true,"href":"https:\/\/vbd.dev.sumena.ee\/lv\/wp-json\/wp\/v2\/product_tag?post=362047"}],"curies":[{"name":"wp","href":"https:\/\/api.w.org\/{rel}","templated":true}]}}