{"id":361705,"date":"2026-02-03T11:32:42","date_gmt":"2026-02-03T08:32:42","guid":{"rendered":"https:\/\/vbd.dev.sumena.ee\/?post_type=product&#038;p=361705"},"modified":"2026-02-12T14:25:09","modified_gmt":"2026-02-12T11:25:09","slug":"toidukaunistus-alfi-kingituste-suhkrupuiste-segu-30g","status":"publish","type":"product","link":"https:\/\/vbd.dev.sumena.ee\/lv\/products-2\/toidukaunistus-alfi-kingituste-suhkrupuiste-segu-30g\/","title":{"rendered":"Toidukaunistus Alf\u2019i kingituste suhkrupuiste segu 30g"},"content":{"rendered":"<p data-start=\"80\" data-end=\"373\"><strong data-start=\"80\" data-end=\"118\">Alf\u2019i kingituste suhkrupuiste segu<\/strong> sisaldab punaseid ja roosasid kingipakikujulisi puisteid ning h\u00f5bedasi suhkrupuisteid. Need armsad Alf\u2019i puisted ei ole m\u00f5eldud ainult piparkookide kaunistamiseks, vaid sobivad suurep\u00e4raselt ka k\u00fcpsetiste, tortide, magustoitude ja j\u00e4\u00e4tise kaunistamiseks.<\/p>\n<p data-start=\"375\" data-end=\"468\">Suhkrupuiste on ideaalne viis lisada peolauale v\u00e4rvi ja s\u00e4ra ning muuta iga maius pidulikuks.<\/p>\n<p data-start=\"125\" data-end=\"355\"><strong data-start=\"125\" data-end=\"141\">Sast\u0101vda\u013cas:<\/strong><br data-start=\"141\" data-end=\"144\" \/>Dekstroos, maisit\u00e4rklis, dekstriin, paksendaja (araabiakummi), paakumisvastane aine (rasvhapete magneesiumsoolad), l\u00f5hna- ja maitseaine, v\u00e4rvained (h\u00f5be, \u03b2-karoteen, karmiin), glasuurained (\u0161elak, karnaubavaha).<\/p>\n<p data-start=\"357\" data-end=\"404\"><strong data-start=\"357\" data-end=\"382\">Var satur\u0113t:<\/strong> <strong data-start=\"383\" data-end=\"391\">SOJU<\/strong> un <strong data-start=\"395\" data-end=\"403\">PIENU<\/strong>.<\/p>","protected":false},"excerpt":{"rendered":"<p>Alf\u2019i kingituste suhkrupuiste segu sisaldab punaseid ja roosasid kingipakikujulisi puisteid ning h\u00f5bedasi suhkrupuisteid. Need armsad Alf\u2019i puisted ei ole m\u00f5eldud ainult piparkookide kaunistamiseks, vaid sobivad suurep\u00e4raselt ka k\u00fcpsetiste, tortide, magustoitude ja j\u00e4\u00e4tise kaunistamiseks. Suhkrupuiste on ideaalne viis lisada peolauale v\u00e4rvi ja s\u00e4ra ning muuta iga maius pidulikuks. Koostisosad:Dekstroos, maisit\u00e4rklis, dekstriin, paksendaja (araabiakummi), paakumisvastane aine (rasvhapete [&hellip;]<\/p>","protected":false},"featured_media":361706,"comment_status":"open","ping_status":"closed","template":"","meta":{"_acf_changed":false},"product_brand":[],"product_cat":[86],"product_tag":[],"class_list":{"0":"post-361705","1":"product","2":"type-product","3":"status-publish","4":"has-post-thumbnail","6":"product_cat-kuivained","8":"first","9":"instock","10":"sale","11":"taxable","12":"shipping-taxable","13":"purchasable","14":"product-type-simple"},"supplier_id":null,"supplier_sku":"","barcode":null,"atum_controlled":true,"out_stock_date":null,"out_stock_threshold":null,"inheritable":false,"inbound_stock":0,"stock_on_hold":41,"sold_today":43,"sales_last_days":267,"reserved_stock":0,"customer_returns":0,"warehouse_damage":0,"lost_in_post":0,"other_logs":0,"out_stock_days":0,"lost_sales":0,"has_location":false,"update_date":"2026-02-12T15:26:17","atum_locations":[],"atum_stock_status":"instock","restock_status":false,"low_stock_amount":"","sales_update_date":"2026-02-12T15:26:08","calc_backorders":null,"acf":[],"_links":{"self":[{"href":"https:\/\/vbd.dev.sumena.ee\/lv\/wp-json\/wp\/v2\/product\/361705","targetHints":{"allow":["GET"]}}],"collection":[{"href":"https:\/\/vbd.dev.sumena.ee\/lv\/wp-json\/wp\/v2\/product"}],"about":[{"href":"https:\/\/vbd.dev.sumena.ee\/lv\/wp-json\/wp\/v2\/types\/product"}],"replies":[{"embeddable":true,"href":"https:\/\/vbd.dev.sumena.ee\/lv\/wp-json\/wp\/v2\/comments?post=361705"}],"wp:featuredmedia":[{"embeddable":true,"href":"https:\/\/vbd.dev.sumena.ee\/lv\/wp-json\/wp\/v2\/media\/361706"}],"wp:attachment":[{"href":"https:\/\/vbd.dev.sumena.ee\/lv\/wp-json\/wp\/v2\/media?parent=361705"}],"wp:term":[{"taxonomy":"product_brand","embeddable":true,"href":"https:\/\/vbd.dev.sumena.ee\/lv\/wp-json\/wp\/v2\/product_brand?post=361705"},{"taxonomy":"product_cat","embeddable":true,"href":"https:\/\/vbd.dev.sumena.ee\/lv\/wp-json\/wp\/v2\/product_cat?post=361705"},{"taxonomy":"product_tag","embeddable":true,"href":"https:\/\/vbd.dev.sumena.ee\/lv\/wp-json\/wp\/v2\/product_tag?post=361705"}],"curies":[{"name":"wp","href":"https:\/\/api.w.org\/{rel}","templated":true}]}}