{"id":361462,"date":"2026-02-02T21:48:51","date_gmt":"2026-02-02T18:48:51","guid":{"rendered":"https:\/\/vbd.dev.sumena.ee\/?post_type=product&#038;p=361462"},"modified":"2026-02-12T14:46:15","modified_gmt":"2026-02-12T11:46:15","slug":"majonees-hellmanns-vegan-taimne-340-g","status":"publish","type":"product","link":"https:\/\/vbd.dev.sumena.ee\/lv\/products-2\/majonees-hellmanns-vegan-taimne-340-g\/","title":{"rendered":"Majonees HELLMANN&#8217;S Vegan Taimne 340 g"},"content":{"rendered":"<p>Sast\u0101vs<\/p>\n<p>rapsi\u00f5li (52%), vesi, \u00e4\u00e4dikas, modifitseeritud t\u00e4rklis, suhkur, sool, looduslik l\u00f5hna- ja maitseaine (sisaldab SINEPIT), sidrunimahla kontsentraat, paksendaja: ksantaankummi, antioks\u00fcdant: kaltsiumdinaatriumi EDTA, paprikaekstrakt. Sobib rangetele taimetoitlastele.<\/p>","protected":false},"excerpt":{"rendered":"<p>Koostis rapsi\u00f5li (52%), vesi, \u00e4\u00e4dikas, modifitseeritud t\u00e4rklis, suhkur, sool, looduslik l\u00f5hna- ja maitseaine (sisaldab SINEPIT), sidrunimahla kontsentraat, paksendaja: ksantaankummi, antioks\u00fcdant: kaltsiumdinaatriumi EDTA, paprikaekstrakt. Sobib rangetele taimetoitlastele.<\/p>","protected":false},"featured_media":361466,"comment_status":"open","ping_status":"closed","template":"","meta":{"_acf_changed":false},"product_brand":[],"product_cat":[83],"product_tag":[],"class_list":{"0":"post-361462","1":"product","2":"type-product","3":"status-publish","4":"has-post-thumbnail","6":"product_cat-kastmed-olid","8":"first","9":"instock","10":"sale","11":"taxable","12":"shipping-taxable","13":"purchasable","14":"product-type-simple"},"supplier_id":null,"supplier_sku":"","barcode":null,"atum_controlled":true,"out_stock_date":null,"out_stock_threshold":null,"inheritable":false,"inbound_stock":0,"stock_on_hold":16,"sold_today":15,"sales_last_days":83,"reserved_stock":0,"customer_returns":0,"warehouse_damage":0,"lost_in_post":0,"other_logs":0,"out_stock_days":0,"lost_sales":0,"has_location":false,"update_date":"2026-02-12T14:56:27","atum_locations":[],"atum_stock_status":"instock","restock_status":false,"low_stock_amount":"","sales_update_date":"2026-02-12T14:56:17","calc_backorders":null,"acf":[],"_links":{"self":[{"href":"https:\/\/vbd.dev.sumena.ee\/lv\/wp-json\/wp\/v2\/product\/361462","targetHints":{"allow":["GET"]}}],"collection":[{"href":"https:\/\/vbd.dev.sumena.ee\/lv\/wp-json\/wp\/v2\/product"}],"about":[{"href":"https:\/\/vbd.dev.sumena.ee\/lv\/wp-json\/wp\/v2\/types\/product"}],"replies":[{"embeddable":true,"href":"https:\/\/vbd.dev.sumena.ee\/lv\/wp-json\/wp\/v2\/comments?post=361462"}],"wp:featuredmedia":[{"embeddable":true,"href":"https:\/\/vbd.dev.sumena.ee\/lv\/wp-json\/wp\/v2\/media\/361466"}],"wp:attachment":[{"href":"https:\/\/vbd.dev.sumena.ee\/lv\/wp-json\/wp\/v2\/media?parent=361462"}],"wp:term":[{"taxonomy":"product_brand","embeddable":true,"href":"https:\/\/vbd.dev.sumena.ee\/lv\/wp-json\/wp\/v2\/product_brand?post=361462"},{"taxonomy":"product_cat","embeddable":true,"href":"https:\/\/vbd.dev.sumena.ee\/lv\/wp-json\/wp\/v2\/product_cat?post=361462"},{"taxonomy":"product_tag","embeddable":true,"href":"https:\/\/vbd.dev.sumena.ee\/lv\/wp-json\/wp\/v2\/product_tag?post=361462"}],"curies":[{"name":"wp","href":"https:\/\/api.w.org\/{rel}","templated":true}]}}