{"id":361457,"date":"2026-02-02T21:24:53","date_gmt":"2026-02-02T18:24:53","guid":{"rendered":"https:\/\/vbd.dev.sumena.ee\/?post_type=product&#038;p=361457"},"modified":"2026-02-12T16:37:23","modified_gmt":"2026-02-12T13:37:23","slug":"majonees-hellmanns-babuni-405ml","status":"publish","type":"product","link":"https:\/\/vbd.dev.sumena.ee\/lv\/products-2\/majonees-hellmanns-babuni-405ml\/","title":{"rendered":"Majon\u0113ze Hellmann\u2019s \u201cBabuni\u201d, 405 ml"},"content":{"rendered":"<p data-start=\"93\" data-end=\"460\"><strong data-start=\"93\" data-end=\"198\">Izbaudi Hellmann\u2019s vecm\u0101mi\u0146as stil\u0101 gatavot\u0101s majon\u0113zes bag\u0101t\u012bgo, m\u0101j\u0101s gatavoto gar\u0161u.<\/strong><br data-start=\"198\" data-end=\"201\" \/>\u0160\u012b tradicion\u0101l\u0101 po\u013cu stila majon\u0113ze ir paz\u012bstama ar savu izcili kr\u0113m\u012bgo tekst\u016bru un maigo, vienm\u0113r\u012bgo gar\u0161u. Iedvesmota no vecm\u0101mi\u0146as receptes (\u201cbabuni\u201d po\u013cu valod\u0101 noz\u012bm\u0113\u2026 <em data-start=\"389\" data-end=\"398\">vecm\u0101mi\u0146a<\/em>), t\u0101 \u0161\u012b majon\u0113ze katr\u0101 karot\u0113 sniedz pat\u012bkamu nostal\u0123ijas saj\u016btu.<\/p>\n<p data-start=\"462\" data-end=\"611\">Ide\u0101li piem\u0113rota sviestmaiz\u0113m, sal\u0101tiem, pild\u012bt\u0101m ol\u0101m un daudziem citiem \u0113dieniem \u2013 pied\u0101v\u0101 Hellmann\u2019s rakstur\u012bgo bag\u0101t\u012bgo gar\u0161u ar m\u0101j\u012bgu niansi.<\/p>\n<ul data-start=\"613\" data-end=\"828\">\n<li data-start=\"613\" data-end=\"665\">\n<p data-start=\"615\" data-end=\"665\">Tradicion\u0101la po\u013cu stila kr\u0113m\u012bga majon\u0113ze<\/p>\n<\/li>\n<li data-start=\"666\" data-end=\"703\">\n<p data-start=\"668\" data-end=\"703\">Izcili gluda un bieza tekst\u016bra<\/p>\n<\/li>\n<li data-start=\"704\" data-end=\"763\">\n<p data-start=\"706\" data-end=\"763\">Lieliska sviestmaiz\u0113m, m\u0113rc\u0113m un dipiem<\/p>\n<\/li>\n<li data-start=\"764\" data-end=\"810\">\n<p data-start=\"766\" data-end=\"810\">Gatavots no kvalitat\u012bv\u0101m sast\u0101vda\u013c\u0101m<\/p>\n<\/li>\n<li data-start=\"811\" data-end=\"828\">\n<p data-start=\"813\" data-end=\"828\"><strong data-start=\"813\" data-end=\"828\">500 ml tilpums<\/strong><\/p>\n<\/li>\n<\/ul>\n<p data-start=\"830\" data-end=\"883\"><strong data-start=\"830\" data-end=\"883\">Trad\u012bciju sniedzamais mierino\u0161ais gar\u0161as baud\u012bjums \u2013 m\u016bsdien\u012bg\u0101 izpild\u012bjum\u0101.<\/strong><\/p>","protected":false},"excerpt":{"rendered":"<p>Koge Hellmann\u2019s Grandma Style majoneesi rikkalikku kodust maitset \u2013 Babuni Majonez Wyj\u0105tkowo Kremowy.See traditsiooniline Poola stiilis majonees on tuntud oma erakordselt kreemja tekstuuri ja maheda, \u00fchtlase maitse poolest. Inspireeritud vanaema retseptist (\u201ebabuni\u201c t\u00e4hendab poola keeles vanaema), toob see majonees igasse lusikat\u00e4ide m\u00f5nusa nostalgiatunde. Ideaalne v\u00f5ileibadele, salatitesse, t\u00e4idetud munadele ja paljudele teistele roogadele \u2013 pakub Hellmann\u2019sile [&hellip;]<\/p>","protected":false},"featured_media":361459,"comment_status":"open","ping_status":"closed","template":"","meta":{"_acf_changed":false},"product_brand":[],"product_cat":[87,83],"product_tag":[],"class_list":{"0":"post-361457","1":"product","2":"type-product","3":"status-publish","4":"has-post-thumbnail","6":"product_cat-meie-lemmikud","7":"product_cat-kastmed-olid","9":"first","10":"instock","11":"sale","12":"taxable","13":"shipping-taxable","14":"purchasable","15":"product-type-simple"},"supplier_id":null,"supplier_sku":"","barcode":null,"atum_controlled":true,"out_stock_date":null,"out_stock_threshold":null,"inheritable":false,"inbound_stock":0,"stock_on_hold":20,"sold_today":19,"sales_last_days":160,"reserved_stock":0,"customer_returns":0,"warehouse_damage":0,"lost_in_post":0,"other_logs":0,"out_stock_days":0,"lost_sales":0,"has_location":false,"update_date":"2026-02-12T13:39:59","atum_locations":[],"atum_stock_status":"instock","restock_status":false,"low_stock_amount":"","sales_update_date":"2026-02-12T13:39:49","calc_backorders":null,"acf":[],"_links":{"self":[{"href":"https:\/\/vbd.dev.sumena.ee\/lv\/wp-json\/wp\/v2\/product\/361457","targetHints":{"allow":["GET"]}}],"collection":[{"href":"https:\/\/vbd.dev.sumena.ee\/lv\/wp-json\/wp\/v2\/product"}],"about":[{"href":"https:\/\/vbd.dev.sumena.ee\/lv\/wp-json\/wp\/v2\/types\/product"}],"replies":[{"embeddable":true,"href":"https:\/\/vbd.dev.sumena.ee\/lv\/wp-json\/wp\/v2\/comments?post=361457"}],"wp:featuredmedia":[{"embeddable":true,"href":"https:\/\/vbd.dev.sumena.ee\/lv\/wp-json\/wp\/v2\/media\/361459"}],"wp:attachment":[{"href":"https:\/\/vbd.dev.sumena.ee\/lv\/wp-json\/wp\/v2\/media?parent=361457"}],"wp:term":[{"taxonomy":"product_brand","embeddable":true,"href":"https:\/\/vbd.dev.sumena.ee\/lv\/wp-json\/wp\/v2\/product_brand?post=361457"},{"taxonomy":"product_cat","embeddable":true,"href":"https:\/\/vbd.dev.sumena.ee\/lv\/wp-json\/wp\/v2\/product_cat?post=361457"},{"taxonomy":"product_tag","embeddable":true,"href":"https:\/\/vbd.dev.sumena.ee\/lv\/wp-json\/wp\/v2\/product_tag?post=361457"}],"curies":[{"name":"wp","href":"https:\/\/api.w.org\/{rel}","templated":true}]}}